{"id":11772,"date":"2024-11-05T13:21:56","date_gmt":"2024-11-05T10:21:56","guid":{"rendered":"https:\/\/ceoparts.com\/?post_type=product&#038;p=11772"},"modified":"2026-05-16T16:15:26","modified_gmt":"2026-05-16T13:15:26","slug":"still-kare-ekran-729546","status":"publish","type":"product","link":"https:\/\/ceoparts.com\/es\/urun\/still-kare-ekran-729546\/","title":{"rendered":"Pantalla fija &#8211; 729546"},"content":{"rendered":"<p>Pantalla fija &#8211; 729546<\/p>","protected":false},"excerpt":{"rendered":"<p data-start=\"0\" data-end=\"376\"><br data-start=\"4068\" data-end=\"4071\" \/>Pantalla cuadrada Still es una unidad de pantalla cuadrada, duradera y original utilizada en montacargas y m\u00e1quinas industriales. Muestra al operador en tiempo real la velocidad, nivel de bater\u00eda, alertas de error y par\u00e1metros operativos. Cuenta con una estructura robusta y pantalla de alta resoluci\u00f3n para una visualizaci\u00f3n clara en entornos exigentes. Probada y completamente funcional.<\/p>\n<p data-start=\"4462\" data-end=\"4749\" data-is-last-node=\"\" data-is-only-node=\"\"><strong data-start=\"4462\" data-end=\"4482\">Caracter\u00edsticas:<\/strong><br data-start=\"4482\" data-end=\"4485\" \/><strong data-start=\"4485\" data-end=\"4509\">Nombre del producto:<\/strong> Pantalla cuadrada Still<br data-start=\"4533\" data-end=\"4536\" \/><strong data-start=\"4536\" data-end=\"4556\">C\u00f3digo de pieza:<\/strong> 729546<br data-start=\"4563\" data-end=\"4566\" \/><strong data-start=\"4566\" data-end=\"4579\">Material:<\/strong> Componentes electr\u00f3nicos<br data-start=\"4604\" data-end=\"4607\" \/><strong data-start=\"4607\" data-end=\"4630\">\u00c1rea de aplicaci\u00f3n:<\/strong> Unidad de pantalla para montacargas y m\u00e1quinas industriales<br data-start=\"4690\" data-end=\"4693\" \/><strong data-start=\"4693\" data-end=\"4705\">Ventaja:<\/strong> Duradera, alta resoluci\u00f3n, producto probado<\/p>\n","protected":false},"featured_media":11777,"template":"","meta":[],"product_brand":[],"product_cat":[241,431,524],"product_tag":[],"class_list":{"0":"post-11772","1":"product","2":"type-product","3":"status-publish","4":"has-post-thumbnail","6":"product_cat-still","7":"product_cat-ekranlar-ve-kartlar","8":"product_cat-yedek-parca-still","10":"first","11":"instock","12":"taxable","13":"shipping-taxable","14":"purchasable","15":"product-type-simple"},"_links":{"self":[{"href":"https:\/\/ceoparts.com\/es\/wp-json\/wp\/v2\/product\/11772","targetHints":{"allow":["GET"]}}],"collection":[{"href":"https:\/\/ceoparts.com\/es\/wp-json\/wp\/v2\/product"}],"about":[{"href":"https:\/\/ceoparts.com\/es\/wp-json\/wp\/v2\/types\/product"}],"wp:featuredmedia":[{"embeddable":true,"href":"https:\/\/ceoparts.com\/es\/wp-json\/wp\/v2\/media\/11777"}],"wp:attachment":[{"href":"https:\/\/ceoparts.com\/es\/wp-json\/wp\/v2\/media?parent=11772"}],"wp:term":[{"taxonomy":"product_brand","embeddable":true,"href":"https:\/\/ceoparts.com\/es\/wp-json\/wp\/v2\/product_brand?post=11772"},{"taxonomy":"product_cat","embeddable":true,"href":"https:\/\/ceoparts.com\/es\/wp-json\/wp\/v2\/product_cat?post=11772"},{"taxonomy":"product_tag","embeddable":true,"href":"https:\/\/ceoparts.com\/es\/wp-json\/wp\/v2\/product_tag?post=11772"}],"curies":[{"name":"wp","href":"https:\/\/api.w.org\/{rel}","templated":true}]}}