{"id":11787,"date":"2024-11-05T14:02:09","date_gmt":"2024-11-05T11:02:09","guid":{"rendered":"https:\/\/ceoparts.com\/?post_type=product&#038;p=11787"},"modified":"2026-05-16T16:18:10","modified_gmt":"2026-05-16T13:18:10","slug":"still-fm17-ekran-426367","status":"publish","type":"product","link":"https:\/\/ceoparts.com\/es\/urun\/still-fm17-ekran-426367\/","title":{"rendered":"Pantalla FM17 fija &#8211; 426367"},"content":{"rendered":"<p>Pantalla FM17 fija &#8211; 426367<\/p>","protected":false},"excerpt":{"rendered":"<article class=\"text-token-text-primary w-full\" dir=\"auto\" data-testid=\"conversation-turn-281\" data-scroll-anchor=\"true\">\n<div class=\"text-base my-auto mx-auto py-5 [--thread-content-margin:--spacing(4)] @[37rem]:[--thread-content-margin:--spacing(6)] @[72rem]:[--thread-content-margin:--spacing(16)] px-(--thread-content-margin)\">\n<div class=\"[--thread-content-max-width:32rem] @[34rem]:[--thread-content-max-width:40rem] @[64rem]:[--thread-content-max-width:48rem] mx-auto flex max-w-(--thread-content-max-width) flex-1 text-base gap-4 md:gap-5 lg:gap-6 group\/turn-messages focus-visible:outline-hidden\" tabindex=\"-1\">\n<div class=\"group\/conversation-turn relative flex w-full min-w-0 flex-col agent-turn\">\n<div class=\"relative flex-col gap-1 md:gap-3\">\n<div class=\"flex max-w-full flex-col grow\">\n<div class=\"min-h-8 text-message relative flex w-full flex-col items-end gap-2 text-start break-words whitespace-normal [.text-message+&amp;]:mt-5\" dir=\"auto\" data-message-author-role=\"assistant\" data-message-id=\"123279ca-7327-4b58-9358-bfcfe246a54e\" data-message-model-slug=\"gpt-4-1-mini\">\n<div class=\"flex w-full flex-col gap-1 empty:hidden first:pt-[3px]\">\n<div class=\"markdown prose dark:prose-invert w-full break-words light\">\n<p data-start=\"0\" data-end=\"239\"><br data-start=\"3261\" data-end=\"3264\" \/>La Pantalla Still FM17 es un panel de visualizaci\u00f3n original dise\u00f1ado para modelos de carretillas elevadoras Still. Muestra informaci\u00f3n operativa y ayuda al operador a usar la m\u00e1quina de forma f\u00e1cil y eficiente. Fabricada con materiales duraderos y de alta calidad.<\/p>\n<p data-start=\"3531\" data-end=\"3824\" data-is-last-node=\"\" data-is-only-node=\"\"><strong data-start=\"3531\" data-end=\"3551\">Caracter\u00edsticas:<\/strong><br data-start=\"3551\" data-end=\"3554\" \/><strong data-start=\"3554\" data-end=\"3578\">Nombre del producto:<\/strong> Pantalla Still FM17<br data-start=\"3598\" data-end=\"3601\" \/><strong data-start=\"3601\" data-end=\"3621\">C\u00f3digo de pieza:<\/strong> 426367<br data-start=\"3628\" data-end=\"3631\" \/><strong data-start=\"3631\" data-end=\"3644\">Material:<\/strong> Pl\u00e1stico duradero y componentes electr\u00f3nicos<br data-start=\"3689\" data-end=\"3692\" \/><strong data-start=\"3692\" data-end=\"3715\">\u00c1rea de aplicaci\u00f3n:<\/strong> Panel de visualizaci\u00f3n para carretillas Still<br data-start=\"3761\" data-end=\"3764\" \/><strong data-start=\"3764\" data-end=\"3776\">Ventaja:<\/strong> F\u00e1cil uso, visualizaci\u00f3n clara, larga vida \u00fatil<\/p>\n<\/div>\n<\/div>\n<\/div>\n<\/div>\n<div class=\"flex min-h-[46px] justify-start\">\n<div class=\"touch:-me-2 touch:-ms-3.5 -ms-2.5 -me-1 flex flex-wrap items-center gap-y-4 p-1 select-none touch:w-[calc(100%+--spacing(3.5))] -mt-1 w-[calc(100%+--spacing(2.5))] duration-[1.5s] focus-within:transition-none hover:transition-none pointer-events-none [mask-image:linear-gradient(to_right,black_33%,transparent_66%)] [mask-size:300%_100%] [mask-position:100%_0%] motion-safe:transition-[mask-position] group-hover\/turn-messages:pointer-events-auto group-hover\/turn-messages:[mask-position:0_0] group-focus-within\/turn-messages:pointer-events-auto group-focus-within\/turn-messages:[mask-position:0_0] has-data-[state=open]:pointer-events-auto has-data-[state=open]:[mask-position:0_0]\">\n<div class=\"flex items-center\"><\/div>\n<\/div>\n<\/div>\n<\/div>\n<\/div>\n<\/div>\n<\/div>\n<\/article>\n","protected":false},"featured_media":11791,"template":"","meta":[],"product_brand":[],"product_cat":[524,241,431],"product_tag":[],"class_list":{"0":"post-11787","1":"product","2":"type-product","3":"status-publish","4":"has-post-thumbnail","6":"product_cat-yedek-parca-still","7":"product_cat-still","8":"product_cat-ekranlar-ve-kartlar","10":"first","11":"instock","12":"taxable","13":"shipping-taxable","14":"purchasable","15":"product-type-simple"},"_links":{"self":[{"href":"https:\/\/ceoparts.com\/es\/wp-json\/wp\/v2\/product\/11787","targetHints":{"allow":["GET"]}}],"collection":[{"href":"https:\/\/ceoparts.com\/es\/wp-json\/wp\/v2\/product"}],"about":[{"href":"https:\/\/ceoparts.com\/es\/wp-json\/wp\/v2\/types\/product"}],"wp:featuredmedia":[{"embeddable":true,"href":"https:\/\/ceoparts.com\/es\/wp-json\/wp\/v2\/media\/11791"}],"wp:attachment":[{"href":"https:\/\/ceoparts.com\/es\/wp-json\/wp\/v2\/media?parent=11787"}],"wp:term":[{"taxonomy":"product_brand","embeddable":true,"href":"https:\/\/ceoparts.com\/es\/wp-json\/wp\/v2\/product_brand?post=11787"},{"taxonomy":"product_cat","embeddable":true,"href":"https:\/\/ceoparts.com\/es\/wp-json\/wp\/v2\/product_cat?post=11787"},{"taxonomy":"product_tag","embeddable":true,"href":"https:\/\/ceoparts.com\/es\/wp-json\/wp\/v2\/product_tag?post=11787"}],"curies":[{"name":"wp","href":"https:\/\/api.w.org\/{rel}","templated":true}]}}