{"id":11796,"date":"2024-11-05T14:12:49","date_gmt":"2024-11-05T11:12:49","guid":{"rendered":"https:\/\/ceoparts.com\/?post_type=product&#038;p=11796"},"modified":"2026-05-16T17:41:19","modified_gmt":"2026-05-16T14:41:19","slug":"mafi-irion-elektronik-kontrol-ekrani","status":"publish","type":"product","link":"https:\/\/ceoparts.com\/es\/urun\/mafi-irion-elektronik-kontrol-ekrani\/","title":{"rendered":"Pantalla de control electr\u00f3nico MAFI-IRION"},"content":{"rendered":"<p>Pantalla de control electr\u00f3nico MAFI-IRION<\/p>","protected":false},"excerpt":{"rendered":"<p data-start=\"0\" data-end=\"275\"><br data-start=\"3708\" data-end=\"3711\" \/>Pantalla de control electr\u00f3nico MAFI-IRION es una pantalla de control electr\u00f3nico duradera y original utilizada en montacargas y m\u00e1quinas industriales. Muestra visualmente al operador el estado operativo, rendimiento y otros par\u00e1metros importantes de la m\u00e1quina. Probada y completamente funcional.<\/p>\n<p data-start=\"4010\" data-end=\"4332\" data-is-last-node=\"\" data-is-only-node=\"\"><strong data-start=\"4010\" data-end=\"4030\">Caracter\u00edsticas:<\/strong><br data-start=\"4030\" data-end=\"4033\" \/><strong data-start=\"4033\" data-end=\"4057\">Nombre del producto:<\/strong> Pantalla de control electr\u00f3nico MAFI-IRION<br data-start=\"4100\" data-end=\"4103\" \/><strong data-start=\"4103\" data-end=\"4123\">C\u00f3digo de pieza:<\/strong> No especificado<br data-start=\"4139\" data-end=\"4142\" \/><strong data-start=\"4142\" data-end=\"4155\">Material:<\/strong> Componentes electr\u00f3nicos<br data-start=\"4180\" data-end=\"4183\" \/><strong data-start=\"4183\" data-end=\"4206\">\u00c1rea de aplicaci\u00f3n:<\/strong> Pantalla de control electr\u00f3nico para montacargas y m\u00e1quinas industriales<br data-start=\"4279\" data-end=\"4282\" \/><strong data-start=\"4282\" data-end=\"4294\">Ventaja:<\/strong> Duradera, confiable, producto probado<\/p>\n","protected":false},"featured_media":11839,"template":"","meta":[],"product_brand":[],"product_cat":[431],"product_tag":[],"class_list":{"0":"post-11796","1":"product","2":"type-product","3":"status-publish","4":"has-post-thumbnail","6":"product_cat-ekranlar-ve-kartlar","8":"first","9":"instock","10":"taxable","11":"shipping-taxable","12":"purchasable","13":"product-type-simple"},"_links":{"self":[{"href":"https:\/\/ceoparts.com\/es\/wp-json\/wp\/v2\/product\/11796","targetHints":{"allow":["GET"]}}],"collection":[{"href":"https:\/\/ceoparts.com\/es\/wp-json\/wp\/v2\/product"}],"about":[{"href":"https:\/\/ceoparts.com\/es\/wp-json\/wp\/v2\/types\/product"}],"wp:featuredmedia":[{"embeddable":true,"href":"https:\/\/ceoparts.com\/es\/wp-json\/wp\/v2\/media\/11839"}],"wp:attachment":[{"href":"https:\/\/ceoparts.com\/es\/wp-json\/wp\/v2\/media?parent=11796"}],"wp:term":[{"taxonomy":"product_brand","embeddable":true,"href":"https:\/\/ceoparts.com\/es\/wp-json\/wp\/v2\/product_brand?post=11796"},{"taxonomy":"product_cat","embeddable":true,"href":"https:\/\/ceoparts.com\/es\/wp-json\/wp\/v2\/product_cat?post=11796"},{"taxonomy":"product_tag","embeddable":true,"href":"https:\/\/ceoparts.com\/es\/wp-json\/wp\/v2\/product_tag?post=11796"}],"curies":[{"name":"wp","href":"https:\/\/api.w.org\/{rel}","templated":true}]}}