{"id":11802,"date":"2024-11-05T14:25:50","date_gmt":"2024-11-05T11:25:50","guid":{"rendered":"https:\/\/ceoparts.com\/?post_type=product&#038;p=11802"},"modified":"2026-05-16T16:29:04","modified_gmt":"2026-05-16T13:29:04","slug":"esa-ekran-e189179","status":"publish","type":"product","link":"https:\/\/ceoparts.com\/es\/urun\/esa-ekran-e189179\/","title":{"rendered":"ESA Pantalla &#8211; E189179"},"content":{"rendered":"<p>ESA Pantalla &#8211; E189179<\/p>\n<p>ESA Pantalla &#8211; E189179<\/p>","protected":false},"excerpt":{"rendered":"<p data-start=\"0\" data-end=\"213\"><br data-start=\"2941\" data-end=\"2944\" \/>Pantalla ESA es una unidad de pantalla duradera y original utilizada en montacargas y m\u00e1quinas industriales. Muestra visualmente el estado operativo y los par\u00e1metros de la m\u00e1quina al operador. Probada y completamente funcional.<\/p>\n<p data-start=\"3173\" data-end=\"3444\" data-is-last-node=\"\" data-is-only-node=\"\"><strong data-start=\"3173\" data-end=\"3193\">Caracter\u00edsticas:<\/strong><br data-start=\"3193\" data-end=\"3196\" \/><strong data-start=\"3196\" data-end=\"3220\">Nombre del producto:<\/strong> Pantalla ESA<br data-start=\"3233\" data-end=\"3236\" \/><strong data-start=\"3236\" data-end=\"3256\">C\u00f3digo de pieza:<\/strong> E189179<br data-start=\"3264\" data-end=\"3267\" \/><strong data-start=\"3267\" data-end=\"3280\">Material:<\/strong> Componentes electr\u00f3nicos<br data-start=\"3305\" data-end=\"3308\" \/><strong data-start=\"3308\" data-end=\"3331\">\u00c1rea de aplicaci\u00f3n:<\/strong> Unidad de pantalla para montacargas y m\u00e1quinas industriales<br data-start=\"3391\" data-end=\"3394\" \/><strong data-start=\"3394\" data-end=\"3406\">Ventaja:<\/strong> Duradera, confiable, producto probado<\/p>\n","protected":false},"featured_media":11804,"template":"","meta":[],"product_brand":[],"product_cat":[431],"product_tag":[],"class_list":{"0":"post-11802","1":"product","2":"type-product","3":"status-publish","4":"has-post-thumbnail","6":"product_cat-ekranlar-ve-kartlar","8":"first","9":"instock","10":"taxable","11":"shipping-taxable","12":"purchasable","13":"product-type-simple"},"_links":{"self":[{"href":"https:\/\/ceoparts.com\/es\/wp-json\/wp\/v2\/product\/11802","targetHints":{"allow":["GET"]}}],"collection":[{"href":"https:\/\/ceoparts.com\/es\/wp-json\/wp\/v2\/product"}],"about":[{"href":"https:\/\/ceoparts.com\/es\/wp-json\/wp\/v2\/types\/product"}],"wp:featuredmedia":[{"embeddable":true,"href":"https:\/\/ceoparts.com\/es\/wp-json\/wp\/v2\/media\/11804"}],"wp:attachment":[{"href":"https:\/\/ceoparts.com\/es\/wp-json\/wp\/v2\/media?parent=11802"}],"wp:term":[{"taxonomy":"product_brand","embeddable":true,"href":"https:\/\/ceoparts.com\/es\/wp-json\/wp\/v2\/product_brand?post=11802"},{"taxonomy":"product_cat","embeddable":true,"href":"https:\/\/ceoparts.com\/es\/wp-json\/wp\/v2\/product_cat?post=11802"},{"taxonomy":"product_tag","embeddable":true,"href":"https:\/\/ceoparts.com\/es\/wp-json\/wp\/v2\/product_tag?post=11802"}],"curies":[{"name":"wp","href":"https:\/\/api.w.org\/{rel}","templated":true}]}}