{"id":11814,"date":"2024-11-05T14:44:43","date_gmt":"2024-11-05T11:44:43","guid":{"rendered":"https:\/\/ceoparts.com\/?post_type=product&#038;p=11814"},"modified":"2026-05-16T17:29:09","modified_gmt":"2026-05-16T14:29:09","slug":"still-r6030-gosterge-paneli-618473","status":"publish","type":"product","link":"https:\/\/ceoparts.com\/es\/urun\/still-r6030-gosterge-paneli-618473\/","title":{"rendered":"Still R6030 Panel de instrumentos &#8211; 618473"},"content":{"rendered":"<p>Still R6030 Panel de instrumentos &#8211; 618473<\/p>","protected":false},"excerpt":{"rendered":"<p data-start=\"0\" data-end=\"238\"><br data-start=\"3277\" data-end=\"3280\" \/>Panel indicador Still R6030 es un panel indicador duradero y original utilizado en montacargas y m\u00e1quinas industriales. Muestra al operador el estado operativo de la m\u00e1quina, la velocidad y otros par\u00e1metros importantes. Probado y completamente funcional.<\/p>\n<p data-start=\"3536\" data-end=\"3818\" data-is-last-node=\"\" data-is-only-node=\"\"><strong data-start=\"3536\" data-end=\"3556\">Caracter\u00edsticas:<\/strong><br data-start=\"3556\" data-end=\"3559\" \/><strong data-start=\"3559\" data-end=\"3583\">Nombre del producto:<\/strong> Panel indicador Still R6030<br data-start=\"3611\" data-end=\"3614\" \/><strong data-start=\"3614\" data-end=\"3634\">C\u00f3digo de pieza:<\/strong> 618473<br data-start=\"3641\" data-end=\"3644\" \/><strong data-start=\"3644\" data-end=\"3657\">Material:<\/strong> Componentes electr\u00f3nicos<br data-start=\"3682\" data-end=\"3685\" \/><strong data-start=\"3685\" data-end=\"3708\">\u00c1rea de aplicaci\u00f3n:<\/strong> Panel indicador para montacargas y m\u00e1quinas industriales<br data-start=\"3765\" data-end=\"3768\" \/><strong data-start=\"3768\" data-end=\"3780\">Ventaja:<\/strong> Duradero, confiable, producto probado<\/p>\n","protected":false},"featured_media":11815,"template":"","meta":[],"product_brand":[],"product_cat":[241,431,524],"product_tag":[],"class_list":{"0":"post-11814","1":"product","2":"type-product","3":"status-publish","4":"has-post-thumbnail","6":"product_cat-still","7":"product_cat-ekranlar-ve-kartlar","8":"product_cat-yedek-parca-still","10":"first","11":"instock","12":"taxable","13":"shipping-taxable","14":"purchasable","15":"product-type-simple"},"_links":{"self":[{"href":"https:\/\/ceoparts.com\/es\/wp-json\/wp\/v2\/product\/11814","targetHints":{"allow":["GET"]}}],"collection":[{"href":"https:\/\/ceoparts.com\/es\/wp-json\/wp\/v2\/product"}],"about":[{"href":"https:\/\/ceoparts.com\/es\/wp-json\/wp\/v2\/types\/product"}],"wp:featuredmedia":[{"embeddable":true,"href":"https:\/\/ceoparts.com\/es\/wp-json\/wp\/v2\/media\/11815"}],"wp:attachment":[{"href":"https:\/\/ceoparts.com\/es\/wp-json\/wp\/v2\/media?parent=11814"}],"wp:term":[{"taxonomy":"product_brand","embeddable":true,"href":"https:\/\/ceoparts.com\/es\/wp-json\/wp\/v2\/product_brand?post=11814"},{"taxonomy":"product_cat","embeddable":true,"href":"https:\/\/ceoparts.com\/es\/wp-json\/wp\/v2\/product_cat?post=11814"},{"taxonomy":"product_tag","embeddable":true,"href":"https:\/\/ceoparts.com\/es\/wp-json\/wp\/v2\/product_tag?post=11814"}],"curies":[{"name":"wp","href":"https:\/\/api.w.org\/{rel}","templated":true}]}}