{"id":11821,"date":"2024-11-05T14:49:31","date_gmt":"2024-11-05T11:49:31","guid":{"rendered":"https:\/\/ceoparts.com\/?post_type=product&#038;p=11821"},"modified":"2026-05-16T17:13:04","modified_gmt":"2026-05-16T14:13:04","slug":"still-5015-ekran-723839","status":"publish","type":"product","link":"https:\/\/ceoparts.com\/es\/urun\/still-5015-ekran-723839\/","title":{"rendered":"Still 5015 Pantalla &#8211; 723839"},"content":{"rendered":"<p>Still 5015 Pantalla &#8211; 723839<\/p>","protected":false},"excerpt":{"rendered":"<p data-start=\"0\" data-end=\"220\"><br data-start=\"3019\" data-end=\"3022\" \/>Pantalla Still 5015 es una unidad de pantalla duradera y original utilizada en montacargas y m\u00e1quinas industriales. Muestra visualmente el estado operativo y los par\u00e1metros de la m\u00e1quina al operador. Probada y completamente funcional.<\/p>\n<p data-start=\"3258\" data-end=\"3535\" data-is-last-node=\"\" data-is-only-node=\"\"><strong data-start=\"3258\" data-end=\"3278\">Caracter\u00edsticas:<\/strong><br data-start=\"3278\" data-end=\"3281\" \/><strong data-start=\"3281\" data-end=\"3305\">Nombre del producto:<\/strong> Pantalla Still 5015<br data-start=\"3325\" data-end=\"3328\" \/><strong data-start=\"3328\" data-end=\"3348\">C\u00f3digo de pieza:<\/strong> 723839<br data-start=\"3355\" data-end=\"3358\" \/><strong data-start=\"3358\" data-end=\"3371\">Material:<\/strong> Componentes electr\u00f3nicos<br data-start=\"3396\" data-end=\"3399\" \/><strong data-start=\"3399\" data-end=\"3422\">\u00c1rea de aplicaci\u00f3n:<\/strong> Unidad de pantalla para montacargas y m\u00e1quinas industriales<br data-start=\"3482\" data-end=\"3485\" \/><strong data-start=\"3485\" data-end=\"3497\">Ventaja:<\/strong> Duradera, confiable, producto probado<\/p>\n","protected":false},"featured_media":11823,"template":"","meta":[],"product_brand":[],"product_cat":[241,431,524],"product_tag":[],"class_list":{"0":"post-11821","1":"product","2":"type-product","3":"status-publish","4":"has-post-thumbnail","6":"product_cat-still","7":"product_cat-ekranlar-ve-kartlar","8":"product_cat-yedek-parca-still","10":"first","11":"instock","12":"taxable","13":"shipping-taxable","14":"purchasable","15":"product-type-simple"},"_links":{"self":[{"href":"https:\/\/ceoparts.com\/es\/wp-json\/wp\/v2\/product\/11821","targetHints":{"allow":["GET"]}}],"collection":[{"href":"https:\/\/ceoparts.com\/es\/wp-json\/wp\/v2\/product"}],"about":[{"href":"https:\/\/ceoparts.com\/es\/wp-json\/wp\/v2\/types\/product"}],"wp:featuredmedia":[{"embeddable":true,"href":"https:\/\/ceoparts.com\/es\/wp-json\/wp\/v2\/media\/11823"}],"wp:attachment":[{"href":"https:\/\/ceoparts.com\/es\/wp-json\/wp\/v2\/media?parent=11821"}],"wp:term":[{"taxonomy":"product_brand","embeddable":true,"href":"https:\/\/ceoparts.com\/es\/wp-json\/wp\/v2\/product_brand?post=11821"},{"taxonomy":"product_cat","embeddable":true,"href":"https:\/\/ceoparts.com\/es\/wp-json\/wp\/v2\/product_cat?post=11821"},{"taxonomy":"product_tag","embeddable":true,"href":"https:\/\/ceoparts.com\/es\/wp-json\/wp\/v2\/product_tag?post=11821"}],"curies":[{"name":"wp","href":"https:\/\/api.w.org\/{rel}","templated":true}]}}