{"id":11826,"date":"2024-11-05T14:53:19","date_gmt":"2024-11-05T11:53:19","guid":{"rendered":"https:\/\/ceoparts.com\/?post_type=product&#038;p=11826"},"modified":"2026-05-16T17:35:07","modified_gmt":"2026-05-16T14:35:07","slug":"still-abe2-forklift-gosterge-kontrol-paneli-ikinci-el-57310052646","status":"publish","type":"product","link":"https:\/\/ceoparts.com\/es\/urun\/still-abe2-forklift-gosterge-kontrol-paneli-ikinci-el-57310052646\/","title":{"rendered":"Panel de control de visualizaci\u00f3n STILL Abe2 montacargas De segunda mano &#8211; 57310052646"},"content":{"rendered":"<p>Panel de control de visualizaci\u00f3n STILL Abe2 montacargas De segunda mano &#8211; 57310052646<\/p>","protected":false},"excerpt":{"rendered":"<p data-start=\"0\" data-end=\"275\"><br data-start=\"3795\" data-end=\"3798\" \/>Panel de control indicador STILL Abe2 de segunda mano es un panel de control indicador duradero y original utilizado en montacargas y m\u00e1quinas industriales. Proporciona al operador informaci\u00f3n sobre el funcionamiento de la m\u00e1quina, se\u00f1ales de advertencia y control. Probado y completamente funcional.<\/p>\n<p data-start=\"4100\" data-end=\"4430\" data-is-last-node=\"\" data-is-only-node=\"\"><strong data-start=\"4100\" data-end=\"4120\">Caracter\u00edsticas:<\/strong><br data-start=\"4120\" data-end=\"4123\" \/><strong data-start=\"4123\" data-end=\"4147\">Nombre del producto:<\/strong> Panel de control indicador STILL Abe2 de segunda mano<br data-start=\"4201\" data-end=\"4204\" \/><strong data-start=\"4204\" data-end=\"4224\">C\u00f3digo de pieza:<\/strong> 57310052646<br data-start=\"4236\" data-end=\"4239\" \/><strong data-start=\"4239\" data-end=\"4252\">Material:<\/strong> Componentes electr\u00f3nicos<br data-start=\"4277\" data-end=\"4280\" \/><strong data-start=\"4280\" data-end=\"4303\">\u00c1rea de aplicaci\u00f3n:<\/strong> Panel de control indicador para montacargas y m\u00e1quinas industriales<br data-start=\"4371\" data-end=\"4374\" \/><strong data-start=\"4374\" data-end=\"4386\">Ventaja:<\/strong> Duradero, confiable, producto usado probado<\/p>\n","protected":false},"featured_media":11605,"template":"","meta":[],"product_brand":[],"product_cat":[241,433,524],"product_tag":[],"class_list":{"0":"post-11826","1":"product","2":"type-product","3":"status-publish","4":"has-post-thumbnail","6":"product_cat-still","7":"product_cat-ikinci-el-urunler","8":"product_cat-yedek-parca-still","10":"first","11":"instock","12":"taxable","13":"shipping-taxable","14":"purchasable","15":"product-type-simple"},"_links":{"self":[{"href":"https:\/\/ceoparts.com\/es\/wp-json\/wp\/v2\/product\/11826","targetHints":{"allow":["GET"]}}],"collection":[{"href":"https:\/\/ceoparts.com\/es\/wp-json\/wp\/v2\/product"}],"about":[{"href":"https:\/\/ceoparts.com\/es\/wp-json\/wp\/v2\/types\/product"}],"wp:featuredmedia":[{"embeddable":true,"href":"https:\/\/ceoparts.com\/es\/wp-json\/wp\/v2\/media\/11605"}],"wp:attachment":[{"href":"https:\/\/ceoparts.com\/es\/wp-json\/wp\/v2\/media?parent=11826"}],"wp:term":[{"taxonomy":"product_brand","embeddable":true,"href":"https:\/\/ceoparts.com\/es\/wp-json\/wp\/v2\/product_brand?post=11826"},{"taxonomy":"product_cat","embeddable":true,"href":"https:\/\/ceoparts.com\/es\/wp-json\/wp\/v2\/product_cat?post=11826"},{"taxonomy":"product_tag","embeddable":true,"href":"https:\/\/ceoparts.com\/es\/wp-json\/wp\/v2\/product_tag?post=11826"}],"curies":[{"name":"wp","href":"https:\/\/api.w.org\/{rel}","templated":true}]}}