{"id":11827,"date":"2024-11-05T14:59:22","date_gmt":"2024-11-05T11:59:22","guid":{"rendered":"https:\/\/ceoparts.com\/?post_type=product&#038;p=11827"},"modified":"2026-05-16T21:59:23","modified_gmt":"2026-05-16T18:59:23","slug":"still-kare-ekran-ikinci-el-729546","status":"publish","type":"product","link":"https:\/\/ceoparts.com\/es\/urun\/still-kare-ekran-ikinci-el-729546\/","title":{"rendered":"Still Pantalla fija De segunda mano &#8211; 729546"},"content":{"rendered":"<p>Still Pantalla fija De segunda mano &#8211; 729546<\/p>","protected":false},"excerpt":{"rendered":"<p data-start=\"0\" data-end=\"240\"><br data-start=\"3327\" data-end=\"3330\" \/>Pantalla cuadrada Still de segunda mano es una unidad de pantalla cuadrada duradera y original utilizada en montacargas y m\u00e1quinas industriales. Muestra visualmente el estado operativo y los par\u00e1metros de la m\u00e1quina al operador. Probada y completamente funcional.<\/p>\n<p data-start=\"3595\" data-end=\"3907\" data-is-last-node=\"\" data-is-only-node=\"\"><strong data-start=\"3595\" data-end=\"3615\">Caracter\u00edsticas:<\/strong><br data-start=\"3615\" data-end=\"3618\" \/><strong data-start=\"3618\" data-end=\"3642\">Nombre del producto:<\/strong> Pantalla cuadrada Still de segunda mano<br data-start=\"3682\" data-end=\"3685\" \/><strong data-start=\"3685\" data-end=\"3705\">C\u00f3digo de pieza:<\/strong> 729546<br data-start=\"3712\" data-end=\"3715\" \/><strong data-start=\"3715\" data-end=\"3728\">Material:<\/strong> Componentes electr\u00f3nicos<br data-start=\"3753\" data-end=\"3756\" \/><strong data-start=\"3756\" data-end=\"3779\">\u00c1rea de aplicaci\u00f3n:<\/strong> Unidad de pantalla cuadrada para montacargas y m\u00e1quinas industriales<br data-start=\"3848\" data-end=\"3851\" \/><strong data-start=\"3851\" data-end=\"3863\">Ventaja:<\/strong> Duradera, confiable, producto usado probado<\/p>\n","protected":false},"featured_media":11777,"template":"","meta":[],"product_brand":[],"product_cat":[241,433,524],"product_tag":[],"class_list":{"0":"post-11827","1":"product","2":"type-product","3":"status-publish","4":"has-post-thumbnail","6":"product_cat-still","7":"product_cat-ikinci-el-urunler","8":"product_cat-yedek-parca-still","10":"first","11":"instock","12":"taxable","13":"shipping-taxable","14":"purchasable","15":"product-type-simple"},"_links":{"self":[{"href":"https:\/\/ceoparts.com\/es\/wp-json\/wp\/v2\/product\/11827","targetHints":{"allow":["GET"]}}],"collection":[{"href":"https:\/\/ceoparts.com\/es\/wp-json\/wp\/v2\/product"}],"about":[{"href":"https:\/\/ceoparts.com\/es\/wp-json\/wp\/v2\/types\/product"}],"wp:featuredmedia":[{"embeddable":true,"href":"https:\/\/ceoparts.com\/es\/wp-json\/wp\/v2\/media\/11777"}],"wp:attachment":[{"href":"https:\/\/ceoparts.com\/es\/wp-json\/wp\/v2\/media?parent=11827"}],"wp:term":[{"taxonomy":"product_brand","embeddable":true,"href":"https:\/\/ceoparts.com\/es\/wp-json\/wp\/v2\/product_brand?post=11827"},{"taxonomy":"product_cat","embeddable":true,"href":"https:\/\/ceoparts.com\/es\/wp-json\/wp\/v2\/product_cat?post=11827"},{"taxonomy":"product_tag","embeddable":true,"href":"https:\/\/ceoparts.com\/es\/wp-json\/wp\/v2\/product_tag?post=11827"}],"curies":[{"name":"wp","href":"https:\/\/api.w.org\/{rel}","templated":true}]}}