{"id":11828,"date":"2024-11-05T15:11:06","date_gmt":"2024-11-05T12:11:06","guid":{"rendered":"https:\/\/ceoparts.com\/?post_type=product&#038;p=11828"},"modified":"2026-05-16T17:34:12","modified_gmt":"2026-05-16T14:34:12","slug":"still-fmx-ekran-ikinci-el-0009460789","status":"publish","type":"product","link":"https:\/\/ceoparts.com\/es\/urun\/still-fmx-ekran-ikinci-el-0009460789\/","title":{"rendered":"Pantalla FMX fija De segunda mano &#8211; 0009460789"},"content":{"rendered":"<p>Pantalla FMX fija De segunda mano &#8211; 0009460789<\/p>\n<p>Pantalla FMX fija &#8211; 0009460789<\/p>","protected":false},"excerpt":{"rendered":"<p data-start=\"0\" data-end=\"234\"><br data-start=\"3205\" data-end=\"3208\" \/>Pantalla Still FMX de segunda mano es una unidad de pantalla duradera y original utilizada en montacargas y m\u00e1quinas industriales. Muestra visualmente el estado operativo y los par\u00e1metros de la m\u00e1quina al operador. Probada y completamente funcional.<\/p>\n<p data-start=\"3459\" data-end=\"3761\" data-is-last-node=\"\" data-is-only-node=\"\"><strong data-start=\"3459\" data-end=\"3479\">Caracter\u00edsticas:<\/strong><br data-start=\"3479\" data-end=\"3482\" \/><strong data-start=\"3482\" data-end=\"3506\">Nombre del producto:<\/strong> Pantalla Still FMX de segunda mano<br data-start=\"3541\" data-end=\"3544\" \/><strong data-start=\"3544\" data-end=\"3564\">C\u00f3digo de pieza:<\/strong> 0009460789<br data-start=\"3575\" data-end=\"3578\" \/><strong data-start=\"3578\" data-end=\"3591\">Material:<\/strong> Componentes electr\u00f3nicos<br data-start=\"3616\" data-end=\"3619\" \/><strong data-start=\"3619\" data-end=\"3642\">\u00c1rea de aplicaci\u00f3n:<\/strong> Unidad de pantalla para montacargas y m\u00e1quinas industriales<br data-start=\"3702\" data-end=\"3705\" \/><strong data-start=\"3705\" data-end=\"3717\">Ventaja:<\/strong> Duradera, confiable, producto usado probado<\/p>\n","protected":false},"featured_media":11782,"template":"","meta":[],"product_brand":[],"product_cat":[241,242,433],"product_tag":[],"class_list":{"0":"post-11828","1":"product","2":"type-product","3":"status-publish","4":"has-post-thumbnail","6":"product_cat-still","7":"product_cat-denge-tekeri-still","8":"product_cat-ikinci-el-urunler","10":"first","11":"instock","12":"taxable","13":"shipping-taxable","14":"purchasable","15":"product-type-simple"},"_links":{"self":[{"href":"https:\/\/ceoparts.com\/es\/wp-json\/wp\/v2\/product\/11828","targetHints":{"allow":["GET"]}}],"collection":[{"href":"https:\/\/ceoparts.com\/es\/wp-json\/wp\/v2\/product"}],"about":[{"href":"https:\/\/ceoparts.com\/es\/wp-json\/wp\/v2\/types\/product"}],"wp:featuredmedia":[{"embeddable":true,"href":"https:\/\/ceoparts.com\/es\/wp-json\/wp\/v2\/media\/11782"}],"wp:attachment":[{"href":"https:\/\/ceoparts.com\/es\/wp-json\/wp\/v2\/media?parent=11828"}],"wp:term":[{"taxonomy":"product_brand","embeddable":true,"href":"https:\/\/ceoparts.com\/es\/wp-json\/wp\/v2\/product_brand?post=11828"},{"taxonomy":"product_cat","embeddable":true,"href":"https:\/\/ceoparts.com\/es\/wp-json\/wp\/v2\/product_cat?post=11828"},{"taxonomy":"product_tag","embeddable":true,"href":"https:\/\/ceoparts.com\/es\/wp-json\/wp\/v2\/product_tag?post=11828"}],"curies":[{"name":"wp","href":"https:\/\/api.w.org\/{rel}","templated":true}]}}