{"id":11829,"date":"2024-11-05T15:14:37","date_gmt":"2024-11-05T12:14:37","guid":{"rendered":"https:\/\/ceoparts.com\/?post_type=product&#038;p=11829"},"modified":"2026-05-16T17:28:56","modified_gmt":"2026-05-16T14:28:56","slug":"linde-r06-ekran-ikinci-el-1263611501","status":"publish","type":"product","link":"https:\/\/ceoparts.com\/es\/urun\/linde-r06-ekran-ikinci-el-1263611501\/","title":{"rendered":"LINDE R06 Pantalla De segunda mano &#8211; 1263611501"},"content":{"rendered":"<p>LINDE R06 Pantalla De segunda mano &#8211; 1263611501<\/p>\n<p>LINDE R06 Pantalla De segunda mano &#8211; 1263611501<\/p>","protected":false},"excerpt":{"rendered":"<p data-start=\"0\" data-end=\"223\"><br data-start=\"3142\" data-end=\"3145\" \/>Pantalla Linde R06 de segunda mano es una unidad de pantalla duradera y original utilizada en montacargas y m\u00e1quinas industriales. Muestra el estado operativo y los par\u00e1metros de la m\u00e1quina al operador. Probada y completamente funcional.<\/p>\n<p data-start=\"3384\" data-end=\"3686\" data-is-last-node=\"\" data-is-only-node=\"\"><strong data-start=\"3384\" data-end=\"3404\">Caracter\u00edsticas:<\/strong><br data-start=\"3404\" data-end=\"3407\" \/><strong data-start=\"3407\" data-end=\"3431\">Nombre del producto:<\/strong> Pantalla Linde R06 de segunda mano<br data-start=\"3466\" data-end=\"3469\" \/><strong data-start=\"3469\" data-end=\"3489\">C\u00f3digo de pieza:<\/strong> 1263611501<br data-start=\"3500\" data-end=\"3503\" \/><strong data-start=\"3503\" data-end=\"3516\">Material:<\/strong> Componentes electr\u00f3nicos<br data-start=\"3541\" data-end=\"3544\" \/><strong data-start=\"3544\" data-end=\"3567\">\u00c1rea de aplicaci\u00f3n:<\/strong> Unidad de pantalla para montacargas y m\u00e1quinas industriales<br data-start=\"3627\" data-end=\"3630\" \/><strong data-start=\"3630\" data-end=\"3642\">Ventaja:<\/strong> Duradera, confiable, producto usado probado<\/p>\n","protected":false},"featured_media":11646,"template":"","meta":[],"product_brand":[],"product_cat":[246,433,523],"product_tag":[],"class_list":{"0":"post-11829","1":"product","2":"type-product","3":"status-publish","4":"has-post-thumbnail","6":"product_cat-linde","7":"product_cat-ikinci-el-urunler","8":"product_cat-yedek-parca-linde","10":"first","11":"instock","12":"taxable","13":"shipping-taxable","14":"purchasable","15":"product-type-simple"},"_links":{"self":[{"href":"https:\/\/ceoparts.com\/es\/wp-json\/wp\/v2\/product\/11829","targetHints":{"allow":["GET"]}}],"collection":[{"href":"https:\/\/ceoparts.com\/es\/wp-json\/wp\/v2\/product"}],"about":[{"href":"https:\/\/ceoparts.com\/es\/wp-json\/wp\/v2\/types\/product"}],"wp:featuredmedia":[{"embeddable":true,"href":"https:\/\/ceoparts.com\/es\/wp-json\/wp\/v2\/media\/11646"}],"wp:attachment":[{"href":"https:\/\/ceoparts.com\/es\/wp-json\/wp\/v2\/media?parent=11829"}],"wp:term":[{"taxonomy":"product_brand","embeddable":true,"href":"https:\/\/ceoparts.com\/es\/wp-json\/wp\/v2\/product_brand?post=11829"},{"taxonomy":"product_cat","embeddable":true,"href":"https:\/\/ceoparts.com\/es\/wp-json\/wp\/v2\/product_cat?post=11829"},{"taxonomy":"product_tag","embeddable":true,"href":"https:\/\/ceoparts.com\/es\/wp-json\/wp\/v2\/product_tag?post=11829"}],"curies":[{"name":"wp","href":"https:\/\/api.w.org\/{rel}","templated":true}]}}