{"id":11830,"date":"2024-11-05T15:18:21","date_gmt":"2024-11-05T12:18:21","guid":{"rendered":"https:\/\/ceoparts.com\/?post_type=product&#038;p=11830"},"modified":"2026-05-16T14:38:53","modified_gmt":"2026-05-16T11:38:53","slug":"still-fm17-ekran-ikinci-el-426367","status":"publish","type":"product","link":"https:\/\/ceoparts.com\/es\/urun\/still-fm17-ekran-ikinci-el-426367\/","title":{"rendered":"Pantalla FM17 fija De segunda mano &#8211; 426367"},"content":{"rendered":"<p>Pantalla FM17 fija De segunda mano &#8211; 426367<\/p>","protected":false},"excerpt":{"rendered":"<p data-start=\"0\" data-end=\"224\"><br data-start=\"3130\" data-end=\"3133\" \/>Pantalla Still FM17 de segunda mano es una unidad de pantalla duradera y original utilizada en montacargas y m\u00e1quinas industriales. Muestra el estado operativo y los par\u00e1metros de la m\u00e1quina al operador. Probada y completamente funcional.<\/p>\n<p data-start=\"3373\" data-end=\"3672\" data-is-last-node=\"\" data-is-only-node=\"\"><strong data-start=\"3373\" data-end=\"3393\">Caracter\u00edsticas:<\/strong><br data-start=\"3393\" data-end=\"3396\" \/><strong data-start=\"3396\" data-end=\"3420\">Nombre del producto:<\/strong> Pantalla Still FM17 de segunda mano<br data-start=\"3456\" data-end=\"3459\" \/><strong data-start=\"3459\" data-end=\"3479\">C\u00f3digo de pieza:<\/strong> 426367<br data-start=\"3486\" data-end=\"3489\" \/><strong data-start=\"3489\" data-end=\"3502\">Material:<\/strong> Componentes electr\u00f3nicos<br data-start=\"3527\" data-end=\"3530\" \/><strong data-start=\"3530\" data-end=\"3553\">\u00c1rea de aplicaci\u00f3n:<\/strong> Unidad de pantalla para montacargas y m\u00e1quinas industriales<br data-start=\"3613\" data-end=\"3616\" \/><strong data-start=\"3616\" data-end=\"3628\">Ventaja:<\/strong> Duradera, confiable, producto usado probado<\/p>\n","protected":false},"featured_media":11791,"template":"","meta":[],"product_brand":[],"product_cat":[241,433,524],"product_tag":[],"class_list":{"0":"post-11830","1":"product","2":"type-product","3":"status-publish","4":"has-post-thumbnail","6":"product_cat-still","7":"product_cat-ikinci-el-urunler","8":"product_cat-yedek-parca-still","10":"first","11":"instock","12":"taxable","13":"shipping-taxable","14":"purchasable","15":"product-type-simple"},"_links":{"self":[{"href":"https:\/\/ceoparts.com\/es\/wp-json\/wp\/v2\/product\/11830","targetHints":{"allow":["GET"]}}],"collection":[{"href":"https:\/\/ceoparts.com\/es\/wp-json\/wp\/v2\/product"}],"about":[{"href":"https:\/\/ceoparts.com\/es\/wp-json\/wp\/v2\/types\/product"}],"wp:featuredmedia":[{"embeddable":true,"href":"https:\/\/ceoparts.com\/es\/wp-json\/wp\/v2\/media\/11791"}],"wp:attachment":[{"href":"https:\/\/ceoparts.com\/es\/wp-json\/wp\/v2\/media?parent=11830"}],"wp:term":[{"taxonomy":"product_brand","embeddable":true,"href":"https:\/\/ceoparts.com\/es\/wp-json\/wp\/v2\/product_brand?post=11830"},{"taxonomy":"product_cat","embeddable":true,"href":"https:\/\/ceoparts.com\/es\/wp-json\/wp\/v2\/product_cat?post=11830"},{"taxonomy":"product_tag","embeddable":true,"href":"https:\/\/ceoparts.com\/es\/wp-json\/wp\/v2\/product_tag?post=11830"}],"curies":[{"name":"wp","href":"https:\/\/api.w.org\/{rel}","templated":true}]}}