{"id":11832,"date":"2024-11-05T15:25:35","date_gmt":"2024-11-05T12:25:35","guid":{"rendered":"https:\/\/ceoparts.com\/?post_type=product&#038;p=11832"},"modified":"2026-05-16T14:16:27","modified_gmt":"2026-05-16T11:16:27","slug":"esa-ekran-ikinci-el-e189179","status":"publish","type":"product","link":"https:\/\/ceoparts.com\/es\/urun\/esa-ekran-ikinci-el-e189179\/","title":{"rendered":"ESA Pantalla De segunda mano &#8211; E189179"},"content":{"rendered":"<p>ESA Pantalla De segunda mano &#8211; E189179<\/p>\n<p>ESA Pantalla De segunda mano &#8211; E189179<\/p>","protected":false},"excerpt":{"rendered":"<p data-start=\"0\" data-end=\"233\"><br data-start=\"3167\" data-end=\"3170\" \/>Pantalla ESA de segunda mano es una unidad de pantalla duradera y original utilizada en montacargas y m\u00e1quinas industriales. Muestra el estado de la m\u00e1quina, par\u00e1metros operativos y notificaciones de error al operador. Probada y completamente funcional.<\/p>\n<p data-start=\"3425\" data-end=\"3718\" data-is-last-node=\"\" data-is-only-node=\"\"><strong data-start=\"3425\" data-end=\"3445\">Caracter\u00edsticas:<\/strong><br data-start=\"3445\" data-end=\"3448\" \/><strong data-start=\"3448\" data-end=\"3472\">Nombre del producto:<\/strong> Pantalla ESA de segunda mano<br data-start=\"3501\" data-end=\"3504\" \/><strong data-start=\"3504\" data-end=\"3524\">C\u00f3digo de pieza:<\/strong> E189179<br data-start=\"3532\" data-end=\"3535\" \/><strong data-start=\"3535\" data-end=\"3548\">Material:<\/strong> Componentes electr\u00f3nicos<br data-start=\"3573\" data-end=\"3576\" \/><strong data-start=\"3576\" data-end=\"3599\">\u00c1rea de aplicaci\u00f3n:<\/strong> Unidad de pantalla para montacargas y m\u00e1quinas industriales<br data-start=\"3659\" data-end=\"3662\" \/><strong data-start=\"3662\" data-end=\"3674\">Ventaja:<\/strong> Duradera, confiable, producto usado probado<\/p>\n","protected":false},"featured_media":11804,"template":"","meta":[],"product_brand":[],"product_cat":[433],"product_tag":[],"class_list":{"0":"post-11832","1":"product","2":"type-product","3":"status-publish","4":"has-post-thumbnail","6":"product_cat-ikinci-el-urunler","8":"first","9":"instock","10":"taxable","11":"shipping-taxable","12":"purchasable","13":"product-type-simple"},"_links":{"self":[{"href":"https:\/\/ceoparts.com\/es\/wp-json\/wp\/v2\/product\/11832","targetHints":{"allow":["GET"]}}],"collection":[{"href":"https:\/\/ceoparts.com\/es\/wp-json\/wp\/v2\/product"}],"about":[{"href":"https:\/\/ceoparts.com\/es\/wp-json\/wp\/v2\/types\/product"}],"wp:featuredmedia":[{"embeddable":true,"href":"https:\/\/ceoparts.com\/es\/wp-json\/wp\/v2\/media\/11804"}],"wp:attachment":[{"href":"https:\/\/ceoparts.com\/es\/wp-json\/wp\/v2\/media?parent=11832"}],"wp:term":[{"taxonomy":"product_brand","embeddable":true,"href":"https:\/\/ceoparts.com\/es\/wp-json\/wp\/v2\/product_brand?post=11832"},{"taxonomy":"product_cat","embeddable":true,"href":"https:\/\/ceoparts.com\/es\/wp-json\/wp\/v2\/product_cat?post=11832"},{"taxonomy":"product_tag","embeddable":true,"href":"https:\/\/ceoparts.com\/es\/wp-json\/wp\/v2\/product_tag?post=11832"}],"curies":[{"name":"wp","href":"https:\/\/api.w.org\/{rel}","templated":true}]}}