{"id":11833,"date":"2024-11-05T15:30:49","date_gmt":"2024-11-05T12:30:49","guid":{"rendered":"https:\/\/ceoparts.com\/?post_type=product&#038;p=11833"},"modified":"2026-05-16T15:25:03","modified_gmt":"2026-05-16T12:25:03","slug":"still-mxx-ekran-ikinci-el-52314306312","status":"publish","type":"product","link":"https:\/\/ceoparts.com\/es\/urun\/still-mxx-ekran-ikinci-el-52314306312\/","title":{"rendered":"Still MXX Pantalla De segunda mano &#8211; 52314306312"},"content":{"rendered":"<p>Still MXX Pantalla De segunda mano &#8211; 52314306312<\/p>","protected":false},"excerpt":{"rendered":"<p data-start=\"0\" data-end=\"228\"><br data-start=\"3109\" data-end=\"3112\" \/>Pantalla Still MXX de segunda mano es una unidad de pantalla duradera y original utilizada en montacargas y m\u00e1quinas industriales. Muestra la informaci\u00f3n operativa y los par\u00e1metros al operador. Probada y completamente funcional.<\/p>\n<p data-start=\"3342\" data-end=\"3645\" data-is-last-node=\"\" data-is-only-node=\"\"><strong data-start=\"3342\" data-end=\"3362\">Caracter\u00edsticas:<\/strong><br data-start=\"3362\" data-end=\"3365\" \/><strong data-start=\"3365\" data-end=\"3389\">Nombre del producto:<\/strong> Pantalla Still MXX de segunda mano<br data-start=\"3424\" data-end=\"3427\" \/><strong data-start=\"3427\" data-end=\"3447\">C\u00f3digo de pieza:<\/strong> 52314306312<br data-start=\"3459\" data-end=\"3462\" \/><strong data-start=\"3462\" data-end=\"3475\">Material:<\/strong> Componentes electr\u00f3nicos<br data-start=\"3500\" data-end=\"3503\" \/><strong data-start=\"3503\" data-end=\"3526\">\u00c1rea de aplicaci\u00f3n:<\/strong> Unidad de pantalla para montacargas y m\u00e1quinas industriales<br data-start=\"3586\" data-end=\"3589\" \/><strong data-start=\"3589\" data-end=\"3601\">Ventaja:<\/strong> Duradera, confiable, producto usado probado<\/p>\n","protected":false},"featured_media":11809,"template":"","meta":[],"product_brand":[],"product_cat":[241,433,524],"product_tag":[],"class_list":{"0":"post-11833","1":"product","2":"type-product","3":"status-publish","4":"has-post-thumbnail","6":"product_cat-still","7":"product_cat-ikinci-el-urunler","8":"product_cat-yedek-parca-still","10":"first","11":"instock","12":"taxable","13":"shipping-taxable","14":"purchasable","15":"product-type-simple"},"_links":{"self":[{"href":"https:\/\/ceoparts.com\/es\/wp-json\/wp\/v2\/product\/11833","targetHints":{"allow":["GET"]}}],"collection":[{"href":"https:\/\/ceoparts.com\/es\/wp-json\/wp\/v2\/product"}],"about":[{"href":"https:\/\/ceoparts.com\/es\/wp-json\/wp\/v2\/types\/product"}],"wp:featuredmedia":[{"embeddable":true,"href":"https:\/\/ceoparts.com\/es\/wp-json\/wp\/v2\/media\/11809"}],"wp:attachment":[{"href":"https:\/\/ceoparts.com\/es\/wp-json\/wp\/v2\/media?parent=11833"}],"wp:term":[{"taxonomy":"product_brand","embeddable":true,"href":"https:\/\/ceoparts.com\/es\/wp-json\/wp\/v2\/product_brand?post=11833"},{"taxonomy":"product_cat","embeddable":true,"href":"https:\/\/ceoparts.com\/es\/wp-json\/wp\/v2\/product_cat?post=11833"},{"taxonomy":"product_tag","embeddable":true,"href":"https:\/\/ceoparts.com\/es\/wp-json\/wp\/v2\/product_tag?post=11833"}],"curies":[{"name":"wp","href":"https:\/\/api.w.org\/{rel}","templated":true}]}}