{"id":11836,"date":"2024-11-05T15:39:11","date_gmt":"2024-11-05T12:39:11","guid":{"rendered":"https:\/\/ceoparts.com\/?post_type=product&#038;p=11836"},"modified":"2026-05-16T21:01:43","modified_gmt":"2026-05-16T18:01:43","slug":"still-5015-ekran-ikinci-el-723839","status":"publish","type":"product","link":"https:\/\/ceoparts.com\/es\/urun\/still-5015-ekran-ikinci-el-723839\/","title":{"rendered":"Still 5015 Pantalla De segunda mano &#8211; 723839"},"content":{"rendered":"<p>Still 5015 Pantalla De segunda mano &#8211; 723839<\/p>","protected":false},"excerpt":{"rendered":"<p data-start=\"0\" data-end=\"217\"><br data-start=\"3117\" data-end=\"3120\" \/>Pantalla Still 5015 de segunda mano es una unidad de pantalla duradera y original utilizada en montacargas y m\u00e1quinas industriales. Muestra el estado de la m\u00e1quina y la informaci\u00f3n de control al operador. Probada y completamente funcional.<\/p>\n<p data-start=\"3361\" data-end=\"3660\" data-is-last-node=\"\" data-is-only-node=\"\"><strong data-start=\"3361\" data-end=\"3381\">Caracter\u00edsticas:<\/strong><br data-start=\"3381\" data-end=\"3384\" \/><strong data-start=\"3384\" data-end=\"3408\">Nombre del producto:<\/strong> Pantalla Still 5015 de segunda mano<br data-start=\"3444\" data-end=\"3447\" \/><strong data-start=\"3447\" data-end=\"3467\">C\u00f3digo de pieza:<\/strong> 723839<br data-start=\"3474\" data-end=\"3477\" \/><strong data-start=\"3477\" data-end=\"3490\">Material:<\/strong> Componentes electr\u00f3nicos<br data-start=\"3515\" data-end=\"3518\" \/><strong data-start=\"3518\" data-end=\"3541\">\u00c1rea de aplicaci\u00f3n:<\/strong> Unidad de pantalla para montacargas y m\u00e1quinas industriales<br data-start=\"3601\" data-end=\"3604\" \/><strong data-start=\"3604\" data-end=\"3616\">Ventaja:<\/strong> Duradera, confiable, producto usado probado<\/p>\n","protected":false},"featured_media":11823,"template":"","meta":[],"product_brand":[],"product_cat":[241,433,524],"product_tag":[],"class_list":{"0":"post-11836","1":"product","2":"type-product","3":"status-publish","4":"has-post-thumbnail","6":"product_cat-still","7":"product_cat-ikinci-el-urunler","8":"product_cat-yedek-parca-still","10":"first","11":"instock","12":"taxable","13":"shipping-taxable","14":"purchasable","15":"product-type-simple"},"_links":{"self":[{"href":"https:\/\/ceoparts.com\/es\/wp-json\/wp\/v2\/product\/11836","targetHints":{"allow":["GET"]}}],"collection":[{"href":"https:\/\/ceoparts.com\/es\/wp-json\/wp\/v2\/product"}],"about":[{"href":"https:\/\/ceoparts.com\/es\/wp-json\/wp\/v2\/types\/product"}],"wp:featuredmedia":[{"embeddable":true,"href":"https:\/\/ceoparts.com\/es\/wp-json\/wp\/v2\/media\/11823"}],"wp:attachment":[{"href":"https:\/\/ceoparts.com\/es\/wp-json\/wp\/v2\/media?parent=11836"}],"wp:term":[{"taxonomy":"product_brand","embeddable":true,"href":"https:\/\/ceoparts.com\/es\/wp-json\/wp\/v2\/product_brand?post=11836"},{"taxonomy":"product_cat","embeddable":true,"href":"https:\/\/ceoparts.com\/es\/wp-json\/wp\/v2\/product_cat?post=11836"},{"taxonomy":"product_tag","embeddable":true,"href":"https:\/\/ceoparts.com\/es\/wp-json\/wp\/v2\/product_tag?post=11836"}],"curies":[{"name":"wp","href":"https:\/\/api.w.org\/{rel}","templated":true}]}}