{"id":11852,"date":"2024-11-06T14:14:38","date_gmt":"2024-11-06T11:14:38","guid":{"rendered":"https:\/\/ceoparts.com\/?post_type=product&#038;p=11852"},"modified":"2026-05-16T15:18:59","modified_gmt":"2026-05-16T12:18:59","slug":"cobaic1-50103605315","status":"publish","type":"product","link":"https:\/\/ceoparts.com\/es\/urun\/cobaic1-50103605315\/","title":{"rendered":"COMBIAC1 de segunda mano &#8211; 50103605315"},"content":{"rendered":"<p>COMBIAC1 de segunda mano &#8211; 50103605315<\/p>","protected":false},"excerpt":{"rendered":"<p data-start=\"0\" data-end=\"242\"><br data-start=\"3243\" data-end=\"3246\" \/>COMBIAC1 de segunda mano es una tarjeta de control combinada duradera y original utilizada en montacargas y m\u00e1quinas industriales. Proporciona transmisi\u00f3n de se\u00f1ales el\u00e9ctricas y apoya el rendimiento del control del equipo. Probada y funcional.<\/p>\n<p data-start=\"3492\" data-end=\"3785\" data-is-last-node=\"\" data-is-only-node=\"\"><strong data-start=\"3492\" data-end=\"3512\">Caracter\u00edsticas:<\/strong><br data-start=\"3512\" data-end=\"3515\" \/><strong data-start=\"3515\" data-end=\"3539\">Nombre del producto:<\/strong> COMBIAC1 de segunda mano<br data-start=\"3564\" data-end=\"3567\" \/><strong data-start=\"3567\" data-end=\"3587\">C\u00f3digo de pieza:<\/strong> 50103605315<br data-start=\"3599\" data-end=\"3602\" \/><strong data-start=\"3602\" data-end=\"3615\">Material:<\/strong> Componentes electr\u00f3nicos<br data-start=\"3640\" data-end=\"3643\" \/><strong data-start=\"3643\" data-end=\"3666\">\u00c1rea de aplicaci\u00f3n:<\/strong> Tarjeta de control para montacargas y m\u00e1quinas industriales<br data-start=\"3726\" data-end=\"3729\" \/><strong data-start=\"3729\" data-end=\"3741\">Ventaja:<\/strong> Duradera, confiable, producto usado probado<\/p>\n","protected":false},"featured_media":17460,"template":"","meta":[],"product_brand":[],"product_cat":[433],"product_tag":[],"class_list":{"0":"post-11852","1":"product","2":"type-product","3":"status-publish","4":"has-post-thumbnail","6":"product_cat-ikinci-el-urunler","8":"first","9":"instock","10":"taxable","11":"shipping-taxable","12":"purchasable","13":"product-type-simple"},"_links":{"self":[{"href":"https:\/\/ceoparts.com\/es\/wp-json\/wp\/v2\/product\/11852","targetHints":{"allow":["GET"]}}],"collection":[{"href":"https:\/\/ceoparts.com\/es\/wp-json\/wp\/v2\/product"}],"about":[{"href":"https:\/\/ceoparts.com\/es\/wp-json\/wp\/v2\/types\/product"}],"wp:featuredmedia":[{"embeddable":true,"href":"https:\/\/ceoparts.com\/es\/wp-json\/wp\/v2\/media\/17460"}],"wp:attachment":[{"href":"https:\/\/ceoparts.com\/es\/wp-json\/wp\/v2\/media?parent=11852"}],"wp:term":[{"taxonomy":"product_brand","embeddable":true,"href":"https:\/\/ceoparts.com\/es\/wp-json\/wp\/v2\/product_brand?post=11852"},{"taxonomy":"product_cat","embeddable":true,"href":"https:\/\/ceoparts.com\/es\/wp-json\/wp\/v2\/product_cat?post=11852"},{"taxonomy":"product_tag","embeddable":true,"href":"https:\/\/ceoparts.com\/es\/wp-json\/wp\/v2\/product_tag?post=11852"}],"curies":[{"name":"wp","href":"https:\/\/api.w.org\/{rel}","templated":true}]}}