{"id":11877,"date":"2024-11-06T15:47:58","date_gmt":"2024-11-06T12:47:58","guid":{"rendered":"https:\/\/ceoparts.com\/?post_type=product&#038;p=11877"},"modified":"2026-05-16T18:18:30","modified_gmt":"2026-05-16T15:18:30","slug":"exu-oval-kart-2-el-50013605307","status":"publish","type":"product","link":"https:\/\/ceoparts.com\/es\/urun\/exu-oval-kart-2-el-50013605307\/","title":{"rendered":"Tarjeta ovalada EXU de segunda mano &#8211; 50013605307"},"content":{"rendered":"<p>Tarjeta ovalada EXU de segunda mano &#8211; 50013605307<\/p>","protected":false},"excerpt":{"rendered":"<p data-start=\"0\" data-end=\"225\"><br data-start=\"3185\" data-end=\"3188\" \/>Tarjeta oval Exu de segunda mano es una tarjeta oval duradera y original utilizada en montacargas y m\u00e1quinas industriales. Proporciona transmisi\u00f3n de se\u00f1ales el\u00e9ctricas y apoya el rendimiento del equipo. Probada y funcional.<\/p>\n<p data-start=\"3414\" data-end=\"3714\" data-is-last-node=\"\" data-is-only-node=\"\"><strong data-start=\"3414\" data-end=\"3434\">Caracter\u00edsticas:<\/strong><br data-start=\"3434\" data-end=\"3437\" \/><strong data-start=\"3437\" data-end=\"3461\">Nombre del producto:<\/strong> Tarjeta oval Exu de segunda mano<br data-start=\"3494\" data-end=\"3497\" \/><strong data-start=\"3497\" data-end=\"3517\">C\u00f3digo de pieza:<\/strong> 50013605307<br data-start=\"3529\" data-end=\"3532\" \/><strong data-start=\"3532\" data-end=\"3545\">Material:<\/strong> Componentes electr\u00f3nicos<br data-start=\"3570\" data-end=\"3573\" \/><strong data-start=\"3573\" data-end=\"3596\">\u00c1rea de aplicaci\u00f3n:<\/strong> Tarjeta el\u00e9ctrica para montacargas y m\u00e1quinas industriales<br data-start=\"3655\" data-end=\"3658\" \/><strong data-start=\"3658\" data-end=\"3670\">Ventaja:<\/strong> Duradera, confiable, producto usado probado<\/p>\n","protected":false},"featured_media":17484,"template":"","meta":[],"product_brand":[],"product_cat":[433],"product_tag":[],"class_list":{"0":"post-11877","1":"product","2":"type-product","3":"status-publish","4":"has-post-thumbnail","6":"product_cat-ikinci-el-urunler","8":"first","9":"instock","10":"taxable","11":"shipping-taxable","12":"purchasable","13":"product-type-simple"},"_links":{"self":[{"href":"https:\/\/ceoparts.com\/es\/wp-json\/wp\/v2\/product\/11877","targetHints":{"allow":["GET"]}}],"collection":[{"href":"https:\/\/ceoparts.com\/es\/wp-json\/wp\/v2\/product"}],"about":[{"href":"https:\/\/ceoparts.com\/es\/wp-json\/wp\/v2\/types\/product"}],"wp:featuredmedia":[{"embeddable":true,"href":"https:\/\/ceoparts.com\/es\/wp-json\/wp\/v2\/media\/17484"}],"wp:attachment":[{"href":"https:\/\/ceoparts.com\/es\/wp-json\/wp\/v2\/media?parent=11877"}],"wp:term":[{"taxonomy":"product_brand","embeddable":true,"href":"https:\/\/ceoparts.com\/es\/wp-json\/wp\/v2\/product_brand?post=11877"},{"taxonomy":"product_cat","embeddable":true,"href":"https:\/\/ceoparts.com\/es\/wp-json\/wp\/v2\/product_cat?post=11877"},{"taxonomy":"product_tag","embeddable":true,"href":"https:\/\/ceoparts.com\/es\/wp-json\/wp\/v2\/product_tag?post=11877"}],"curies":[{"name":"wp","href":"https:\/\/api.w.org\/{rel}","templated":true}]}}