{"id":11883,"date":"2024-11-06T16:05:54","date_gmt":"2024-11-06T13:05:54","guid":{"rendered":"https:\/\/ceoparts.com\/?post_type=product&#038;p=11883"},"modified":"2026-05-16T18:57:48","modified_gmt":"2026-05-16T15:57:48","slug":"yeni-model-donusturucu-2-el-48v-80v-13v-75v-7917401266","status":"publish","type":"product","link":"https:\/\/ceoparts.com\/es\/urun\/yeni-model-donusturucu-2-el-48v-80v-13v-75v-7917401266\/","title":{"rendered":"Convertidor Nuevo Modelo de segunda mano 48V 80V \/ 13V 75V &#8211; 7917401266"},"content":{"rendered":"<p>Convertidor Nuevo Modelo de segunda mano 48V 80V \/ 13V 75V &#8211; 7917401266<\/p>","protected":false},"excerpt":{"rendered":"<p data-start=\"0\" data-end=\"306\"><br data-start=\"3778\" data-end=\"3781\" \/>Convertidor nuevo modelo de segunda mano 48V 80V \/ 13V 75V es un convertidor de voltaje duradero y original utilizado en montacargas y m\u00e1quinas industriales. Convierte voltajes de entrada de 48V y 80V a salidas de 13V o 75V, asegurando una operaci\u00f3n estable de los sistemas el\u00e9ctricos. Probado y confiable.<\/p>\n<p data-start=\"4089\" data-end=\"4419\" data-is-last-node=\"\" data-is-only-node=\"\"><strong data-start=\"4089\" data-end=\"4109\">Caracter\u00edsticas:<\/strong><br data-start=\"4109\" data-end=\"4112\" \/><strong data-start=\"4112\" data-end=\"4136\">Nombre del producto:<\/strong> Convertidor nuevo modelo de segunda mano 48V 80V \/ 13V 75V<br data-start=\"4195\" data-end=\"4198\" \/><strong data-start=\"4198\" data-end=\"4218\">C\u00f3digo de pieza:<\/strong> 7917401266<br data-start=\"4229\" data-end=\"4232\" \/><strong data-start=\"4232\" data-end=\"4245\">Material:<\/strong> Componentes electr\u00f3nicos<br data-start=\"4270\" data-end=\"4273\" \/><strong data-start=\"4273\" data-end=\"4296\">\u00c1rea de aplicaci\u00f3n:<\/strong> Convertidor de voltaje para montacargas y m\u00e1quinas industriales<br data-start=\"4360\" data-end=\"4363\" \/><strong data-start=\"4363\" data-end=\"4375\">Ventaja:<\/strong> Duradero, confiable, producto usado probado<\/p>\n","protected":false},"featured_media":12013,"template":"","meta":[],"product_brand":[],"product_cat":[433],"product_tag":[],"class_list":{"0":"post-11883","1":"product","2":"type-product","3":"status-publish","4":"has-post-thumbnail","6":"product_cat-ikinci-el-urunler","8":"first","9":"instock","10":"taxable","11":"shipping-taxable","12":"purchasable","13":"product-type-simple"},"_links":{"self":[{"href":"https:\/\/ceoparts.com\/es\/wp-json\/wp\/v2\/product\/11883","targetHints":{"allow":["GET"]}}],"collection":[{"href":"https:\/\/ceoparts.com\/es\/wp-json\/wp\/v2\/product"}],"about":[{"href":"https:\/\/ceoparts.com\/es\/wp-json\/wp\/v2\/types\/product"}],"wp:featuredmedia":[{"embeddable":true,"href":"https:\/\/ceoparts.com\/es\/wp-json\/wp\/v2\/media\/12013"}],"wp:attachment":[{"href":"https:\/\/ceoparts.com\/es\/wp-json\/wp\/v2\/media?parent=11883"}],"wp:term":[{"taxonomy":"product_brand","embeddable":true,"href":"https:\/\/ceoparts.com\/es\/wp-json\/wp\/v2\/product_brand?post=11883"},{"taxonomy":"product_cat","embeddable":true,"href":"https:\/\/ceoparts.com\/es\/wp-json\/wp\/v2\/product_cat?post=11883"},{"taxonomy":"product_tag","embeddable":true,"href":"https:\/\/ceoparts.com\/es\/wp-json\/wp\/v2\/product_tag?post=11883"}],"curies":[{"name":"wp","href":"https:\/\/api.w.org\/{rel}","templated":true}]}}