{"id":11897,"date":"2024-11-06T17:17:28","date_gmt":"2024-11-06T14:17:28","guid":{"rendered":"https:\/\/ceoparts.com\/?post_type=product&#038;p=11897"},"modified":"2026-05-16T21:10:57","modified_gmt":"2026-05-16T18:10:57","slug":"linde-elektronik-kontrol-unitesi-ek10-abu-2-el-52103601301","status":"publish","type":"product","link":"https:\/\/ceoparts.com\/es\/urun\/linde-elektronik-kontrol-unitesi-ek10-abu-2-el-52103601301\/","title":{"rendered":"Unidad de control electr\u00f3nico LINDE de segunda mano EK10 ABU &#8211; 52103601301"},"content":{"rendered":"<p>Unidad de control electr\u00f3nico LINDE de segunda mano EK10 ABU &#8211; 52103601301<\/p>\n<p>Unidad de control electr\u00f3nico LINDE de segunda mano EK10 AB\u00dc 2.el &#8211; 52103601301<\/p>","protected":false},"excerpt":{"rendered":"<p data-start=\"0\" data-end=\"261\"><br data-start=\"3369\" data-end=\"3372\" \/>Unidad de control electr\u00f3nica Linde EK10 ABU de segunda mano es una unidad de control electr\u00f3nica duradera y original utilizada en montacargas y m\u00e1quinas industriales. Dise\u00f1ada para optimizar el rendimiento del montacargas. Probada y confiable.<\/p>\n<p data-start=\"3618\" data-end=\"3934\" data-is-last-node=\"\" data-is-only-node=\"\"><strong data-start=\"3618\" data-end=\"3638\">Caracter\u00edsticas:<\/strong><br data-start=\"3638\" data-end=\"3641\" \/><strong data-start=\"3641\" data-end=\"3665\">Nombre del producto:<\/strong> Unidad de control electr\u00f3nica Linde EK10 ABU de segunda mano<br data-start=\"3726\" data-end=\"3729\" \/><strong data-start=\"3729\" data-end=\"3749\">C\u00f3digo de pieza:<\/strong> 52103601301<br data-start=\"3761\" data-end=\"3764\" \/><strong data-start=\"3764\" data-end=\"3777\">Material:<\/strong> Componentes electr\u00f3nicos<br data-start=\"3802\" data-end=\"3805\" \/><strong data-start=\"3805\" data-end=\"3828\">\u00c1rea de aplicaci\u00f3n:<\/strong> Unidad de control electr\u00f3nica para montacargas<br data-start=\"3875\" data-end=\"3878\" \/><strong data-start=\"3878\" data-end=\"3890\">Ventaja:<\/strong> Duradera, confiable, producto usado probado<\/p>\n","protected":false},"featured_media":11898,"template":"","meta":[],"product_brand":[],"product_cat":[246,433,523],"product_tag":[],"class_list":{"0":"post-11897","1":"product","2":"type-product","3":"status-publish","4":"has-post-thumbnail","6":"product_cat-linde","7":"product_cat-ikinci-el-urunler","8":"product_cat-yedek-parca-linde","10":"first","11":"instock","12":"taxable","13":"shipping-taxable","14":"purchasable","15":"product-type-simple"},"_links":{"self":[{"href":"https:\/\/ceoparts.com\/es\/wp-json\/wp\/v2\/product\/11897","targetHints":{"allow":["GET"]}}],"collection":[{"href":"https:\/\/ceoparts.com\/es\/wp-json\/wp\/v2\/product"}],"about":[{"href":"https:\/\/ceoparts.com\/es\/wp-json\/wp\/v2\/types\/product"}],"wp:featuredmedia":[{"embeddable":true,"href":"https:\/\/ceoparts.com\/es\/wp-json\/wp\/v2\/media\/11898"}],"wp:attachment":[{"href":"https:\/\/ceoparts.com\/es\/wp-json\/wp\/v2\/media?parent=11897"}],"wp:term":[{"taxonomy":"product_brand","embeddable":true,"href":"https:\/\/ceoparts.com\/es\/wp-json\/wp\/v2\/product_brand?post=11897"},{"taxonomy":"product_cat","embeddable":true,"href":"https:\/\/ceoparts.com\/es\/wp-json\/wp\/v2\/product_cat?post=11897"},{"taxonomy":"product_tag","embeddable":true,"href":"https:\/\/ceoparts.com\/es\/wp-json\/wp\/v2\/product_tag?post=11897"}],"curies":[{"name":"wp","href":"https:\/\/api.w.org\/{rel}","templated":true}]}}