{"id":11901,"date":"2024-11-06T17:45:25","date_gmt":"2024-11-06T14:45:25","guid":{"rendered":"https:\/\/ceoparts.com\/?post_type=product&#038;p=11901"},"modified":"2026-05-16T13:36:44","modified_gmt":"2026-05-16T10:36:44","slug":"still-dizel-elektronik-anakart-2-el-5212205","status":"publish","type":"product","link":"https:\/\/ceoparts.com\/es\/urun\/still-dizel-elektronik-anakart-2-el-5212205\/","title":{"rendered":"Placa base electr\u00f3nica diesel Still de segunda mano &#8211; 5212205"},"content":{"rendered":"<p>Placa base electr\u00f3nica diesel Still de segunda mano &#8211; 5212205<\/p>","protected":false},"excerpt":{"rendered":"<p data-start=\"0\" data-end=\"217\"><br data-start=\"3153\" data-end=\"3156\" \/>Tarjeta electr\u00f3nica diesel Still de segunda mano es una tarjeta electr\u00f3nica duradera y original utilizada en montacargas y m\u00e1quinas industriales. Dise\u00f1ada para control de motores di\u00e9sel. Probada y funcional.<\/p>\n<p data-start=\"3365\" data-end=\"3683\" data-is-last-node=\"\" data-is-only-node=\"\"><strong data-start=\"3365\" data-end=\"3385\">Caracter\u00edsticas:<\/strong><br data-start=\"3385\" data-end=\"3388\" \/><strong data-start=\"3388\" data-end=\"3412\">Nombre del producto:<\/strong> Tarjeta electr\u00f3nica diesel Still de segunda mano<br data-start=\"3461\" data-end=\"3464\" \/><strong data-start=\"3464\" data-end=\"3484\">C\u00f3digo de pieza:<\/strong> 5212205<br data-start=\"3492\" data-end=\"3495\" \/><strong data-start=\"3495\" data-end=\"3508\">Material:<\/strong> Componentes electr\u00f3nicos<br data-start=\"3533\" data-end=\"3536\" \/><strong data-start=\"3536\" data-end=\"3559\">\u00c1rea de aplicaci\u00f3n:<\/strong> Control de motor di\u00e9sel para montacargas y m\u00e1quinas industriales<br data-start=\"3624\" data-end=\"3627\" \/><strong data-start=\"3627\" data-end=\"3639\">Ventaja:<\/strong> Duradera, confiable, producto usado probado<\/p>\n","protected":false},"featured_media":11903,"template":"","meta":[],"product_brand":[],"product_cat":[241,433,524],"product_tag":[],"class_list":{"0":"post-11901","1":"product","2":"type-product","3":"status-publish","4":"has-post-thumbnail","6":"product_cat-still","7":"product_cat-ikinci-el-urunler","8":"product_cat-yedek-parca-still","10":"first","11":"instock","12":"taxable","13":"shipping-taxable","14":"purchasable","15":"product-type-simple"},"_links":{"self":[{"href":"https:\/\/ceoparts.com\/es\/wp-json\/wp\/v2\/product\/11901","targetHints":{"allow":["GET"]}}],"collection":[{"href":"https:\/\/ceoparts.com\/es\/wp-json\/wp\/v2\/product"}],"about":[{"href":"https:\/\/ceoparts.com\/es\/wp-json\/wp\/v2\/types\/product"}],"wp:featuredmedia":[{"embeddable":true,"href":"https:\/\/ceoparts.com\/es\/wp-json\/wp\/v2\/media\/11903"}],"wp:attachment":[{"href":"https:\/\/ceoparts.com\/es\/wp-json\/wp\/v2\/media?parent=11901"}],"wp:term":[{"taxonomy":"product_brand","embeddable":true,"href":"https:\/\/ceoparts.com\/es\/wp-json\/wp\/v2\/product_brand?post=11901"},{"taxonomy":"product_cat","embeddable":true,"href":"https:\/\/ceoparts.com\/es\/wp-json\/wp\/v2\/product_cat?post=11901"},{"taxonomy":"product_tag","embeddable":true,"href":"https:\/\/ceoparts.com\/es\/wp-json\/wp\/v2\/product_tag?post=11901"}],"curies":[{"name":"wp","href":"https:\/\/api.w.org\/{rel}","templated":true}]}}