{"id":11905,"date":"2024-11-08T09:16:48","date_gmt":"2024-11-08T06:16:48","guid":{"rendered":"https:\/\/ceoparts.com\/?post_type=product&#038;p=11905"},"modified":"2026-05-16T14:21:40","modified_gmt":"2026-05-16T11:21:40","slug":"still-su-kart-2-el-656820","status":"publish","type":"product","link":"https:\/\/ceoparts.com\/es\/urun\/still-su-kart-2-el-656820\/","title":{"rendered":"Tarjeta Still SU de segunda mano &#8211; 656820"},"content":{"rendered":"<p>Tarjeta Still SU de segunda mano &#8211; 656820<\/p>","protected":false},"excerpt":{"rendered":"<p data-start=\"0\" data-end=\"189\"><br data-start=\"3064\" data-end=\"3067\" \/>Tarjeta SU Still de segunda mano es una tarjeta SU duradera y original utilizada en montacargas y m\u00e1quinas industriales. Proporciona gesti\u00f3n de energ\u00eda y control de se\u00f1ales. Probada y funcional.<\/p>\n<p data-start=\"3263\" data-end=\"3591\" data-is-last-node=\"\" data-is-only-node=\"\"><strong data-start=\"3263\" data-end=\"3283\">Caracter\u00edsticas:<\/strong><br data-start=\"3283\" data-end=\"3286\" \/><strong data-start=\"3286\" data-end=\"3310\">Nombre del producto:<\/strong> Tarjeta SU Still de segunda mano<br data-start=\"3343\" data-end=\"3346\" \/><strong data-start=\"3346\" data-end=\"3366\">C\u00f3digo de pieza:<\/strong> 656820<br data-start=\"3373\" data-end=\"3376\" \/><strong data-start=\"3376\" data-end=\"3389\">Material:<\/strong> Componentes electr\u00f3nicos<br data-start=\"3414\" data-end=\"3417\" \/><strong data-start=\"3417\" data-end=\"3440\">\u00c1rea de aplicaci\u00f3n:<\/strong> Tarjeta de gesti\u00f3n energ\u00e9tica y control de se\u00f1ales para montacargas y m\u00e1quinas industriales<br data-start=\"3532\" data-end=\"3535\" \/><strong data-start=\"3535\" data-end=\"3547\">Ventaja:<\/strong> Duradera, confiable, producto usado probado<\/p>\n","protected":false},"featured_media":11906,"template":"","meta":[],"product_brand":[],"product_cat":[241,433,524],"product_tag":[],"class_list":{"0":"post-11905","1":"product","2":"type-product","3":"status-publish","4":"has-post-thumbnail","6":"product_cat-still","7":"product_cat-ikinci-el-urunler","8":"product_cat-yedek-parca-still","10":"first","11":"instock","12":"taxable","13":"shipping-taxable","14":"purchasable","15":"product-type-simple"},"_links":{"self":[{"href":"https:\/\/ceoparts.com\/es\/wp-json\/wp\/v2\/product\/11905","targetHints":{"allow":["GET"]}}],"collection":[{"href":"https:\/\/ceoparts.com\/es\/wp-json\/wp\/v2\/product"}],"about":[{"href":"https:\/\/ceoparts.com\/es\/wp-json\/wp\/v2\/types\/product"}],"wp:featuredmedia":[{"embeddable":true,"href":"https:\/\/ceoparts.com\/es\/wp-json\/wp\/v2\/media\/11906"}],"wp:attachment":[{"href":"https:\/\/ceoparts.com\/es\/wp-json\/wp\/v2\/media?parent=11905"}],"wp:term":[{"taxonomy":"product_brand","embeddable":true,"href":"https:\/\/ceoparts.com\/es\/wp-json\/wp\/v2\/product_brand?post=11905"},{"taxonomy":"product_cat","embeddable":true,"href":"https:\/\/ceoparts.com\/es\/wp-json\/wp\/v2\/product_cat?post=11905"},{"taxonomy":"product_tag","embeddable":true,"href":"https:\/\/ceoparts.com\/es\/wp-json\/wp\/v2\/product_tag?post=11905"}],"curies":[{"name":"wp","href":"https:\/\/api.w.org\/{rel}","templated":true}]}}