{"id":11940,"date":"2024-11-08T11:36:37","date_gmt":"2024-11-08T08:36:37","guid":{"rendered":"https:\/\/ceoparts.com\/?post_type=product&#038;p=11940"},"modified":"2026-05-16T10:57:59","modified_gmt":"2026-05-16T07:57:59","slug":"sac-konvartor-soketi-kablosu","status":"publish","type":"product","link":"https:\/\/ceoparts.com\/es\/urun\/sac-konvartor-soketi-kablosu\/","title":{"rendered":"Cable de enchufe para convertidor Sac"},"content":{"rendered":"<p>Cable de enchufe para convertidor Sac<\/p>","protected":false},"excerpt":{"rendered":"<p data-start=\"0\" data-end=\"288\"><br data-start=\"3973\" data-end=\"3976\" \/>Cable de enchufe convertidor de chapa es un cable duradero y de alta calidad utilizado en montacargas y m\u00e1quinas industriales para conectar el enchufe del convertidor de chapa. Ofrece alta flexibilidad y larga vida \u00fatil con excelente conductividad el\u00e9ctrica. Garantiza una conexi\u00f3n segura y estable en el sistema el\u00e9ctrico de la m\u00e1quina.<\/p>\n<p data-start=\"4315\" data-end=\"4640\" data-is-last-node=\"\" data-is-only-node=\"\"><strong data-start=\"4315\" data-end=\"4335\">Caracter\u00edsticas:<\/strong><br data-start=\"4335\" data-end=\"4338\" \/><strong data-start=\"4338\" data-end=\"4362\">Nombre del producto:<\/strong> Cable de enchufe convertidor de chapa<br data-start=\"4400\" data-end=\"4403\" \/><strong data-start=\"4403\" data-end=\"4423\">C\u00f3digo de pieza:<\/strong> &#8211;<br data-start=\"4425\" data-end=\"4428\" \/><strong data-start=\"4428\" data-end=\"4441\">Material:<\/strong> Cable de cobre aislado<br data-start=\"4464\" data-end=\"4467\" \/><strong data-start=\"4467\" data-end=\"4490\">\u00c1rea de aplicaci\u00f3n:<\/strong> Conexi\u00f3n el\u00e9ctrica para montacargas y m\u00e1quinas industriales<br data-start=\"4550\" data-end=\"4553\" \/><strong data-start=\"4553\" data-end=\"4565\">Ventaja:<\/strong> Alta flexibilidad, durabilidad, excelente conductividad, conexi\u00f3n segura<\/p>\n","protected":false},"featured_media":11941,"template":"","meta":[],"product_brand":[],"product_cat":[431,433],"product_tag":[],"class_list":{"0":"post-11940","1":"product","2":"type-product","3":"status-publish","4":"has-post-thumbnail","6":"product_cat-ekranlar-ve-kartlar","7":"product_cat-ikinci-el-urunler","9":"first","10":"instock","11":"taxable","12":"shipping-taxable","13":"purchasable","14":"product-type-simple"},"_links":{"self":[{"href":"https:\/\/ceoparts.com\/es\/wp-json\/wp\/v2\/product\/11940","targetHints":{"allow":["GET"]}}],"collection":[{"href":"https:\/\/ceoparts.com\/es\/wp-json\/wp\/v2\/product"}],"about":[{"href":"https:\/\/ceoparts.com\/es\/wp-json\/wp\/v2\/types\/product"}],"wp:featuredmedia":[{"embeddable":true,"href":"https:\/\/ceoparts.com\/es\/wp-json\/wp\/v2\/media\/11941"}],"wp:attachment":[{"href":"https:\/\/ceoparts.com\/es\/wp-json\/wp\/v2\/media?parent=11940"}],"wp:term":[{"taxonomy":"product_brand","embeddable":true,"href":"https:\/\/ceoparts.com\/es\/wp-json\/wp\/v2\/product_brand?post=11940"},{"taxonomy":"product_cat","embeddable":true,"href":"https:\/\/ceoparts.com\/es\/wp-json\/wp\/v2\/product_cat?post=11940"},{"taxonomy":"product_tag","embeddable":true,"href":"https:\/\/ceoparts.com\/es\/wp-json\/wp\/v2\/product_tag?post=11940"}],"curies":[{"name":"wp","href":"https:\/\/api.w.org\/{rel}","templated":true}]}}