{"id":11944,"date":"2024-11-09T11:44:40","date_gmt":"2024-11-09T08:44:40","guid":{"rendered":"https:\/\/ceoparts.com\/?post_type=product&#038;p=11944"},"modified":"2026-05-16T18:22:58","modified_gmt":"2026-05-16T15:22:58","slug":"linde-mxx-ek-ikinci-el-52313653000","status":"publish","type":"product","link":"https:\/\/ceoparts.com\/es\/urun\/linde-mxx-ek-ikinci-el-52313653000\/","title":{"rendered":"LINDE MXX-EKDe segunda mano  &#8211; 52313653000"},"content":{"rendered":"<p>LINDE MXX-EKDe segunda mano  &#8211; 52313653000<\/p>","protected":false},"excerpt":{"rendered":"<p data-start=\"0\" data-end=\"261\"><br data-start=\"3447\" data-end=\"3450\" \/>Tarjeta LINDE MXX-EK de segunda mano es una tarjeta de repuesto duradera y original utilizada en montacargas y apiladores. Dise\u00f1ada espec\u00edficamente para el modelo MXX-EK, proporciona un rendimiento duradero y operaci\u00f3n confiable. Aunque es de segunda mano, est\u00e1 funcional y probada.<\/p>\n<p data-start=\"3734\" data-end=\"4056\" data-is-last-node=\"\" data-is-only-node=\"\"><strong data-start=\"3734\" data-end=\"3754\">Caracter\u00edsticas:<\/strong><br data-start=\"3754\" data-end=\"3757\" \/><strong data-start=\"3757\" data-end=\"3781\">Nombre del producto:<\/strong> Tarjeta LINDE MXX-EK de segunda mano<br data-start=\"3818\" data-end=\"3821\" \/><strong data-start=\"3821\" data-end=\"3841\">C\u00f3digo de pieza:<\/strong> 52313653000<br data-start=\"3853\" data-end=\"3856\" \/><strong data-start=\"3856\" data-end=\"3869\">Material:<\/strong> Componentes electr\u00f3nicos de la tarjeta<br data-start=\"3908\" data-end=\"3911\" \/><strong data-start=\"3911\" data-end=\"3934\">\u00c1rea de aplicaci\u00f3n:<\/strong> Tarjeta de control para montacargas y apiladores<br data-start=\"3983\" data-end=\"3986\" \/><strong data-start=\"3986\" data-end=\"3998\">Ventaja:<\/strong> Duradera, rendimiento confiable, producto usado probado<\/p>\n","protected":false},"featured_media":11634,"template":"","meta":[],"product_brand":[],"product_cat":[246,433,523],"product_tag":[],"class_list":{"0":"post-11944","1":"product","2":"type-product","3":"status-publish","4":"has-post-thumbnail","6":"product_cat-linde","7":"product_cat-ikinci-el-urunler","8":"product_cat-yedek-parca-linde","10":"first","11":"instock","12":"taxable","13":"shipping-taxable","14":"purchasable","15":"product-type-simple"},"_links":{"self":[{"href":"https:\/\/ceoparts.com\/es\/wp-json\/wp\/v2\/product\/11944","targetHints":{"allow":["GET"]}}],"collection":[{"href":"https:\/\/ceoparts.com\/es\/wp-json\/wp\/v2\/product"}],"about":[{"href":"https:\/\/ceoparts.com\/es\/wp-json\/wp\/v2\/types\/product"}],"wp:featuredmedia":[{"embeddable":true,"href":"https:\/\/ceoparts.com\/es\/wp-json\/wp\/v2\/media\/11634"}],"wp:attachment":[{"href":"https:\/\/ceoparts.com\/es\/wp-json\/wp\/v2\/media?parent=11944"}],"wp:term":[{"taxonomy":"product_brand","embeddable":true,"href":"https:\/\/ceoparts.com\/es\/wp-json\/wp\/v2\/product_brand?post=11944"},{"taxonomy":"product_cat","embeddable":true,"href":"https:\/\/ceoparts.com\/es\/wp-json\/wp\/v2\/product_cat?post=11944"},{"taxonomy":"product_tag","embeddable":true,"href":"https:\/\/ceoparts.com\/es\/wp-json\/wp\/v2\/product_tag?post=11944"}],"curies":[{"name":"wp","href":"https:\/\/api.w.org\/{rel}","templated":true}]}}