{"id":11951,"date":"2024-11-11T14:12:43","date_gmt":"2024-11-11T11:12:43","guid":{"rendered":"https:\/\/ceoparts.com\/?post_type=product&#038;p=11951"},"modified":"2026-05-02T18:39:56","modified_gmt":"2026-05-02T15:39:56","slug":"125x50-50-25-ceoparts-denge-tekeri-msl-1599507","status":"publish","type":"product","link":"https:\/\/ceoparts.com\/es\/urun\/125x50-50-25-ceoparts-denge-tekeri-msl-1599507\/","title":{"rendered":"125&#215;50\/50-25 Ceoparts Rueda Auxiliar &#8211; 1599507"},"content":{"rendered":"<p>125&#215;50\/50-25 Ceoparts Rueda Auxiliar &#8211; 1599507 <\/p>\n<p><\/p>\n<p>Hyster S1.5S seria C442<\/p>","protected":false},"excerpt":{"rendered":"<p data-start=\"0\" data-end=\"348\"><br data-start=\"4190\" data-end=\"4193\" \/>Rueda estabilizadora Ceoparts 125\u00d750\/50-25 es una rueda resistente utilizada en montacargas y apiladores para asegurar equilibrio y estabilidad. Fabricada en caucho de alta resistencia y aleaci\u00f3n met\u00e1lica, ofrece larga vida \u00fatil y alta resistencia al desgaste incluso bajo cargas pesadas. Garantiza un movimiento equilibrado y seguro de la m\u00e1quina durante las operaciones.<\/p>\n<p data-start=\"4567\" data-end=\"4925\" data-is-last-node=\"\" data-is-only-node=\"\"><strong data-start=\"4567\" data-end=\"4587\">Caracter\u00edsticas:<\/strong><br data-start=\"4587\" data-end=\"4590\" \/><strong data-start=\"4590\" data-end=\"4614\">Nombre del producto:<\/strong> Rueda estabilizadora Ceoparts 125\u00d750\/50-25<br data-start=\"4657\" data-end=\"4660\" \/><strong data-start=\"4660\" data-end=\"4680\">C\u00f3digo de pieza:<\/strong> 1599507<br data-start=\"4688\" data-end=\"4691\" \/><strong data-start=\"4691\" data-end=\"4704\">Material:<\/strong> Caucho de alta resistencia y aleaci\u00f3n met\u00e1lica<br data-start=\"4751\" data-end=\"4754\" \/><strong data-start=\"4754\" data-end=\"4777\">\u00c1rea de aplicaci\u00f3n:<\/strong> Rueda estabilizadora para montacargas y apiladores<br data-start=\"4828\" data-end=\"4831\" \/><strong data-start=\"4831\" data-end=\"4843\">Ventaja:<\/strong> Alta durabilidad, larga vida \u00fatil, apta para cargas pesadas, movimiento estable<\/p>\n","protected":false},"featured_media":11955,"template":"","meta":[],"product_brand":[],"product_cat":[396,256,258,395,185],"product_tag":[],"class_list":{"0":"post-11951","1":"product","2":"type-product","3":"status-publish","4":"has-post-thumbnail","6":"product_cat-denge-tekeri-ceo","7":"product_cat-hyster","8":"product_cat-denge-tekeri-hyster","9":"product_cat-ceoparts","10":"product_cat-denge-tekeri","12":"first","13":"instock","14":"taxable","15":"shipping-taxable","16":"purchasable","17":"product-type-simple"},"_links":{"self":[{"href":"https:\/\/ceoparts.com\/es\/wp-json\/wp\/v2\/product\/11951","targetHints":{"allow":["GET"]}}],"collection":[{"href":"https:\/\/ceoparts.com\/es\/wp-json\/wp\/v2\/product"}],"about":[{"href":"https:\/\/ceoparts.com\/es\/wp-json\/wp\/v2\/types\/product"}],"wp:featuredmedia":[{"embeddable":true,"href":"https:\/\/ceoparts.com\/es\/wp-json\/wp\/v2\/media\/11955"}],"wp:attachment":[{"href":"https:\/\/ceoparts.com\/es\/wp-json\/wp\/v2\/media?parent=11951"}],"wp:term":[{"taxonomy":"product_brand","embeddable":true,"href":"https:\/\/ceoparts.com\/es\/wp-json\/wp\/v2\/product_brand?post=11951"},{"taxonomy":"product_cat","embeddable":true,"href":"https:\/\/ceoparts.com\/es\/wp-json\/wp\/v2\/product_cat?post=11951"},{"taxonomy":"product_tag","embeddable":true,"href":"https:\/\/ceoparts.com\/es\/wp-json\/wp\/v2\/product_tag?post=11951"}],"curies":[{"name":"wp","href":"https:\/\/api.w.org\/{rel}","templated":true}]}}