{"id":11956,"date":"2024-11-11T14:20:25","date_gmt":"2024-11-11T11:20:25","guid":{"rendered":"https:\/\/ceoparts.com\/?post_type=product&#038;p=11956"},"modified":"2026-05-16T17:05:39","modified_gmt":"2026-05-16T14:05:39","slug":"125x60-62-20-msl-denge-tekeri-0009933803","status":"publish","type":"product","link":"https:\/\/ceoparts.com\/es\/urun\/125x60-62-20-msl-denge-tekeri-0009933803\/","title":{"rendered":"125&#215;60\/62-20 MSL Rueda Auxiliar &#8211; 0009933803"},"content":{"rendered":"<p>125&#215;60\/62-20 MSL Rueda Auxiliar &#8211; 0009933803<\/p>","protected":false},"excerpt":{"rendered":"<p data-start=\"0\" data-end=\"302\"><br data-start=\"3890\" data-end=\"3893\" \/>Rueda estabilizadora 125\u00d760\/62-20 MSL es una rueda resistente utilizada en montacargas y apiladores para asegurar el equilibrio y la estabilidad. Fabricada con tecnolog\u00eda MSL, ofrece alta resistencia al desgaste y larga vida \u00fatil. Garantiza un movimiento equilibrado y seguro de la m\u00e1quina durante las operaciones.<\/p>\n<p data-start=\"4209\" data-end=\"4573\" data-is-last-node=\"\" data-is-only-node=\"\"><strong data-start=\"4209\" data-end=\"4229\">Caracter\u00edsticas:<\/strong><br data-start=\"4229\" data-end=\"4232\" \/><strong data-start=\"4232\" data-end=\"4256\">Nombre del producto:<\/strong> Rueda estabilizadora 125\u00d760\/62-20 MSL<br data-start=\"4294\" data-end=\"4297\" \/><strong data-start=\"4297\" data-end=\"4317\">C\u00f3digo de pieza:<\/strong> 0009933803<br data-start=\"4328\" data-end=\"4331\" \/><strong data-start=\"4331\" data-end=\"4344\">Material:<\/strong> Caucho de alta resistencia y aleaci\u00f3n met\u00e1lica<br data-start=\"4391\" data-end=\"4394\" \/><strong data-start=\"4394\" data-end=\"4417\">\u00c1rea de aplicaci\u00f3n:<\/strong> Rueda estabilizadora para montacargas y apiladores<br data-start=\"4468\" data-end=\"4471\" \/><strong data-start=\"4471\" data-end=\"4483\">Ventaja:<\/strong> Alta durabilidad, larga vida \u00fatil, alta resistencia al desgaste, movimiento equilibrado<\/p>\n<p>&nbsp;<\/p>\n","protected":false},"featured_media":16413,"template":"","meta":[],"product_brand":[],"product_cat":[395,396,185],"product_tag":[],"class_list":{"0":"post-11956","1":"product","2":"type-product","3":"status-publish","4":"has-post-thumbnail","6":"product_cat-ceoparts","7":"product_cat-denge-tekeri-ceo","8":"product_cat-denge-tekeri","10":"first","11":"instock","12":"taxable","13":"shipping-taxable","14":"purchasable","15":"product-type-simple"},"_links":{"self":[{"href":"https:\/\/ceoparts.com\/es\/wp-json\/wp\/v2\/product\/11956","targetHints":{"allow":["GET"]}}],"collection":[{"href":"https:\/\/ceoparts.com\/es\/wp-json\/wp\/v2\/product"}],"about":[{"href":"https:\/\/ceoparts.com\/es\/wp-json\/wp\/v2\/types\/product"}],"wp:featuredmedia":[{"embeddable":true,"href":"https:\/\/ceoparts.com\/es\/wp-json\/wp\/v2\/media\/16413"}],"wp:attachment":[{"href":"https:\/\/ceoparts.com\/es\/wp-json\/wp\/v2\/media?parent=11956"}],"wp:term":[{"taxonomy":"product_brand","embeddable":true,"href":"https:\/\/ceoparts.com\/es\/wp-json\/wp\/v2\/product_brand?post=11956"},{"taxonomy":"product_cat","embeddable":true,"href":"https:\/\/ceoparts.com\/es\/wp-json\/wp\/v2\/product_cat?post=11956"},{"taxonomy":"product_tag","embeddable":true,"href":"https:\/\/ceoparts.com\/es\/wp-json\/wp\/v2\/product_tag?post=11956"}],"curies":[{"name":"wp","href":"https:\/\/api.w.org\/{rel}","templated":true}]}}