{"id":11965,"date":"2024-11-11T14:35:15","date_gmt":"2024-11-11T11:35:15","guid":{"rendered":"https:\/\/ceoparts.com\/?post_type=product&#038;p=11965"},"modified":"2026-05-16T17:05:09","modified_gmt":"2026-05-16T14:05:09","slug":"150x48-65-12-msl-denge-tekeri-00039903515","status":"publish","type":"product","link":"https:\/\/ceoparts.com\/es\/urun\/150x48-65-12-msl-denge-tekeri-00039903515\/","title":{"rendered":"150&#215;48\/65-12 MSL Rueda Auxiliar &#8211; 00039903515"},"content":{"rendered":"<p>150&#215;48\/65-12 MSL Rueda Auxiliar &#8211; 00039903515<\/p>\n<p>0039903515, 0039903514, 0039903577<\/p>\n<p>50&#215;48\/60\/65-12\u00a0 Linde 0039903515<\/p>\n<p>372\u00a0L14\/16<br \/>\n372\u00a0L14\/16\/L14AP\/16AP<br \/>\n379\u00a0L10\/12-L10\/12AS<\/p>","protected":false},"excerpt":{"rendered":"<p data-start=\"0\" data-end=\"310\"><br data-start=\"3957\" data-end=\"3960\" \/>Rueda estabilizadora 150\u00d748\/65-12 MSL es una rueda resistente utilizada en montacargas y apiladores para asegurar el equilibrio y la estabilidad. Fabricada con tecnolog\u00eda MSL, ofrece alta resistencia al desgaste y larga vida \u00fatil. Garantiza un movimiento equilibrado y seguro de la m\u00e1quina durante las operaciones.<\/p>\n<p data-start=\"4276\" data-end=\"4641\"><strong data-start=\"4276\" data-end=\"4296\">Caracter\u00edsticas:<\/strong><br data-start=\"4296\" data-end=\"4299\" \/><strong data-start=\"4299\" data-end=\"4323\">Nombre del producto:<\/strong> Rueda estabilizadora 150\u00d748\/65-12 MSL<br data-start=\"4361\" data-end=\"4364\" \/><strong data-start=\"4364\" data-end=\"4384\">C\u00f3digo de pieza:<\/strong> 00039903515<br data-start=\"4396\" data-end=\"4399\" \/><strong data-start=\"4399\" data-end=\"4412\">Material:<\/strong> Caucho de alta resistencia y aleaci\u00f3n met\u00e1lica<br data-start=\"4459\" data-end=\"4462\" \/><strong data-start=\"4462\" data-end=\"4485\">\u00c1rea de aplicaci\u00f3n:<\/strong> Rueda estabilizadora para montacargas y apiladores<br data-start=\"4536\" data-end=\"4539\" \/><strong data-start=\"4539\" data-end=\"4551\">Ventaja:<\/strong> Alta durabilidad, larga vida \u00fatil, alta resistencia al desgaste, movimiento equilibrado<\/p>\n","protected":false},"featured_media":16436,"template":"","meta":[],"product_brand":[],"product_cat":[395,396,246,247,185],"product_tag":[],"class_list":{"0":"post-11965","1":"product","2":"type-product","3":"status-publish","4":"has-post-thumbnail","6":"product_cat-ceoparts","7":"product_cat-denge-tekeri-ceo","8":"product_cat-linde","9":"product_cat-denge-tekeri-linde","10":"product_cat-denge-tekeri","12":"first","13":"instock","14":"taxable","15":"shipping-taxable","16":"purchasable","17":"product-type-simple"},"_links":{"self":[{"href":"https:\/\/ceoparts.com\/es\/wp-json\/wp\/v2\/product\/11965","targetHints":{"allow":["GET"]}}],"collection":[{"href":"https:\/\/ceoparts.com\/es\/wp-json\/wp\/v2\/product"}],"about":[{"href":"https:\/\/ceoparts.com\/es\/wp-json\/wp\/v2\/types\/product"}],"wp:featuredmedia":[{"embeddable":true,"href":"https:\/\/ceoparts.com\/es\/wp-json\/wp\/v2\/media\/16436"}],"wp:attachment":[{"href":"https:\/\/ceoparts.com\/es\/wp-json\/wp\/v2\/media?parent=11965"}],"wp:term":[{"taxonomy":"product_brand","embeddable":true,"href":"https:\/\/ceoparts.com\/es\/wp-json\/wp\/v2\/product_brand?post=11965"},{"taxonomy":"product_cat","embeddable":true,"href":"https:\/\/ceoparts.com\/es\/wp-json\/wp\/v2\/product_cat?post=11965"},{"taxonomy":"product_tag","embeddable":true,"href":"https:\/\/ceoparts.com\/es\/wp-json\/wp\/v2\/product_tag?post=11965"}],"curies":[{"name":"wp","href":"https:\/\/api.w.org\/{rel}","templated":true}]}}