{"id":11978,"date":"2024-11-12T09:50:39","date_gmt":"2024-11-12T06:50:39","guid":{"rendered":"https:\/\/ceoparts.com\/?post_type=product&#038;p=11978"},"modified":"2026-05-16T14:33:45","modified_gmt":"2026-05-16T11:33:45","slug":"230x70-82-65-msl-yuruyus-tekeri-108987","status":"publish","type":"product","link":"https:\/\/ceoparts.com\/es\/urun\/230x70-82-65-msl-yuruyus-tekeri-108987\/","title":{"rendered":"230&#215;70\/82-65 MSL Rueda a pie &#8211; 108987"},"content":{"rendered":"<p>230&#215;70\/82-65 MSL Rueda a pie &#8211; 108987<\/p>\n<p>NISSAN, ATLET, LAFIS: 108987<\/p>\n<p><strong>PLL, PSD, PSL, PLE,\u00a0<span style=\"font-family: Arial+1;\">PS, PSH<\/span><\/strong><\/p>","protected":false},"excerpt":{"rendered":"<p data-start=\"0\" data-end=\"335\"><br data-start=\"4173\" data-end=\"4176\" \/>Rueda de rodadura 230\u00d770\/82-65 MSL Athlete es una rueda resistente y de alto rendimiento utilizada en montacargas y apiladores. Fabricada con tecnolog\u00eda MSL, ofrece alta resistencia al desgaste y larga vida \u00fatil. El dise\u00f1o Athlete proporciona una excelente maniobrabilidad y estabilidad, garantizando un movimiento seguro durante las operaciones.<\/p>\n<p data-start=\"4524\" data-end=\"4886\" data-is-last-node=\"\" data-is-only-node=\"\"><strong data-start=\"4524\" data-end=\"4544\">Caracter\u00edsticas:<\/strong><br data-start=\"4544\" data-end=\"4547\" \/><strong data-start=\"4547\" data-end=\"4571\">Nombre del producto:<\/strong> Rueda de rodadura 230\u00d770\/82-65 MSL Athlete<br data-start=\"4614\" data-end=\"4617\" \/><strong data-start=\"4617\" data-end=\"4637\">C\u00f3digo de pieza:<\/strong> 108987<br data-start=\"4644\" data-end=\"4647\" \/><strong data-start=\"4647\" data-end=\"4660\">Material:<\/strong> Caucho de alta resistencia y aleaci\u00f3n met\u00e1lica<br data-start=\"4707\" data-end=\"4710\" \/><strong data-start=\"4710\" data-end=\"4733\">\u00c1rea de aplicaci\u00f3n:<\/strong> Rueda de rodadura para montacargas y apiladores<br data-start=\"4781\" data-end=\"4784\" \/><strong data-start=\"4784\" data-end=\"4796\">Ventaja:<\/strong> Alta durabilidad, larga vida \u00fatil, alta resistencia al desgaste, maniobrabilidad superior<\/p>\n","protected":false},"featured_media":11979,"template":"","meta":[],"product_brand":[],"product_cat":[397,262,265,395,193],"product_tag":[],"class_list":{"0":"post-11978","1":"product","2":"type-product","3":"status-publish","4":"has-post-thumbnail","6":"product_cat-yuruyus-tekeri-ceo","7":"product_cat-atlet","8":"product_cat-yuruyus-tekeri-atlet","9":"product_cat-ceoparts","10":"product_cat-yuruyus-tekeri","12":"first","13":"instock","14":"taxable","15":"shipping-taxable","16":"purchasable","17":"product-type-simple"},"_links":{"self":[{"href":"https:\/\/ceoparts.com\/es\/wp-json\/wp\/v2\/product\/11978","targetHints":{"allow":["GET"]}}],"collection":[{"href":"https:\/\/ceoparts.com\/es\/wp-json\/wp\/v2\/product"}],"about":[{"href":"https:\/\/ceoparts.com\/es\/wp-json\/wp\/v2\/types\/product"}],"wp:featuredmedia":[{"embeddable":true,"href":"https:\/\/ceoparts.com\/es\/wp-json\/wp\/v2\/media\/11979"}],"wp:attachment":[{"href":"https:\/\/ceoparts.com\/es\/wp-json\/wp\/v2\/media?parent=11978"}],"wp:term":[{"taxonomy":"product_brand","embeddable":true,"href":"https:\/\/ceoparts.com\/es\/wp-json\/wp\/v2\/product_brand?post=11978"},{"taxonomy":"product_cat","embeddable":true,"href":"https:\/\/ceoparts.com\/es\/wp-json\/wp\/v2\/product_cat?post=11978"},{"taxonomy":"product_tag","embeddable":true,"href":"https:\/\/ceoparts.com\/es\/wp-json\/wp\/v2\/product_tag?post=11978"}],"curies":[{"name":"wp","href":"https:\/\/api.w.org\/{rel}","templated":true}]}}