{"id":11983,"date":"2024-11-12T10:15:27","date_gmt":"2024-11-12T07:15:27","guid":{"rendered":"https:\/\/ceoparts.com\/?post_type=product&#038;p=11983"},"modified":"2026-05-16T20:14:44","modified_gmt":"2026-05-16T17:14:44","slug":"230x70-80-msl-yuruyus-tekeri-0009903807","status":"publish","type":"product","link":"https:\/\/ceoparts.com\/es\/urun\/230x70-80-msl-yuruyus-tekeri-0009903807\/","title":{"rendered":"230X75-80 MSL Rueda a pie 6B &#8211; 4494268, 0009903807"},"content":{"rendered":"<p>230X75-80 MSL Rueda a pie 6B &#8211; 4494268, 0009903807<\/p>\n<p><span class=\"short_text\" lang=\"en\"><span class=\"hps\" title=\"Kliknij, aby wy\u015bwietli\u0107 alternatywne t\u0142umaczenia\"><span style=\"font-family: tim;\">EGV-S 330221\/330222<br \/>\nEGV-S LB 330229\/330230<\/span><\/span><\/span><\/p>\n<p>YALE<\/p>\n<p>HYSTER<\/p>\n<p>OM PIMESPO, BR VESTERGAARD<\/p>\n<p>0009903807, 8494268, 4494268, 95309172, 50983508934, 129TA9068<\/p>","protected":false},"excerpt":{"rendered":"<p data-start=\"0\" data-end=\"289\"><br data-start=\"3825\" data-end=\"3828\" \/>Rueda de rodadura 230\u00d775-80 MSL 6B es una rueda resistente y de alto rendimiento utilizada en montacargas y apiladores. Fabricada con tecnolog\u00eda MSL, ofrece alta resistencia al desgaste y larga vida \u00fatil. Garantiza un movimiento estable y seguro durante las operaciones.<\/p>\n<p data-start=\"4100\" data-end=\"4461\" data-is-last-node=\"\" data-is-only-node=\"\"><strong data-start=\"4100\" data-end=\"4120\">Caracter\u00edsticas:<\/strong><br data-start=\"4120\" data-end=\"4123\" \/><strong data-start=\"4123\" data-end=\"4147\">Nombre del producto:<\/strong> Rueda de rodadura 230\u00d775-80 MSL 6B<br data-start=\"4182\" data-end=\"4185\" \/><strong data-start=\"4185\" data-end=\"4205\">C\u00f3digo de pieza:<\/strong> 4494268, 0009903807<br data-start=\"4225\" data-end=\"4228\" \/><strong data-start=\"4228\" data-end=\"4241\">Material:<\/strong> Caucho de alta resistencia y aleaci\u00f3n met\u00e1lica<br data-start=\"4288\" data-end=\"4291\" \/><strong data-start=\"4291\" data-end=\"4314\">\u00c1rea de aplicaci\u00f3n:<\/strong> Rueda de rodadura para montacargas y apiladores<br data-start=\"4362\" data-end=\"4365\" \/><strong data-start=\"4365\" data-end=\"4377\">Ventaja:<\/strong> Alta durabilidad, larga vida \u00fatil, alta resistencia al desgaste, movimiento estable<\/p>\n","protected":false},"featured_media":11984,"template":"","meta":[],"product_brand":[],"product_cat":[256,260,395,397,193],"product_tag":[],"class_list":{"0":"post-11983","1":"product","2":"type-product","3":"status-publish","4":"has-post-thumbnail","6":"product_cat-hyster","7":"product_cat-yuruyus-tekeri-hyster","8":"product_cat-ceoparts","9":"product_cat-yuruyus-tekeri-ceo","10":"product_cat-yuruyus-tekeri","12":"first","13":"instock","14":"taxable","15":"shipping-taxable","16":"purchasable","17":"product-type-simple"},"_links":{"self":[{"href":"https:\/\/ceoparts.com\/es\/wp-json\/wp\/v2\/product\/11983","targetHints":{"allow":["GET"]}}],"collection":[{"href":"https:\/\/ceoparts.com\/es\/wp-json\/wp\/v2\/product"}],"about":[{"href":"https:\/\/ceoparts.com\/es\/wp-json\/wp\/v2\/types\/product"}],"wp:featuredmedia":[{"embeddable":true,"href":"https:\/\/ceoparts.com\/es\/wp-json\/wp\/v2\/media\/11984"}],"wp:attachment":[{"href":"https:\/\/ceoparts.com\/es\/wp-json\/wp\/v2\/media?parent=11983"}],"wp:term":[{"taxonomy":"product_brand","embeddable":true,"href":"https:\/\/ceoparts.com\/es\/wp-json\/wp\/v2\/product_brand?post=11983"},{"taxonomy":"product_cat","embeddable":true,"href":"https:\/\/ceoparts.com\/es\/wp-json\/wp\/v2\/product_cat?post=11983"},{"taxonomy":"product_tag","embeddable":true,"href":"https:\/\/ceoparts.com\/es\/wp-json\/wp\/v2\/product_tag?post=11983"}],"curies":[{"name":"wp","href":"https:\/\/api.w.org\/{rel}","templated":true}]}}