{"id":11988,"date":"2024-11-12T10:34:05","date_gmt":"2024-11-12T07:34:05","guid":{"rendered":"https:\/\/ceoparts.com\/?post_type=product&#038;p=11988"},"modified":"2026-05-16T14:33:37","modified_gmt":"2026-05-16T11:33:37","slug":"250x100-80-msl-yuruyus-tekeri-4493241","status":"publish","type":"product","link":"https:\/\/ceoparts.com\/es\/urun\/250x100-80-msl-yuruyus-tekeri-4493241\/","title":{"rendered":"250&#215;100-80 MSL Rueda a pie &#8211; 4493241, 0009903813"},"content":{"rendered":"<p>250&#215;100-80 MSL Rueda a pie &#8211; 4493241, 0009903813<\/p>\n<p><\/p>\n<p>CS 10M\/711041\/06-06<br \/>\nCS 16S\/711042\/06-06<br \/>\nCS 20\/711040\/06-06<br \/>\nCS 30Z\/711043\/06-06<br \/>\nCX-T\/711050\/01-08<br \/>\nCX20\/711044\/01-07<br \/>\nCXM 10\/711045\/01-07<br \/>\nCXS 16\/711046\/01-07<br \/>\nCXZ 30\/711047\/01-07<br \/>\nEXD S20\/710249\/01-07<br \/>\nEXU-S\/710148-710149\/01-07<\/p>","protected":false},"excerpt":{"rendered":"<p data-start=\"0\" data-end=\"265\"><br data-start=\"3679\" data-end=\"3682\" \/>Rueda de rodadura 250\u00d7100-80 MSL es una rueda resistente utilizada en montacargas y apiladores. Fabricada con tecnolog\u00eda MSL, ofrece alta resistencia al desgaste y larga vida \u00fatil. Garantiza un movimiento estable y seguro durante las operaciones.<\/p>\n<p data-start=\"3930\" data-end=\"4289\" data-is-last-node=\"\" data-is-only-node=\"\"><strong data-start=\"3930\" data-end=\"3950\">Caracter\u00edsticas:<\/strong><br data-start=\"3950\" data-end=\"3953\" \/><strong data-start=\"3953\" data-end=\"3977\">Nombre del producto:<\/strong> Rueda de rodadura 250\u00d7100-80 MSL<br data-start=\"4010\" data-end=\"4013\" \/><strong data-start=\"4013\" data-end=\"4033\">C\u00f3digo de pieza:<\/strong> 4493241, 0009903813<br data-start=\"4053\" data-end=\"4056\" \/><strong data-start=\"4056\" data-end=\"4069\">Material:<\/strong> Caucho de alta resistencia y aleaci\u00f3n met\u00e1lica<br data-start=\"4116\" data-end=\"4119\" \/><strong data-start=\"4119\" data-end=\"4142\">\u00c1rea de aplicaci\u00f3n:<\/strong> Rueda de rodadura para montacargas y apiladores<br data-start=\"4190\" data-end=\"4193\" \/><strong data-start=\"4193\" data-end=\"4205\">Ventaja:<\/strong> Alta durabilidad, larga vida \u00fatil, alta resistencia al desgaste, movimiento estable<\/p>\n","protected":false},"featured_media":11989,"template":"","meta":[],"product_brand":[],"product_cat":[395,397,193],"product_tag":[],"class_list":{"0":"post-11988","1":"product","2":"type-product","3":"status-publish","4":"has-post-thumbnail","6":"product_cat-ceoparts","7":"product_cat-yuruyus-tekeri-ceo","8":"product_cat-yuruyus-tekeri","10":"first","11":"instock","12":"taxable","13":"shipping-taxable","14":"purchasable","15":"product-type-simple"},"_links":{"self":[{"href":"https:\/\/ceoparts.com\/es\/wp-json\/wp\/v2\/product\/11988","targetHints":{"allow":["GET"]}}],"collection":[{"href":"https:\/\/ceoparts.com\/es\/wp-json\/wp\/v2\/product"}],"about":[{"href":"https:\/\/ceoparts.com\/es\/wp-json\/wp\/v2\/types\/product"}],"wp:featuredmedia":[{"embeddable":true,"href":"https:\/\/ceoparts.com\/es\/wp-json\/wp\/v2\/media\/11989"}],"wp:attachment":[{"href":"https:\/\/ceoparts.com\/es\/wp-json\/wp\/v2\/media?parent=11988"}],"wp:term":[{"taxonomy":"product_brand","embeddable":true,"href":"https:\/\/ceoparts.com\/es\/wp-json\/wp\/v2\/product_brand?post=11988"},{"taxonomy":"product_cat","embeddable":true,"href":"https:\/\/ceoparts.com\/es\/wp-json\/wp\/v2\/product_cat?post=11988"},{"taxonomy":"product_tag","embeddable":true,"href":"https:\/\/ceoparts.com\/es\/wp-json\/wp\/v2\/product_tag?post=11988"}],"curies":[{"name":"wp","href":"https:\/\/api.w.org\/{rel}","templated":true}]}}