{"id":11993,"date":"2024-11-12T10:38:24","date_gmt":"2024-11-12T07:38:24","guid":{"rendered":"https:\/\/ceoparts.com\/?post_type=product&#038;p=11993"},"modified":"2026-05-16T03:49:00","modified_gmt":"2026-05-16T00:49:00","slug":"285x100-msl-yuk-tekeri-0029903807-0009903910","status":"publish","type":"product","link":"https:\/\/ceoparts.com\/es\/urun\/285x100-msl-yuk-tekeri-0029903807-0009903910\/","title":{"rendered":"285&#215;100 MSL Ruedas de carga &#8211; 0029903807 \/ 0009903910"},"content":{"rendered":"<p>285&#215;100 MSL Ruedas de carga &#8211; 0029903807 \/ 0009903910<\/p>\n<p><\/p>\n<p>Linde 285&#215;100\u00a0 0029902329, 0029903807<\/p>\n<p>Linde R10\/12\/14 Seria 115 C,<\/p>\n<p>Linde R14\/16\/20 Seria 115-02,<\/p>\n<p>Linde R14\/16\/20 Seria 113<\/p>","protected":false},"excerpt":{"rendered":"<p data-start=\"0\" data-end=\"284\"><br data-start=\"3605\" data-end=\"3608\" \/>La <strong data-start=\"3611\" data-end=\"3665\">rueda de carga 285&#215;100 MSL 0029903807 \/ 0009903910<\/strong> es una rueda de repuesto de alta calidad utilizada en carretillas elevadoras, dise\u00f1ada para alta durabilidad y para mejorar la capacidad de carga de la carretilla. Su construcci\u00f3n robusta ofrece larga vida \u00fatil y soporta la estabilidad de la carretilla.<\/p>\n<p data-start=\"3921\" data-end=\"4230\" data-is-last-node=\"\" data-is-only-node=\"\"><strong data-start=\"3921\" data-end=\"3941\">Caracter\u00edsticas:<\/strong><br data-start=\"3941\" data-end=\"3944\" \/><strong data-start=\"3944\" data-end=\"3968\">Nombre del producto:<\/strong> Rueda de carga 285&#215;100 MSL<br data-start=\"3995\" data-end=\"3998\" \/><strong data-start=\"3998\" data-end=\"4018\">N\u00famero de pieza:<\/strong> 0029903807 \/ 0009903910<br data-start=\"4042\" data-end=\"4045\" \/><strong data-start=\"4045\" data-end=\"4058\">Material:<\/strong> Goma duradera y componentes met\u00e1licos<br data-start=\"4096\" data-end=\"4099\" \/><strong data-start=\"4099\" data-end=\"4115\">\u00c1rea de uso:<\/strong> Sistemas de carga para carretillas elevadoras<br data-start=\"4161\" data-end=\"4164\" \/><strong data-start=\"4164\" data-end=\"4176\">Ventaja:<\/strong> Alta durabilidad, conducci\u00f3n estable, larga vida \u00fatil<\/p>\n","protected":false},"featured_media":12012,"template":"","meta":[],"product_brand":[],"product_cat":[399,246,250,395,194],"product_tag":[],"class_list":{"0":"post-11993","1":"product","2":"type-product","3":"status-publish","4":"has-post-thumbnail","6":"product_cat-yuk-tekeri-ceo","7":"product_cat-linde","8":"product_cat-yuk-tekeri-linde","9":"product_cat-ceoparts","10":"product_cat-yuk-tekeri","12":"first","13":"instock","14":"taxable","15":"shipping-taxable","16":"purchasable","17":"product-type-simple"},"_links":{"self":[{"href":"https:\/\/ceoparts.com\/es\/wp-json\/wp\/v2\/product\/11993","targetHints":{"allow":["GET"]}}],"collection":[{"href":"https:\/\/ceoparts.com\/es\/wp-json\/wp\/v2\/product"}],"about":[{"href":"https:\/\/ceoparts.com\/es\/wp-json\/wp\/v2\/types\/product"}],"wp:featuredmedia":[{"embeddable":true,"href":"https:\/\/ceoparts.com\/es\/wp-json\/wp\/v2\/media\/12012"}],"wp:attachment":[{"href":"https:\/\/ceoparts.com\/es\/wp-json\/wp\/v2\/media?parent=11993"}],"wp:term":[{"taxonomy":"product_brand","embeddable":true,"href":"https:\/\/ceoparts.com\/es\/wp-json\/wp\/v2\/product_brand?post=11993"},{"taxonomy":"product_cat","embeddable":true,"href":"https:\/\/ceoparts.com\/es\/wp-json\/wp\/v2\/product_cat?post=11993"},{"taxonomy":"product_tag","embeddable":true,"href":"https:\/\/ceoparts.com\/es\/wp-json\/wp\/v2\/product_tag?post=11993"}],"curies":[{"name":"wp","href":"https:\/\/api.w.org\/{rel}","templated":true}]}}