{"id":11998,"date":"2024-11-12T10:42:29","date_gmt":"2024-11-12T07:42:29","guid":{"rendered":"https:\/\/ceoparts.com\/?post_type=product&#038;p=11998"},"modified":"2026-05-16T04:57:16","modified_gmt":"2026-05-16T01:57:16","slug":"285x100-msl-yuk-tekeri-4021574","status":"publish","type":"product","link":"https:\/\/ceoparts.com\/es\/urun\/285x100-msl-yuk-tekeri-4021574\/","title":{"rendered":"285&#215;100 MSL Ruedas de carga &#8211; 4021574, 550044345"},"content":{"rendered":"<div class=\"wpb-content-wrapper\"><p>285&#215;100 MSL Ruedas de carga &#8211; 4021574, 550044345<\/p>\n<p>[vc_row][vc_column][vc_column_text css=&#8221;&#8221; woodmart_inline=&#8221;no&#8221; text_larger=&#8221;no&#8221;][\/vc_column_text][\/vc_column][\/vc_row]<\/p>\n<\/div>","protected":false},"excerpt":{"rendered":"<p data-start=\"0\" data-end=\"320\"><br data-start=\"4059\" data-end=\"4062\" \/>Rueda de carga 285\u00d7100 MSL Estrella es una rueda de carga de alta calidad utilizada en montacargas y apiladores. Fabricada con tecnolog\u00eda MSL, su estructura duradera y alta resistencia al desgaste ofrecen una alta capacidad de carga. El dise\u00f1o en estrella aumenta la estabilidad y garantiza un movimiento seguro durante la operaci\u00f3n.<\/p>\n<p data-start=\"4397\" data-end=\"4757\" data-is-last-node=\"\" data-is-only-node=\"\"><strong data-start=\"4397\" data-end=\"4417\">Caracter\u00edsticas:<\/strong><br data-start=\"4417\" data-end=\"4420\" \/><strong data-start=\"4420\" data-end=\"4444\">Nombre del producto:<\/strong> Rueda de carga 285\u00d7100 MSL Estrella<br data-start=\"4480\" data-end=\"4483\" \/><strong data-start=\"4483\" data-end=\"4503\">C\u00f3digo de pieza:<\/strong> 4021574, 550044345<br data-start=\"4522\" data-end=\"4525\" \/><strong data-start=\"4525\" data-end=\"4538\">Material:<\/strong> Caucho de alta resistencia y aleaci\u00f3n met\u00e1lica<br data-start=\"4585\" data-end=\"4588\" \/><strong data-start=\"4588\" data-end=\"4611\">\u00c1rea de aplicaci\u00f3n:<\/strong> Rueda de carga para montacargas y apiladores<br data-start=\"4656\" data-end=\"4659\" \/><strong data-start=\"4659\" data-end=\"4671\">Ventaja:<\/strong> Alta durabilidad, larga vida \u00fatil, alta resistencia al desgaste, estabilidad mejorada<\/p>\n<p>&nbsp;<\/p>\n<p>&nbsp;<\/p>\n","protected":false},"featured_media":11999,"template":"","meta":[],"product_brand":[],"product_cat":[395,399,194],"product_tag":[],"class_list":{"0":"post-11998","1":"product","2":"type-product","3":"status-publish","4":"has-post-thumbnail","6":"product_cat-ceoparts","7":"product_cat-yuk-tekeri-ceo","8":"product_cat-yuk-tekeri","10":"first","11":"instock","12":"taxable","13":"shipping-taxable","14":"purchasable","15":"product-type-simple"},"_links":{"self":[{"href":"https:\/\/ceoparts.com\/es\/wp-json\/wp\/v2\/product\/11998","targetHints":{"allow":["GET"]}}],"collection":[{"href":"https:\/\/ceoparts.com\/es\/wp-json\/wp\/v2\/product"}],"about":[{"href":"https:\/\/ceoparts.com\/es\/wp-json\/wp\/v2\/types\/product"}],"wp:featuredmedia":[{"embeddable":true,"href":"https:\/\/ceoparts.com\/es\/wp-json\/wp\/v2\/media\/11999"}],"wp:attachment":[{"href":"https:\/\/ceoparts.com\/es\/wp-json\/wp\/v2\/media?parent=11998"}],"wp:term":[{"taxonomy":"product_brand","embeddable":true,"href":"https:\/\/ceoparts.com\/es\/wp-json\/wp\/v2\/product_brand?post=11998"},{"taxonomy":"product_cat","embeddable":true,"href":"https:\/\/ceoparts.com\/es\/wp-json\/wp\/v2\/product_cat?post=11998"},{"taxonomy":"product_tag","embeddable":true,"href":"https:\/\/ceoparts.com\/es\/wp-json\/wp\/v2\/product_tag?post=11998"}],"curies":[{"name":"wp","href":"https:\/\/api.w.org\/{rel}","templated":true}]}}