{"id":12049,"date":"2024-12-18T09:15:49","date_gmt":"2024-12-18T06:15:49","guid":{"rendered":"https:\/\/ceoparts.com\/?post_type=product&#038;p=12049"},"modified":"2026-05-16T15:08:33","modified_gmt":"2026-05-16T12:08:33","slug":"150x50-50-20-stellana-vulkolan-denge-tekeri-171029","status":"publish","type":"product","link":"https:\/\/ceoparts.com\/es\/urun\/150x50-50-20-stellana-vulkolan-denge-tekeri-171029\/","title":{"rendered":"150&#215;50\/50-20 Stellana Vulkollan Rueda Auxiliar &#8211; 171029"},"content":{"rendered":"<p>150&#215;50\/50-20 Stellana Vulkollan Rueda Auxiliar &#8211; 171029<\/p>\n<p><\/p>\n<div class=\"font12\">BT 171029<\/div>\n<div class=\"font12\"><\/div>\n<div class=\"font12\">\n<p>LPE 240<\/p>\n<p>P 24 ORION<\/p>\n<p>LR 2.0<br \/>\nLR 2.0 IKEA<br \/>\nLRE 200<\/p>\n<p>SR 1.35<br \/>\nSR 1.6<br \/>\nSR 1.6 L<br \/>\nSR 1.35 L<\/p>\n<p>SRE 135<br \/>\nSRE 135 L<br \/>\nSRE 160<br \/>\nSRE 160 L<\/p>\n<p>AL 24<\/p>\n<p>AS 14 S<br \/>\nAS 20<\/p>\n<p>LAE 240<\/p>\n<p>SAE 140 S<br \/>\nSAE 200<\/p>\n<\/div>\n<p><\/p>","protected":false},"excerpt":{"rendered":"<p data-start=\"0\" data-end=\"325\"><br data-start=\"3984\" data-end=\"3987\" \/>Rueda estabilizadora Stellana Vulkollan 150\u00d750\/50-20, rueda estabilizadora de alta calidad utilizada en montacargas y apiladores para asegurar el equilibrio y la estabilidad. Fabricada en vulkolan duradero, ofrece una larga vida \u00fatil y alta resistencia a la fricci\u00f3n. Garantiza un movimiento estable de la m\u00e1quina durante la operaci\u00f3n.<\/p>\n<p data-start=\"4324\" data-end=\"4657\" data-is-last-node=\"\" data-is-only-node=\"\"><strong data-start=\"4324\" data-end=\"4344\">Caracter\u00edsticas:<\/strong><br data-start=\"4344\" data-end=\"4347\" \/><strong data-start=\"4347\" data-end=\"4371\">Nombre del producto:<\/strong> Rueda estabilizadora Stellana Vulkollan 150\u00d750\/50-20<br data-start=\"4424\" data-end=\"4427\" \/><strong data-start=\"4427\" data-end=\"4447\">C\u00f3digo de pieza:<\/strong> 171029<br data-start=\"4454\" data-end=\"4457\" \/><strong data-start=\"4457\" data-end=\"4470\">Material:<\/strong> Vulkolan<br data-start=\"4479\" data-end=\"4482\" \/><strong data-start=\"4482\" data-end=\"4505\">\u00c1rea de aplicaci\u00f3n:<\/strong> Rueda estabilizadora para montacargas y apiladores<br data-start=\"4556\" data-end=\"4559\" \/><strong data-start=\"4559\" data-end=\"4571\">Ventaja:<\/strong> Alta durabilidad, larga vida \u00fatil, alta resistencia a la fricci\u00f3n, movimiento estable<\/p>\n","protected":false},"featured_media":12051,"template":"","meta":[],"product_brand":[],"product_cat":[251,252,416,417,185],"product_tag":[],"class_list":{"0":"post-12049","1":"product","2":"type-product","3":"status-publish","4":"has-post-thumbnail","6":"product_cat-bt","7":"product_cat-denge-tekeri-bt","8":"product_cat-stellana","9":"product_cat-denge-tekeri-stellana","10":"product_cat-denge-tekeri","12":"first","13":"instock","14":"taxable","15":"shipping-taxable","16":"purchasable","17":"product-type-simple"},"_links":{"self":[{"href":"https:\/\/ceoparts.com\/es\/wp-json\/wp\/v2\/product\/12049","targetHints":{"allow":["GET"]}}],"collection":[{"href":"https:\/\/ceoparts.com\/es\/wp-json\/wp\/v2\/product"}],"about":[{"href":"https:\/\/ceoparts.com\/es\/wp-json\/wp\/v2\/types\/product"}],"wp:featuredmedia":[{"embeddable":true,"href":"https:\/\/ceoparts.com\/es\/wp-json\/wp\/v2\/media\/12051"}],"wp:attachment":[{"href":"https:\/\/ceoparts.com\/es\/wp-json\/wp\/v2\/media?parent=12049"}],"wp:term":[{"taxonomy":"product_brand","embeddable":true,"href":"https:\/\/ceoparts.com\/es\/wp-json\/wp\/v2\/product_brand?post=12049"},{"taxonomy":"product_cat","embeddable":true,"href":"https:\/\/ceoparts.com\/es\/wp-json\/wp\/v2\/product_cat?post=12049"},{"taxonomy":"product_tag","embeddable":true,"href":"https:\/\/ceoparts.com\/es\/wp-json\/wp\/v2\/product_tag?post=12049"}],"curies":[{"name":"wp","href":"https:\/\/api.w.org\/{rel}","templated":true}]}}