{"id":12156,"date":"2024-12-27T14:40:16","date_gmt":"2024-12-27T11:40:16","guid":{"rendered":"https:\/\/ceoparts.com\/?post_type=product&#038;p=12156"},"modified":"2026-05-16T16:39:36","modified_gmt":"2026-05-16T13:39:36","slug":"17x85-mm-lwe-catal-ayak-mili","status":"publish","type":"product","link":"https:\/\/ceoparts.com\/es\/urun\/17x85-mm-lwe-catal-ayak-mili\/","title":{"rendered":"17&#215;85 mm LWE Eje del pie de la horquilla"},"content":{"rendered":"<p>17&#215;85 mm LWE Eje del pie de la horquilla<\/p>","protected":false},"excerpt":{"rendered":"<p data-start=\"0\" data-end=\"342\"><br data-start=\"3568\" data-end=\"3571\" \/>El eje de brazo de horquilla 17\u00d785 mm LWE se utiliza en apiladores BT Toyota LWE para la conexi\u00f3n del brazo de la horquilla. Fabricado con acero de alta resistencia, est\u00e1 dise\u00f1ado para soportar cargas continuas. Resistente al desgaste y los impactos, garantiza un funcionamiento estable y seguro.<\/p>\n<p data-start=\"3869\" data-end=\"4202\" data-is-last-node=\"\" data-is-only-node=\"\"><strong data-start=\"3869\" data-end=\"3889\">Caracter\u00edsticas:<\/strong><br data-start=\"3889\" data-end=\"3892\" \/><strong data-start=\"3892\" data-end=\"3916\">Nombre del producto:<\/strong> Eje de brazo de horquilla 17\u00d785 mm LWE<br data-start=\"3955\" data-end=\"3958\" \/><strong data-start=\"3958\" data-end=\"3978\">C\u00f3digo de pieza:<\/strong> &#8211;<br data-start=\"3980\" data-end=\"3983\" \/><strong data-start=\"3983\" data-end=\"3996\">Material:<\/strong> Acero de alta resistencia<br data-start=\"4022\" data-end=\"4025\" \/><strong data-start=\"4025\" data-end=\"4048\">\u00c1rea de aplicaci\u00f3n:<\/strong> Conexiones de brazo de horquilla en apiladores BT Toyota LWE<br data-start=\"4109\" data-end=\"4112\" \/><strong data-start=\"4112\" data-end=\"4124\">Ventaja:<\/strong> Estructura robusta, larga vida \u00fatil, resistencia al desgaste y a los impactos<\/p>\n","protected":false},"featured_media":12370,"template":"","meta":[],"product_brand":[],"product_cat":[521,530,251,441,464,467,518],"product_tag":[],"class_list":{"0":"post-12156","1":"product","2":"type-product","3":"status-publish","4":"has-post-thumbnail","6":"product_cat-toyota","7":"product_cat-yedek-parca-toyota","8":"product_cat-bt","9":"product_cat-yedek-parca","10":"product_cat-burc-ve-mill-grubu","11":"product_cat-mil-grubu","12":"product_cat-yedek-parca-bt","14":"first","15":"instock","16":"taxable","17":"shipping-taxable","18":"purchasable","19":"product-type-simple"},"_links":{"self":[{"href":"https:\/\/ceoparts.com\/es\/wp-json\/wp\/v2\/product\/12156","targetHints":{"allow":["GET"]}}],"collection":[{"href":"https:\/\/ceoparts.com\/es\/wp-json\/wp\/v2\/product"}],"about":[{"href":"https:\/\/ceoparts.com\/es\/wp-json\/wp\/v2\/types\/product"}],"wp:featuredmedia":[{"embeddable":true,"href":"https:\/\/ceoparts.com\/es\/wp-json\/wp\/v2\/media\/12370"}],"wp:attachment":[{"href":"https:\/\/ceoparts.com\/es\/wp-json\/wp\/v2\/media?parent=12156"}],"wp:term":[{"taxonomy":"product_brand","embeddable":true,"href":"https:\/\/ceoparts.com\/es\/wp-json\/wp\/v2\/product_brand?post=12156"},{"taxonomy":"product_cat","embeddable":true,"href":"https:\/\/ceoparts.com\/es\/wp-json\/wp\/v2\/product_cat?post=12156"},{"taxonomy":"product_tag","embeddable":true,"href":"https:\/\/ceoparts.com\/es\/wp-json\/wp\/v2\/product_tag?post=12156"}],"curies":[{"name":"wp","href":"https:\/\/api.w.org\/{rel}","templated":true}]}}