{"id":12169,"date":"2024-12-27T15:01:09","date_gmt":"2024-12-27T12:01:09","guid":{"rendered":"https:\/\/ceoparts.com\/?post_type=product&#038;p=12169"},"modified":"2026-05-16T21:01:52","modified_gmt":"2026-05-16T18:01:52","slug":"20x170-mm-jungheinrich-mil-51023795","status":"publish","type":"product","link":"https:\/\/ceoparts.com\/es\/urun\/20x170-mm-jungheinrich-mil-51023795\/","title":{"rendered":"20&#215;170 mm Jungheinrich ERE 120 Eje &#8211; 51023795"},"content":{"rendered":"<p>20&#215;170 mm Jungheinrich ERE 120 Eje &#8211; 51023795<\/p>","protected":false},"excerpt":{"rendered":"<p data-start=\"0\" data-end=\"360\"><br data-start=\"4087\" data-end=\"4090\" \/>El eje Jungheinrich 20\u00d7170 mm ERE 120 es un componente duradero utilizado para soportar piezas giratorias y m\u00f3viles y transmitir potencia en montacargas y apiladores. Dise\u00f1ado espec\u00edficamente para modelos Jungheinrich ERE 120, est\u00e1 fabricado con acero de alta calidad y es resistente al desgaste, garantizando un funcionamiento fluido del equipo.<\/p>\n<p data-start=\"4438\" data-end=\"4787\" data-is-last-node=\"\" data-is-only-node=\"\"><strong data-start=\"4438\" data-end=\"4458\">Caracter\u00edsticas:<\/strong><br data-start=\"4458\" data-end=\"4461\" \/><strong data-start=\"4461\" data-end=\"4485\">Nombre del producto:<\/strong> Eje Jungheinrich 20\u00d7170 mm ERE 120<br data-start=\"4520\" data-end=\"4523\" \/><strong data-start=\"4523\" data-end=\"4543\">C\u00f3digo de pieza:<\/strong> 51023795<br data-start=\"4552\" data-end=\"4555\" \/><strong data-start=\"4555\" data-end=\"4568\">Material:<\/strong> Acero de alta resistencia<br data-start=\"4594\" data-end=\"4597\" \/><strong data-start=\"4597\" data-end=\"4620\">\u00c1rea de aplicaci\u00f3n:<\/strong> Componentes giratorios de montacargas y apiladores Jungheinrich ERE 120<br data-start=\"4692\" data-end=\"4695\" \/><strong data-start=\"4695\" data-end=\"4707\">Ventaja:<\/strong> Estructura duradera, alta resistencia, resistencia al desgaste, larga vida \u00fatil<\/p>\n","protected":false},"featured_media":12346,"template":"","meta":[],"product_brand":[],"product_cat":[236,441,464,467,522],"product_tag":[],"class_list":{"0":"post-12169","1":"product","2":"type-product","3":"status-publish","4":"has-post-thumbnail","6":"product_cat-jungheinrich","7":"product_cat-yedek-parca","8":"product_cat-burc-ve-mill-grubu","9":"product_cat-mil-grubu","10":"product_cat-yedek-parca-jungheinrich","12":"first","13":"instock","14":"taxable","15":"shipping-taxable","16":"purchasable","17":"product-type-simple"},"_links":{"self":[{"href":"https:\/\/ceoparts.com\/es\/wp-json\/wp\/v2\/product\/12169","targetHints":{"allow":["GET"]}}],"collection":[{"href":"https:\/\/ceoparts.com\/es\/wp-json\/wp\/v2\/product"}],"about":[{"href":"https:\/\/ceoparts.com\/es\/wp-json\/wp\/v2\/types\/product"}],"wp:featuredmedia":[{"embeddable":true,"href":"https:\/\/ceoparts.com\/es\/wp-json\/wp\/v2\/media\/12346"}],"wp:attachment":[{"href":"https:\/\/ceoparts.com\/es\/wp-json\/wp\/v2\/media?parent=12169"}],"wp:term":[{"taxonomy":"product_brand","embeddable":true,"href":"https:\/\/ceoparts.com\/es\/wp-json\/wp\/v2\/product_brand?post=12169"},{"taxonomy":"product_cat","embeddable":true,"href":"https:\/\/ceoparts.com\/es\/wp-json\/wp\/v2\/product_cat?post=12169"},{"taxonomy":"product_tag","embeddable":true,"href":"https:\/\/ceoparts.com\/es\/wp-json\/wp\/v2\/product_tag?post=12169"}],"curies":[{"name":"wp","href":"https:\/\/api.w.org\/{rel}","templated":true}]}}