{"id":12250,"date":"2024-12-27T17:51:18","date_gmt":"2024-12-27T14:51:18","guid":{"rendered":"https:\/\/ceoparts.com\/?post_type=product&#038;p=12250"},"modified":"2026-05-16T16:33:47","modified_gmt":"2026-05-16T13:33:47","slug":"125x50-60-20-denge-teker-burc","status":"publish","type":"product","link":"https:\/\/ceoparts.com\/es\/urun\/125x50-60-20-denge-teker-burc\/","title":{"rendered":"125&#215;50\/60-20 Casquillo de la rueda de equilibrado"},"content":{"rendered":"<p>125&#215;50\/60-20 Casquillo de la rueda de equilibrado<\/p>","protected":false},"excerpt":{"rendered":"<p data-start=\"74\" data-end=\"368\"><br data-start=\"3855\" data-end=\"3858\" \/>El casquillo de rueda estabilizadora 125\u00d750\/60-20 es un componente duradero que proporciona un soporte s\u00f3lido y estable al eje de la rueda estabilizadora en montacargas y apiladores. Fabricado con material de alta calidad, es resistente al desgaste y a los impactos. Mejora la estabilidad y el rendimiento de conducci\u00f3n del montacargas.<\/p>\n<p data-start=\"4196\" data-end=\"4537\"><strong data-start=\"4196\" data-end=\"4216\">Caracter\u00edsticas:<\/strong><br data-start=\"4216\" data-end=\"4219\" \/><strong data-start=\"4219\" data-end=\"4243\">Nombre del producto:<\/strong> Casquillo de rueda estabilizadora 125\u00d750\/60-20<br data-start=\"4290\" data-end=\"4293\" \/><strong data-start=\"4293\" data-end=\"4313\">C\u00f3digo de pieza:<\/strong> &#8211;<br data-start=\"4315\" data-end=\"4318\" \/><strong data-start=\"4318\" data-end=\"4331\">Material:<\/strong> Aleaci\u00f3n met\u00e1lica duradera<br data-start=\"4358\" data-end=\"4361\" \/><strong data-start=\"4361\" data-end=\"4384\">\u00c1rea de aplicaci\u00f3n:<\/strong> Ruedas estabilizadoras de montacargas y apiladores<br data-start=\"4435\" data-end=\"4438\" \/><strong data-start=\"4438\" data-end=\"4450\">Ventaja:<\/strong> Construcci\u00f3n s\u00f3lida, resistencia al desgaste, larga vida \u00fatil, resistente a impactos<\/p>\n","protected":false},"featured_media":12318,"template":"","meta":[],"product_brand":[],"product_cat":[441,464,466],"product_tag":[],"class_list":{"0":"post-12250","1":"product","2":"type-product","3":"status-publish","4":"has-post-thumbnail","6":"product_cat-yedek-parca","7":"product_cat-burc-ve-mill-grubu","8":"product_cat-denge-teker-burcu","10":"first","11":"instock","12":"taxable","13":"shipping-taxable","14":"purchasable","15":"product-type-simple"},"_links":{"self":[{"href":"https:\/\/ceoparts.com\/es\/wp-json\/wp\/v2\/product\/12250","targetHints":{"allow":["GET"]}}],"collection":[{"href":"https:\/\/ceoparts.com\/es\/wp-json\/wp\/v2\/product"}],"about":[{"href":"https:\/\/ceoparts.com\/es\/wp-json\/wp\/v2\/types\/product"}],"wp:featuredmedia":[{"embeddable":true,"href":"https:\/\/ceoparts.com\/es\/wp-json\/wp\/v2\/media\/12318"}],"wp:attachment":[{"href":"https:\/\/ceoparts.com\/es\/wp-json\/wp\/v2\/media?parent=12250"}],"wp:term":[{"taxonomy":"product_brand","embeddable":true,"href":"https:\/\/ceoparts.com\/es\/wp-json\/wp\/v2\/product_brand?post=12250"},{"taxonomy":"product_cat","embeddable":true,"href":"https:\/\/ceoparts.com\/es\/wp-json\/wp\/v2\/product_cat?post=12250"},{"taxonomy":"product_tag","embeddable":true,"href":"https:\/\/ceoparts.com\/es\/wp-json\/wp\/v2\/product_tag?post=12250"}],"curies":[{"name":"wp","href":"https:\/\/api.w.org\/{rel}","templated":true}]}}