{"id":12429,"date":"2024-12-30T12:01:52","date_gmt":"2024-12-30T09:01:52","guid":{"rendered":"https:\/\/ceoparts.com\/?post_type=product&#038;p=12429"},"modified":"2026-05-16T16:18:13","modified_gmt":"2026-05-16T13:18:13","slug":"yeni-kasa-denge-tekeri-borusu","status":"publish","type":"product","link":"https:\/\/ceoparts.com\/es\/urun\/yeni-kasa-denge-tekeri-borusu\/","title":{"rendered":"125&#215;50\/60-20 Ruota di bilanciamento M12 Bush"},"content":{"rendered":"<p>125&#215;50\/60-20 Ruota di bilanciamento M12 Bush<\/p>","protected":false},"excerpt":{"rendered":"<p data-start=\"87\" data-end=\"489\"><br data-start=\"4870\" data-end=\"4873\" \/>La rueda de equilibrio 125\u00d750\/60-20 con buje M12 es una rueda resistente y duradera utilizada en montacargas y apiladores para proporcionar estabilidad y control de direcci\u00f3n. Su conexi\u00f3n con buje M12 permite una instalaci\u00f3n sencilla y asegura la estabilidad bajo carga, favoreciendo el correcto funcionamiento de la m\u00e1quina. Su estructura resistente al desgaste garantiza un rendimiento duradero en condiciones de uso intensivo.<\/p>\n<p data-start=\"5304\" data-end=\"5699\"><strong data-start=\"5304\" data-end=\"5324\">Caracter\u00edsticas:<\/strong><br data-start=\"5324\" data-end=\"5327\" \/><strong data-start=\"5327\" data-end=\"5351\">Nombre del producto:<\/strong> Rueda de equilibrio 125\u00d750\/60-20 con buje M12<br data-start=\"5397\" data-end=\"5400\" \/><strong data-start=\"5400\" data-end=\"5420\">C\u00f3digo de pieza:<\/strong> &#8211;<br data-start=\"5422\" data-end=\"5425\" \/><strong data-start=\"5425\" data-end=\"5438\">Material:<\/strong> Cuerpo de acero recubierto de poliuretano<br data-start=\"5480\" data-end=\"5483\" \/><strong data-start=\"5483\" data-end=\"5506\">\u00c1rea de aplicaci\u00f3n:<\/strong> Sistemas de equilibrio y direcci\u00f3n para montacargas y apiladores<br data-start=\"5571\" data-end=\"5574\" \/><strong data-start=\"5574\" data-end=\"5586\">Ventaja:<\/strong> Resistente al desgaste, instalaci\u00f3n sencilla con buje M12, funcionamiento silencioso y estable, larga duraci\u00f3n<\/p>\n","protected":false},"featured_media":12431,"template":"","meta":[],"product_brand":[],"product_cat":[466],"product_tag":[],"class_list":{"0":"post-12429","1":"product","2":"type-product","3":"status-publish","4":"has-post-thumbnail","6":"product_cat-denge-teker-burcu","8":"first","9":"instock","10":"taxable","11":"shipping-taxable","12":"purchasable","13":"product-type-simple"},"_links":{"self":[{"href":"https:\/\/ceoparts.com\/es\/wp-json\/wp\/v2\/product\/12429","targetHints":{"allow":["GET"]}}],"collection":[{"href":"https:\/\/ceoparts.com\/es\/wp-json\/wp\/v2\/product"}],"about":[{"href":"https:\/\/ceoparts.com\/es\/wp-json\/wp\/v2\/types\/product"}],"wp:featuredmedia":[{"embeddable":true,"href":"https:\/\/ceoparts.com\/es\/wp-json\/wp\/v2\/media\/12431"}],"wp:attachment":[{"href":"https:\/\/ceoparts.com\/es\/wp-json\/wp\/v2\/media?parent=12429"}],"wp:term":[{"taxonomy":"product_brand","embeddable":true,"href":"https:\/\/ceoparts.com\/es\/wp-json\/wp\/v2\/product_brand?post=12429"},{"taxonomy":"product_cat","embeddable":true,"href":"https:\/\/ceoparts.com\/es\/wp-json\/wp\/v2\/product_cat?post=12429"},{"taxonomy":"product_tag","embeddable":true,"href":"https:\/\/ceoparts.com\/es\/wp-json\/wp\/v2\/product_tag?post=12429"}],"curies":[{"name":"wp","href":"https:\/\/api.w.org\/{rel}","templated":true}]}}