{"id":12434,"date":"2024-12-30T17:36:52","date_gmt":"2024-12-30T14:36:52","guid":{"rendered":"https:\/\/ceoparts.com\/?post_type=product&#038;p=12434"},"modified":"2026-05-16T09:34:17","modified_gmt":"2026-05-16T06:34:17","slug":"jungheinrich-ere-120-catal-mekanizmasi-bos-takim-51448827","status":"publish","type":"product","link":"https:\/\/ceoparts.com\/es\/urun\/jungheinrich-ere-120-catal-mekanizmasi-bos-takim-51448827\/","title":{"rendered":"Juego vac\u00edo del mecanismo de horquilla Jungheinrich ERE 120 (Sin ruedas) &#8211; 51448827"},"content":{"rendered":"<p>Juego vac\u00edo del mecanismo de horquilla Jungheinrich ERE 120 (Sin ruedas) &#8211; 51448827<\/p>\n<p>&nbsp;<\/p>\n<p>Jungheinrich 51448827<\/p>\n<p>ERE 120 \/ 125 \/ 225\u00a010.16 \u2013<br \/>\nERE 120 \/ 125 \/ 225 (US)\u00a010.16 \u2013<br \/>\nEJE 114 \/ 116 \/ 118 \/ 120\u00a03.18 \u2013<br \/>\nEJE 120 US\u00a03.18 \u2013<br \/>\nPW23P\u00a03.18 \u2013<br \/>\n2WP4500\u00a03.18 \u2013<br \/>\nEJE 222\/225\u00a08.18 \u2013<br \/>\nEJE 225 (USA)\u00a08.18 \u2013<br \/>\nPW30P\u00a08.18 \u2013<br \/>\n2WP6000\u00a08.18 \u2013<br \/>\nEJE 230-235\u00a02.20 \u2013<br \/>\nERE 225i\u00a010.21 \u2013<br \/>\nERE 225i (US)\u00a010.21<\/p>","protected":false},"excerpt":{"rendered":"<p data-start=\"78\" data-end=\"415\"><br data-start=\"4430\" data-end=\"4433\" \/>El Juego de Mecanismo de Horquilla Jungheinrich ERE 120 (Sin Ruedas) es un conjunto de mecanismos de alta calidad dise\u00f1ado espec\u00edficamente para montacargas y apiladores. Garantiza una conexi\u00f3n segura y robusta durante las operaciones de elevaci\u00f3n y manipulaci\u00f3n de cargas. Su dise\u00f1o sin ruedas permite compatibilidad con las ruedas existentes y una instalaci\u00f3n sencilla.<\/p>\n<p data-start=\"4805\" data-end=\"5195\"><strong data-start=\"4805\" data-end=\"4825\">Caracter\u00edsticas:<\/strong><br data-start=\"4825\" data-end=\"4828\" \/><strong data-start=\"4828\" data-end=\"4852\">Nombre del producto:<\/strong> Juego de Mecanismo de Horquilla Jungheinrich ERE 120 (Sin Ruedas)<br data-start=\"4918\" data-end=\"4921\" \/><strong data-start=\"4921\" data-end=\"4941\">C\u00f3digo de pieza:<\/strong> 51448827<br data-start=\"4950\" data-end=\"4953\" \/><strong data-start=\"4953\" data-end=\"4966\">Material:<\/strong> Acero de alta resistencia y componentes de fijaci\u00f3n<br data-start=\"5018\" data-end=\"5021\" \/><strong data-start=\"5021\" data-end=\"5044\">\u00c1rea de aplicaci\u00f3n:<\/strong> Montacargas y apiladores Jungheinrich ERE 120<br data-start=\"5090\" data-end=\"5093\" \/><strong data-start=\"5093\" data-end=\"5105\">Ventaja:<\/strong> Estructura resistente, f\u00e1cil instalaci\u00f3n, uso duradero, instalaci\u00f3n flexible sin ruedas<\/p>\n","protected":false},"featured_media":12435,"template":"","meta":[],"product_brand":[],"product_cat":[236,406,408,522],"product_tag":[],"class_list":{"0":"post-12434","1":"product","2":"type-product","3":"status-publish","4":"has-post-thumbnail","6":"product_cat-jungheinrich","7":"product_cat-catal-mekanizma","8":"product_cat-jungheinrich-catal-mekanizma","9":"product_cat-yedek-parca-jungheinrich","11":"first","12":"instock","13":"taxable","14":"shipping-taxable","15":"purchasable","16":"product-type-simple"},"_links":{"self":[{"href":"https:\/\/ceoparts.com\/es\/wp-json\/wp\/v2\/product\/12434","targetHints":{"allow":["GET"]}}],"collection":[{"href":"https:\/\/ceoparts.com\/es\/wp-json\/wp\/v2\/product"}],"about":[{"href":"https:\/\/ceoparts.com\/es\/wp-json\/wp\/v2\/types\/product"}],"wp:featuredmedia":[{"embeddable":true,"href":"https:\/\/ceoparts.com\/es\/wp-json\/wp\/v2\/media\/12435"}],"wp:attachment":[{"href":"https:\/\/ceoparts.com\/es\/wp-json\/wp\/v2\/media?parent=12434"}],"wp:term":[{"taxonomy":"product_brand","embeddable":true,"href":"https:\/\/ceoparts.com\/es\/wp-json\/wp\/v2\/product_brand?post=12434"},{"taxonomy":"product_cat","embeddable":true,"href":"https:\/\/ceoparts.com\/es\/wp-json\/wp\/v2\/product_cat?post=12434"},{"taxonomy":"product_tag","embeddable":true,"href":"https:\/\/ceoparts.com\/es\/wp-json\/wp\/v2\/product_tag?post=12434"}],"curies":[{"name":"wp","href":"https:\/\/api.w.org\/{rel}","templated":true}]}}