{"id":12519,"date":"2025-01-06T11:29:40","date_gmt":"2025-01-06T08:29:40","guid":{"rendered":"https:\/\/ceoparts.com\/?post_type=product&#038;p=12519"},"modified":"2026-05-16T18:58:53","modified_gmt":"2026-05-16T15:58:53","slug":"rema-160a-aku-soketi-fisi-disi","status":"publish","type":"product","link":"https:\/\/ceoparts.com\/es\/urun\/rema-160a-aku-soketi-fisi-disi\/","title":{"rendered":"Enchufe \/ Conector de Bater\u00eda Rema 160A &#8211; Hembra"},"content":{"rendered":"<p>Enchufe \/ Conector de Bater\u00eda Rema 160A &#8211; Hembra<\/p>","protected":false},"excerpt":{"rendered":"<p data-start=\"0\" data-end=\"313\"><br data-start=\"4322\" data-end=\"4325\" \/>Conector \/ enchufe hembra Rema 160A es un conector de bater\u00eda de alta calidad y duradero utilizado para conexiones de bater\u00eda en montacargas y veh\u00edculos industriales. Proporciona una transmisi\u00f3n de energ\u00eda segura con alta capacidad de corriente. Su construcci\u00f3n robusta y f\u00e1cil instalaci\u00f3n ofrecen un uso duradero y pr\u00e1ctico.<\/p>\n<p data-start=\"4652\" data-end=\"5034\" data-is-last-node=\"\" data-is-only-node=\"\"><strong data-start=\"4652\" data-end=\"4672\">Caracter\u00edsticas:<\/strong><br data-start=\"4672\" data-end=\"4675\" \/><strong data-start=\"4675\" data-end=\"4699\">Nombre del producto:<\/strong> Conector \/ enchufe hembra Rema 160A<br data-start=\"4735\" data-end=\"4738\" \/><strong data-start=\"4738\" data-end=\"4758\">C\u00f3digo de pieza:<\/strong> &#8211;<br data-start=\"4760\" data-end=\"4763\" \/><strong data-start=\"4763\" data-end=\"4776\">Material:<\/strong> Pl\u00e1stico de alta calidad y contactos conductores de cobre<br data-start=\"4834\" data-end=\"4837\" \/><strong data-start=\"4837\" data-end=\"4860\">\u00c1rea de aplicaci\u00f3n:<\/strong> Conexiones de bater\u00eda para montacargas, sistemas el\u00e9ctricos industriales<br data-start=\"4933\" data-end=\"4936\" \/><strong data-start=\"4936\" data-end=\"4948\">Ventaja:<\/strong> Alta capacidad de corriente, construcci\u00f3n robusta, f\u00e1cil instalaci\u00f3n, conexi\u00f3n fiable<\/p>\n","protected":false},"featured_media":15534,"template":"","meta":[],"product_brand":[],"product_cat":[442,444],"product_tag":[],"class_list":{"0":"post-12519","1":"product","2":"type-product","3":"status-publish","4":"has-post-thumbnail","6":"product_cat-aku-yedek-parcalari","7":"product_cat-aku-fisi","9":"first","10":"instock","11":"taxable","12":"shipping-taxable","13":"purchasable","14":"product-type-simple"},"_links":{"self":[{"href":"https:\/\/ceoparts.com\/es\/wp-json\/wp\/v2\/product\/12519","targetHints":{"allow":["GET"]}}],"collection":[{"href":"https:\/\/ceoparts.com\/es\/wp-json\/wp\/v2\/product"}],"about":[{"href":"https:\/\/ceoparts.com\/es\/wp-json\/wp\/v2\/types\/product"}],"wp:featuredmedia":[{"embeddable":true,"href":"https:\/\/ceoparts.com\/es\/wp-json\/wp\/v2\/media\/15534"}],"wp:attachment":[{"href":"https:\/\/ceoparts.com\/es\/wp-json\/wp\/v2\/media?parent=12519"}],"wp:term":[{"taxonomy":"product_brand","embeddable":true,"href":"https:\/\/ceoparts.com\/es\/wp-json\/wp\/v2\/product_brand?post=12519"},{"taxonomy":"product_cat","embeddable":true,"href":"https:\/\/ceoparts.com\/es\/wp-json\/wp\/v2\/product_cat?post=12519"},{"taxonomy":"product_tag","embeddable":true,"href":"https:\/\/ceoparts.com\/es\/wp-json\/wp\/v2\/product_tag?post=12519"}],"curies":[{"name":"wp","href":"https:\/\/api.w.org\/{rel}","templated":true}]}}