{"id":12539,"date":"2025-01-06T12:56:07","date_gmt":"2025-01-06T09:56:07","guid":{"rendered":"https:\/\/ceoparts.com\/?post_type=product&#038;p=12539"},"modified":"2026-05-16T20:15:46","modified_gmt":"2026-05-16T17:15:46","slug":"rema-320a-aku-soketi-fisi-disi","status":"publish","type":"product","link":"https:\/\/ceoparts.com\/es\/urun\/rema-320a-aku-soketi-fisi-disi\/","title":{"rendered":"Enchufe \/ Conector de Bater\u00eda Rema 320A &#8211; Hembra"},"content":{"rendered":"<p>Enchufe \/ Conector de Bater\u00eda Rema 320A &#8211; Hembra<\/p>","protected":false},"excerpt":{"rendered":"<p data-start=\"0\" data-end=\"306\"><br data-start=\"4260\" data-end=\"4263\" \/>Conector \/ enchufe hembra Rema 320A es un conector de bater\u00eda de alta calidad y duradero utilizado para conexiones de bater\u00eda en montacargas y veh\u00edculos industriales. Proporciona una transmisi\u00f3n de energ\u00eda segura con alta capacidad de corriente. Su construcci\u00f3n robusta y f\u00e1cil instalaci\u00f3n ofrecen un uso duradero y pr\u00e1ctico.<\/p>\n<p data-start=\"4590\" data-end=\"4974\"><strong data-start=\"4590\" data-end=\"4610\">Caracter\u00edsticas:<\/strong><br data-start=\"4610\" data-end=\"4613\" \/><strong data-start=\"4613\" data-end=\"4637\">Nombre del producto:<\/strong> Conector \/ enchufe hembra Rema 320A<br data-start=\"4673\" data-end=\"4676\" \/><strong data-start=\"4676\" data-end=\"4696\">C\u00f3digo de pieza:<\/strong> &#8211;<br data-start=\"4698\" data-end=\"4701\" \/><strong data-start=\"4701\" data-end=\"4714\">Material:<\/strong> Pl\u00e1stico de alta calidad y contactos conductores de cobre<br data-start=\"4772\" data-end=\"4775\" \/><strong data-start=\"4775\" data-end=\"4798\">\u00c1rea de aplicaci\u00f3n:<\/strong> Conexiones de bater\u00eda para montacargas, sistemas el\u00e9ctricos industriales<br data-start=\"4871\" data-end=\"4874\" \/><strong data-start=\"4874\" data-end=\"4886\">Ventaja:<\/strong> Alta capacidad de corriente, construcci\u00f3n robusta, f\u00e1cil instalaci\u00f3n, conexi\u00f3n fiable<\/p>\n","protected":false},"featured_media":15536,"template":"","meta":[],"product_brand":[],"product_cat":[442,444],"product_tag":[],"class_list":{"0":"post-12539","1":"product","2":"type-product","3":"status-publish","4":"has-post-thumbnail","6":"product_cat-aku-yedek-parcalari","7":"product_cat-aku-fisi","9":"first","10":"instock","11":"taxable","12":"shipping-taxable","13":"purchasable","14":"product-type-simple"},"_links":{"self":[{"href":"https:\/\/ceoparts.com\/es\/wp-json\/wp\/v2\/product\/12539","targetHints":{"allow":["GET"]}}],"collection":[{"href":"https:\/\/ceoparts.com\/es\/wp-json\/wp\/v2\/product"}],"about":[{"href":"https:\/\/ceoparts.com\/es\/wp-json\/wp\/v2\/types\/product"}],"wp:featuredmedia":[{"embeddable":true,"href":"https:\/\/ceoparts.com\/es\/wp-json\/wp\/v2\/media\/15536"}],"wp:attachment":[{"href":"https:\/\/ceoparts.com\/es\/wp-json\/wp\/v2\/media?parent=12539"}],"wp:term":[{"taxonomy":"product_brand","embeddable":true,"href":"https:\/\/ceoparts.com\/es\/wp-json\/wp\/v2\/product_brand?post=12539"},{"taxonomy":"product_cat","embeddable":true,"href":"https:\/\/ceoparts.com\/es\/wp-json\/wp\/v2\/product_cat?post=12539"},{"taxonomy":"product_tag","embeddable":true,"href":"https:\/\/ceoparts.com\/es\/wp-json\/wp\/v2\/product_tag?post=12539"}],"curies":[{"name":"wp","href":"https:\/\/api.w.org\/{rel}","templated":true}]}}