{"id":12551,"date":"2025-01-06T13:18:59","date_gmt":"2025-01-06T10:18:59","guid":{"rendered":"https:\/\/ceoparts.com\/?post_type=product&#038;p=12551"},"modified":"2026-05-16T09:41:22","modified_gmt":"2026-05-16T06:41:22","slug":"anderson-power-sb175-aku-soketi-fisi-kirmizi","status":"publish","type":"product","link":"https:\/\/ceoparts.com\/es\/urun\/anderson-power-sb175-aku-soketi-fisi-kirmizi\/","title":{"rendered":"Enchufe \/ Conector de Bater\u00eda Anderson Power SB175 Rojo"},"content":{"rendered":"<p>Enchufe \/ Conector de Bater\u00eda Anderson Power SB175 Rojo<\/p>","protected":false},"excerpt":{"rendered":"<p data-start=\"0\" data-end=\"359\"><br data-start=\"4659\" data-end=\"4662\" \/>Conector \/ enchufe de bater\u00eda Anderson Power SB175 rojo es un conector duradero dise\u00f1ado para alto rendimiento en montacargas y veh\u00edculos industriales. Proporciona una transmisi\u00f3n de energ\u00eda segura e ininterrumpida con alta capacidad de corriente. El c\u00f3digo de color rojo facilita la identificaci\u00f3n del terminal positivo. La funci\u00f3n de f\u00e1cil conexi\u00f3n y desconexi\u00f3n ofrece un uso pr\u00e1ctico.<\/p>\n<p data-start=\"5052\" data-end=\"5470\"><strong data-start=\"5052\" data-end=\"5072\">Caracter\u00edsticas:<\/strong><br data-start=\"5072\" data-end=\"5075\" \/><strong data-start=\"5075\" data-end=\"5099\">Nombre del producto:<\/strong> Conector \/ enchufe de bater\u00eda Anderson Power SB175 rojo<br data-start=\"5155\" data-end=\"5158\" \/><strong data-start=\"5158\" data-end=\"5178\">C\u00f3digo de pieza:<\/strong> &#8211;<br data-start=\"5180\" data-end=\"5183\" \/><strong data-start=\"5183\" data-end=\"5196\">Material:<\/strong> Cuerpo pl\u00e1stico resistente y contactos conductores de cobre<br data-start=\"5256\" data-end=\"5259\" \/><strong data-start=\"5259\" data-end=\"5282\">\u00c1rea de aplicaci\u00f3n:<\/strong> Montacargas, veh\u00edculos el\u00e9ctricos industriales, circuitos de alta corriente<br data-start=\"5358\" data-end=\"5361\" \/><strong data-start=\"5361\" data-end=\"5373\">Ventaja:<\/strong> Alta capacidad de corriente, conexi\u00f3n segura, f\u00e1cil instalaci\u00f3n, dise\u00f1o codificado por colores<\/p>\n","protected":false},"featured_media":12698,"template":"","meta":[],"product_brand":[],"product_cat":[442,444],"product_tag":[],"class_list":{"0":"post-12551","1":"product","2":"type-product","3":"status-publish","4":"has-post-thumbnail","6":"product_cat-aku-yedek-parcalari","7":"product_cat-aku-fisi","9":"first","10":"instock","11":"taxable","12":"shipping-taxable","13":"purchasable","14":"product-type-simple"},"_links":{"self":[{"href":"https:\/\/ceoparts.com\/es\/wp-json\/wp\/v2\/product\/12551","targetHints":{"allow":["GET"]}}],"collection":[{"href":"https:\/\/ceoparts.com\/es\/wp-json\/wp\/v2\/product"}],"about":[{"href":"https:\/\/ceoparts.com\/es\/wp-json\/wp\/v2\/types\/product"}],"wp:featuredmedia":[{"embeddable":true,"href":"https:\/\/ceoparts.com\/es\/wp-json\/wp\/v2\/media\/12698"}],"wp:attachment":[{"href":"https:\/\/ceoparts.com\/es\/wp-json\/wp\/v2\/media?parent=12551"}],"wp:term":[{"taxonomy":"product_brand","embeddable":true,"href":"https:\/\/ceoparts.com\/es\/wp-json\/wp\/v2\/product_brand?post=12551"},{"taxonomy":"product_cat","embeddable":true,"href":"https:\/\/ceoparts.com\/es\/wp-json\/wp\/v2\/product_cat?post=12551"},{"taxonomy":"product_tag","embeddable":true,"href":"https:\/\/ceoparts.com\/es\/wp-json\/wp\/v2\/product_tag?post=12551"}],"curies":[{"name":"wp","href":"https:\/\/api.w.org\/{rel}","templated":true}]}}