{"id":12576,"date":"2025-01-06T14:17:04","date_gmt":"2025-01-06T11:17:04","guid":{"rendered":"https:\/\/ceoparts.com\/?post_type=product&#038;p=12576"},"modified":"2026-05-16T23:53:41","modified_gmt":"2026-05-16T20:53:41","slug":"rema-160-320a-tutamak","status":"publish","type":"product","link":"https:\/\/ceoparts.com\/es\/urun\/rema-160-320a-tutamak\/","title":{"rendered":"Asa Rema 160\/320A"},"content":{"rendered":"<p>Asa Rema 160\/320A<\/p>","protected":false},"excerpt":{"rendered":"<p data-start=\"0\" data-end=\"320\"><br data-start=\"4088\" data-end=\"4091\" \/>El mango Rema 160\/320A es un mango duradero y fiable utilizado en las conexiones de bater\u00edas de montacargas y maquinaria industrial. Dise\u00f1ado para aplicaciones de alta corriente, garantiza conexiones seguras en circuitos de bater\u00edas. Su dise\u00f1o ergon\u00f3mico y materiales resistentes ofrecen un uso duradero y f\u00e1cil.<\/p>\n<p data-start=\"4405\" data-end=\"4764\"><strong data-start=\"4405\" data-end=\"4425\">Caracter\u00edsticas:<\/strong><br data-start=\"4425\" data-end=\"4428\" \/><strong data-start=\"4428\" data-end=\"4452\">Nombre del producto:<\/strong> Mango Rema 160\/320A<br data-start=\"4472\" data-end=\"4475\" \/><strong data-start=\"4475\" data-end=\"4495\">C\u00f3digo de pieza:<\/strong> &#8211;<br data-start=\"4497\" data-end=\"4500\" \/><strong data-start=\"4500\" data-end=\"4513\">Material:<\/strong> Pl\u00e1stico de alta calidad y piezas de conexi\u00f3n met\u00e1licas<br data-start=\"4569\" data-end=\"4572\" \/><strong data-start=\"4572\" data-end=\"4595\">\u00c1rea de aplicaci\u00f3n:<\/strong> Conexiones de bater\u00eda para montacargas, sistemas el\u00e9ctricos industriales<br data-start=\"4668\" data-end=\"4671\" \/><strong data-start=\"4671\" data-end=\"4683\">Ventaja:<\/strong> Alta capacidad de corriente, construcci\u00f3n robusta, f\u00e1cil instalaci\u00f3n, duradero<\/p>\n","protected":false},"featured_media":12579,"template":"","meta":[],"product_brand":[],"product_cat":[442,444],"product_tag":[],"class_list":{"0":"post-12576","1":"product","2":"type-product","3":"status-publish","4":"has-post-thumbnail","6":"product_cat-aku-yedek-parcalari","7":"product_cat-aku-fisi","9":"first","10":"instock","11":"taxable","12":"shipping-taxable","13":"purchasable","14":"product-type-simple"},"_links":{"self":[{"href":"https:\/\/ceoparts.com\/es\/wp-json\/wp\/v2\/product\/12576","targetHints":{"allow":["GET"]}}],"collection":[{"href":"https:\/\/ceoparts.com\/es\/wp-json\/wp\/v2\/product"}],"about":[{"href":"https:\/\/ceoparts.com\/es\/wp-json\/wp\/v2\/types\/product"}],"wp:featuredmedia":[{"embeddable":true,"href":"https:\/\/ceoparts.com\/es\/wp-json\/wp\/v2\/media\/12579"}],"wp:attachment":[{"href":"https:\/\/ceoparts.com\/es\/wp-json\/wp\/v2\/media?parent=12576"}],"wp:term":[{"taxonomy":"product_brand","embeddable":true,"href":"https:\/\/ceoparts.com\/es\/wp-json\/wp\/v2\/product_brand?post=12576"},{"taxonomy":"product_cat","embeddable":true,"href":"https:\/\/ceoparts.com\/es\/wp-json\/wp\/v2\/product_cat?post=12576"},{"taxonomy":"product_tag","embeddable":true,"href":"https:\/\/ceoparts.com\/es\/wp-json\/wp\/v2\/product_tag?post=12576"}],"curies":[{"name":"wp","href":"https:\/\/api.w.org\/{rel}","templated":true}]}}