{"id":12581,"date":"2025-01-06T14:53:14","date_gmt":"2025-01-06T11:53:14","guid":{"rendered":"https:\/\/ceoparts.com\/?post_type=product&#038;p=12581"},"modified":"2026-05-16T22:38:07","modified_gmt":"2026-05-16T19:38:07","slug":"nh00-7063-63a-bicakli-sigorta-busonu","status":"publish","type":"product","link":"https:\/\/ceoparts.com\/es\/urun\/nh00-7063-63a-bicakli-sigorta-busonu\/","title":{"rendered":"NH00 -7063 63A &#8211; Fusible de cuchilla"},"content":{"rendered":"<p>NH00 -7063 63A &#8211; Fusible de cuchilla<\/p>","protected":false},"excerpt":{"rendered":"<p data-start=\"0\" data-end=\"331\"><br data-start=\"4532\" data-end=\"4535\" \/>Cartucho de fusible de cuchilla NH00 \u2013 7063 63A es un componente de protecci\u00f3n de alta corriente fiable usado en montacargas y maquinaria industrial. Interrumpe r\u00e1pidamente el circuito en caso de cortocircuito o sobrecorriente, protegiendo equipos y cables. Su dise\u00f1o de cuchilla permite una f\u00e1cil instalaci\u00f3n y reemplazo r\u00e1pido, proporcionando durabilidad y resistencia.<\/p>\n<p data-start=\"4908\" data-end=\"5354\"><strong data-start=\"4908\" data-end=\"4928\">Caracter\u00edsticas:<\/strong><br data-start=\"4928\" data-end=\"4931\" \/><strong data-start=\"4931\" data-end=\"4955\">Nombre del producto:<\/strong> Cartucho de fusible de cuchilla NH00 \u2013 7063 63A<br data-start=\"5003\" data-end=\"5006\" \/><strong data-start=\"5006\" data-end=\"5026\">C\u00f3digo de pieza:<\/strong> &#8211;<br data-start=\"5028\" data-end=\"5031\" \/><strong data-start=\"5031\" data-end=\"5044\">Material:<\/strong> Terminales met\u00e1licos tipo cuchilla y cuerpo pl\u00e1stico duradero<br data-start=\"5106\" data-end=\"5109\" \/><strong data-start=\"5109\" data-end=\"5132\">\u00c1rea de aplicaci\u00f3n:<\/strong> Circuitos el\u00e9ctricos de montacargas, sistemas industriales, l\u00edneas de alta corriente<br data-start=\"5217\" data-end=\"5220\" \/><strong data-start=\"5220\" data-end=\"5232\">Ventaja:<\/strong> Interrupci\u00f3n r\u00e1pida del circuito, protecci\u00f3n de alta corriente, f\u00e1cil instalaci\u00f3n y reemplazo r\u00e1pido, dise\u00f1o resistente<\/p>\n","protected":false},"featured_media":12586,"template":"","meta":[],"product_brand":[],"product_cat":[442,443],"product_tag":[],"class_list":{"0":"post-12581","1":"product","2":"type-product","3":"status-publish","4":"has-post-thumbnail","6":"product_cat-aku-yedek-parcalari","7":"product_cat-aku-parcalari","9":"first","10":"instock","11":"taxable","12":"shipping-taxable","13":"purchasable","14":"product-type-simple"},"_links":{"self":[{"href":"https:\/\/ceoparts.com\/es\/wp-json\/wp\/v2\/product\/12581","targetHints":{"allow":["GET"]}}],"collection":[{"href":"https:\/\/ceoparts.com\/es\/wp-json\/wp\/v2\/product"}],"about":[{"href":"https:\/\/ceoparts.com\/es\/wp-json\/wp\/v2\/types\/product"}],"wp:featuredmedia":[{"embeddable":true,"href":"https:\/\/ceoparts.com\/es\/wp-json\/wp\/v2\/media\/12586"}],"wp:attachment":[{"href":"https:\/\/ceoparts.com\/es\/wp-json\/wp\/v2\/media?parent=12581"}],"wp:term":[{"taxonomy":"product_brand","embeddable":true,"href":"https:\/\/ceoparts.com\/es\/wp-json\/wp\/v2\/product_brand?post=12581"},{"taxonomy":"product_cat","embeddable":true,"href":"https:\/\/ceoparts.com\/es\/wp-json\/wp\/v2\/product_cat?post=12581"},{"taxonomy":"product_tag","embeddable":true,"href":"https:\/\/ceoparts.com\/es\/wp-json\/wp\/v2\/product_tag?post=12581"}],"curies":[{"name":"wp","href":"https:\/\/api.w.org\/{rel}","templated":true}]}}