{"id":12592,"date":"2025-01-06T15:12:08","date_gmt":"2025-01-06T12:12:08","guid":{"rendered":"https:\/\/ceoparts.com\/?post_type=product&#038;p=12592"},"modified":"2026-05-16T13:24:36","modified_gmt":"2026-05-16T10:24:36","slug":"100a-forklift-sigortasi","status":"publish","type":"product","link":"https:\/\/ceoparts.com\/es\/urun\/100a-forklift-sigortasi\/","title":{"rendered":"Fusible 100 A ANL"},"content":{"rendered":"<p>Fusible 100 A ANL<\/p>","protected":false},"excerpt":{"rendered":"<p data-start=\"0\" data-end=\"385\"><br data-start=\"4597\" data-end=\"4600\" \/>El fusible 100 ANL proporciona protecci\u00f3n segura y duradera para circuitos de corriente baja a media utilizados en montacargas y veh\u00edculos industriales el\u00e9ctricos. Interrumpe r\u00e1pidamente el circuito en caso de cortocircuito o sobrecarga en sistemas de bater\u00eda y el\u00e9ctricos, evitando da\u00f1os en el equipo. Su dise\u00f1o compacto permite una instalaci\u00f3n y reemplazo r\u00e1pidos.<\/p>\n<p data-start=\"4968\" data-end=\"5375\"><strong data-start=\"4968\" data-end=\"4988\">Caracter\u00edsticas:<\/strong><br data-start=\"4988\" data-end=\"4991\" \/><strong data-start=\"4991\" data-end=\"5015\">Nombre del producto:<\/strong> Fusible 100 ANL<br data-start=\"5031\" data-end=\"5034\" \/><strong data-start=\"5034\" data-end=\"5054\">C\u00f3digo de pieza:<\/strong> &#8211;<br data-start=\"5056\" data-end=\"5059\" \/><strong data-start=\"5059\" data-end=\"5072\">Material:<\/strong> Terminales met\u00e1licos niquelados, cuerpo de pl\u00e1stico compuesto resistente al calor<br data-start=\"5154\" data-end=\"5157\" \/><strong data-start=\"5157\" data-end=\"5180\">\u00c1rea de aplicaci\u00f3n:<\/strong> Circuitos de bater\u00eda de montacargas, transpaletas el\u00e9ctricas, sistemas DC<br data-start=\"5254\" data-end=\"5257\" \/><strong data-start=\"5257\" data-end=\"5269\">Ventaja:<\/strong> Corte seguro de corriente, protecci\u00f3n contra cortocircuitos, f\u00e1cil instalaci\u00f3n y reemplazo, durabilidad<\/p>\n","protected":false},"featured_media":12594,"template":"","meta":[],"product_brand":[],"product_cat":[442,443],"product_tag":[],"class_list":{"0":"post-12592","1":"product","2":"type-product","3":"status-publish","4":"has-post-thumbnail","6":"product_cat-aku-yedek-parcalari","7":"product_cat-aku-parcalari","9":"first","10":"instock","11":"taxable","12":"shipping-taxable","13":"purchasable","14":"product-type-simple"},"_links":{"self":[{"href":"https:\/\/ceoparts.com\/es\/wp-json\/wp\/v2\/product\/12592","targetHints":{"allow":["GET"]}}],"collection":[{"href":"https:\/\/ceoparts.com\/es\/wp-json\/wp\/v2\/product"}],"about":[{"href":"https:\/\/ceoparts.com\/es\/wp-json\/wp\/v2\/types\/product"}],"wp:featuredmedia":[{"embeddable":true,"href":"https:\/\/ceoparts.com\/es\/wp-json\/wp\/v2\/media\/12594"}],"wp:attachment":[{"href":"https:\/\/ceoparts.com\/es\/wp-json\/wp\/v2\/media?parent=12592"}],"wp:term":[{"taxonomy":"product_brand","embeddable":true,"href":"https:\/\/ceoparts.com\/es\/wp-json\/wp\/v2\/product_brand?post=12592"},{"taxonomy":"product_cat","embeddable":true,"href":"https:\/\/ceoparts.com\/es\/wp-json\/wp\/v2\/product_cat?post=12592"},{"taxonomy":"product_tag","embeddable":true,"href":"https:\/\/ceoparts.com\/es\/wp-json\/wp\/v2\/product_tag?post=12592"}],"curies":[{"name":"wp","href":"https:\/\/api.w.org\/{rel}","templated":true}]}}