{"id":12604,"date":"2025-01-06T15:47:12","date_gmt":"2025-01-06T12:47:12","guid":{"rendered":"https:\/\/ceoparts.com\/?post_type=product&#038;p=12604"},"modified":"2026-05-16T15:27:54","modified_gmt":"2026-05-16T12:27:54","slug":"200a-forklift-sigortasi","status":"publish","type":"product","link":"https:\/\/ceoparts.com\/es\/urun\/200a-forklift-sigortasi\/","title":{"rendered":"Fusible 200 A ANL"},"content":{"rendered":"<p>Fusible 200 A ANL<\/p>","protected":false},"excerpt":{"rendered":"<p data-start=\"91\" data-end=\"508\"><br data-start=\"4885\" data-end=\"4888\" \/>El fusible 200 ANL es un fusible de alta corriente utilizado en montacargas y veh\u00edculos industriales el\u00e9ctricos. Protege los circuitos de bater\u00eda y sistemas de alto amperaje interrumpiendo el circuito en caso de cortocircuito o sobrecorriente, evitando da\u00f1os en cables y componentes. De f\u00e1cil reemplazo y dise\u00f1ado para un uso seguro y prolongado en entornos industriales.<\/p>\n<p data-start=\"5261\" data-end=\"5725\"><strong data-start=\"5261\" data-end=\"5281\">Caracter\u00edsticas:<\/strong><br data-start=\"5281\" data-end=\"5284\" \/><strong data-start=\"5284\" data-end=\"5308\">Nombre del producto:<\/strong> Fusible 200 ANL<br data-start=\"5324\" data-end=\"5327\" \/><strong data-start=\"5327\" data-end=\"5347\">C\u00f3digo de pieza:<\/strong> &#8211;<br data-start=\"5349\" data-end=\"5352\" \/><strong data-start=\"5352\" data-end=\"5365\">Material:<\/strong> Conexiones terminales met\u00e1licas y cuerpo de fusible de material compuesto resistente al calor<br data-start=\"5459\" data-end=\"5462\" \/><strong data-start=\"5462\" data-end=\"5485\">\u00c1rea de aplicaci\u00f3n:<\/strong> Circuitos de bater\u00eda de montacargas, veh\u00edculos el\u00e9ctricos, maquinaria industrial, sistemas de corriente continua<br data-start=\"5598\" data-end=\"5601\" \/><strong data-start=\"5601\" data-end=\"5613\">Ventaja:<\/strong> Protecci\u00f3n de alta corriente, seguridad contra cortocircuitos, instalaci\u00f3n y cambio sencillo, larga vida \u00fatil<\/p>\n","protected":false},"featured_media":12605,"template":"","meta":[],"product_brand":[],"product_cat":[442,443],"product_tag":[],"class_list":{"0":"post-12604","1":"product","2":"type-product","3":"status-publish","4":"has-post-thumbnail","6":"product_cat-aku-yedek-parcalari","7":"product_cat-aku-parcalari","9":"first","10":"instock","11":"taxable","12":"shipping-taxable","13":"purchasable","14":"product-type-simple"},"_links":{"self":[{"href":"https:\/\/ceoparts.com\/es\/wp-json\/wp\/v2\/product\/12604","targetHints":{"allow":["GET"]}}],"collection":[{"href":"https:\/\/ceoparts.com\/es\/wp-json\/wp\/v2\/product"}],"about":[{"href":"https:\/\/ceoparts.com\/es\/wp-json\/wp\/v2\/types\/product"}],"wp:featuredmedia":[{"embeddable":true,"href":"https:\/\/ceoparts.com\/es\/wp-json\/wp\/v2\/media\/12605"}],"wp:attachment":[{"href":"https:\/\/ceoparts.com\/es\/wp-json\/wp\/v2\/media?parent=12604"}],"wp:term":[{"taxonomy":"product_brand","embeddable":true,"href":"https:\/\/ceoparts.com\/es\/wp-json\/wp\/v2\/product_brand?post=12604"},{"taxonomy":"product_cat","embeddable":true,"href":"https:\/\/ceoparts.com\/es\/wp-json\/wp\/v2\/product_cat?post=12604"},{"taxonomy":"product_tag","embeddable":true,"href":"https:\/\/ceoparts.com\/es\/wp-json\/wp\/v2\/product_tag?post=12604"}],"curies":[{"name":"wp","href":"https:\/\/api.w.org\/{rel}","templated":true}]}}