{"id":12613,"date":"2025-01-06T16:07:12","date_gmt":"2025-01-06T13:07:12","guid":{"rendered":"https:\/\/ceoparts.com\/?post_type=product&#038;p=12613"},"modified":"2026-05-16T13:30:09","modified_gmt":"2026-05-16T10:30:09","slug":"forklift-dc-dc-konverter-voltaj-dusurucu-48v-12v-30a","status":"publish","type":"product","link":"https:\/\/ceoparts.com\/es\/urun\/forklift-dc-dc-konverter-voltaj-dusurucu-48v-12v-30a\/","title":{"rendered":"Convertidor DC-DC para montacargas, reductor de voltaje de 48V a 12V 30A"},"content":{"rendered":"<p>Convertidor DC-DC para montacargas, reductor de voltaje de 48V a 12V 30A<\/p>","protected":false},"excerpt":{"rendered":"<p data-start=\"114\" data-end=\"536\"><br data-start=\"5183\" data-end=\"5186\" \/>Convertidor de voltaje DC-DC para montacargas 48V-12V 30A proporciona una conversi\u00f3n de voltaje estable, segura y eficiente para los equipos electr\u00f3nicos en montacargas y maquinaria industrial. Convierte la energ\u00eda de una bater\u00eda de 48V a una salida de 12V para luces, bocinas, c\u00e1maras y accesorios. Con protecci\u00f3n contra sobrecarga, cortocircuitos y sobrecalentamiento.<\/p>\n<p data-start=\"5558\" data-end=\"6032\"><strong data-start=\"5558\" data-end=\"5578\">Caracter\u00edsticas:<\/strong><br data-start=\"5578\" data-end=\"5581\" \/><strong data-start=\"5581\" data-end=\"5605\">Nombre del producto:<\/strong> Convertidor de voltaje DC-DC para montacargas 48V-12V 30A<br data-start=\"5663\" data-end=\"5666\" \/><strong data-start=\"5666\" data-end=\"5686\">C\u00f3digo de pieza:<\/strong> &#8211;<br data-start=\"5688\" data-end=\"5691\" \/><strong data-start=\"5691\" data-end=\"5704\">Material:<\/strong> Cuerpo de pl\u00e1stico resistente al calor y componentes electr\u00f3nicos de alta calidad<br data-start=\"5786\" data-end=\"5789\" \/><strong data-start=\"5789\" data-end=\"5812\">\u00c1rea de aplicaci\u00f3n:<\/strong> Montacargas el\u00e9ctricos, transpaletas el\u00e9ctricas, maquinaria industrial<br data-start=\"5883\" data-end=\"5886\" \/><strong data-start=\"5886\" data-end=\"5898\">Ventaja:<\/strong> Conversi\u00f3n de voltaje estable y segura, alta capacidad de corriente, protecci\u00f3n contra sobrecarga y cortocircuitos, larga vida \u00fatil<\/p>\n","protected":false},"featured_media":12614,"template":"","meta":[],"product_brand":[],"product_cat":[442,448],"product_tag":[],"class_list":{"0":"post-12613","1":"product","2":"type-product","3":"status-publish","4":"has-post-thumbnail","6":"product_cat-aku-yedek-parcalari","7":"product_cat-guc-kaynaklari","9":"first","10":"instock","11":"taxable","12":"shipping-taxable","13":"purchasable","14":"product-type-simple"},"_links":{"self":[{"href":"https:\/\/ceoparts.com\/es\/wp-json\/wp\/v2\/product\/12613","targetHints":{"allow":["GET"]}}],"collection":[{"href":"https:\/\/ceoparts.com\/es\/wp-json\/wp\/v2\/product"}],"about":[{"href":"https:\/\/ceoparts.com\/es\/wp-json\/wp\/v2\/types\/product"}],"wp:featuredmedia":[{"embeddable":true,"href":"https:\/\/ceoparts.com\/es\/wp-json\/wp\/v2\/media\/12614"}],"wp:attachment":[{"href":"https:\/\/ceoparts.com\/es\/wp-json\/wp\/v2\/media?parent=12613"}],"wp:term":[{"taxonomy":"product_brand","embeddable":true,"href":"https:\/\/ceoparts.com\/es\/wp-json\/wp\/v2\/product_brand?post=12613"},{"taxonomy":"product_cat","embeddable":true,"href":"https:\/\/ceoparts.com\/es\/wp-json\/wp\/v2\/product_cat?post=12613"},{"taxonomy":"product_tag","embeddable":true,"href":"https:\/\/ceoparts.com\/es\/wp-json\/wp\/v2\/product_tag?post=12613"}],"curies":[{"name":"wp","href":"https:\/\/api.w.org\/{rel}","templated":true}]}}