{"id":12659,"date":"2025-01-07T09:38:04","date_gmt":"2025-01-07T06:38:04","guid":{"rendered":"https:\/\/ceoparts.com\/?post_type=product&#038;p=12659"},"modified":"2026-05-16T14:33:54","modified_gmt":"2026-05-16T11:33:54","slug":"megaval-sigorta-100a-sari","status":"publish","type":"product","link":"https:\/\/ceoparts.com\/es\/urun\/megaval-sigorta-100a-sari\/","title":{"rendered":"Megaval Seguro 100A Amarillo"},"content":{"rendered":"<p>Megaval Seguro 100A Amarillo<\/p>","protected":false},"excerpt":{"rendered":"<p data-start=\"0\" data-end=\"183\"><br data-start=\"3102\" data-end=\"3105\" \/>Fusible Megaval 100A Amarillo es un fusible automotriz duradero dise\u00f1ado para la protecci\u00f3n contra corrientes altas. Usado especialmente en montacargas y maquinaria para proteger bater\u00edas y circuitos el\u00e9ctricos.<\/p>\n<p data-start=\"3318\" data-end=\"3637\" data-is-last-node=\"\" data-is-only-node=\"\"><strong data-start=\"3318\" data-end=\"3338\">Caracter\u00edsticas:<\/strong><br data-start=\"3338\" data-end=\"3341\" \/><strong data-start=\"3341\" data-end=\"3365\">Nombre del producto:<\/strong> Fusible Megaval 100A Amarillo<br data-start=\"3395\" data-end=\"3398\" \/><strong data-start=\"3398\" data-end=\"3418\">C\u00f3digo de pieza:<\/strong> &#8211;<br data-start=\"3420\" data-end=\"3423\" \/><strong data-start=\"3423\" data-end=\"3436\">Material:<\/strong> Pl\u00e1stico duradero y aleaci\u00f3n met\u00e1lica<br data-start=\"3474\" data-end=\"3477\" \/><strong data-start=\"3477\" data-end=\"3500\">\u00c1rea de aplicaci\u00f3n:<\/strong> Circuitos el\u00e9ctricos de montacargas y maquinaria<br data-start=\"3549\" data-end=\"3552\" \/><strong data-start=\"3552\" data-end=\"3564\">Ventaja:<\/strong> Protecci\u00f3n contra corrientes altas, construcci\u00f3n fiable, larga vida \u00fatil<\/p>\n","protected":false},"featured_media":12660,"template":"","meta":[],"product_brand":[],"product_cat":[442,443],"product_tag":[],"class_list":{"0":"post-12659","1":"product","2":"type-product","3":"status-publish","4":"has-post-thumbnail","6":"product_cat-aku-yedek-parcalari","7":"product_cat-aku-parcalari","9":"first","10":"instock","11":"taxable","12":"shipping-taxable","13":"purchasable","14":"product-type-simple"},"_links":{"self":[{"href":"https:\/\/ceoparts.com\/es\/wp-json\/wp\/v2\/product\/12659","targetHints":{"allow":["GET"]}}],"collection":[{"href":"https:\/\/ceoparts.com\/es\/wp-json\/wp\/v2\/product"}],"about":[{"href":"https:\/\/ceoparts.com\/es\/wp-json\/wp\/v2\/types\/product"}],"wp:featuredmedia":[{"embeddable":true,"href":"https:\/\/ceoparts.com\/es\/wp-json\/wp\/v2\/media\/12660"}],"wp:attachment":[{"href":"https:\/\/ceoparts.com\/es\/wp-json\/wp\/v2\/media?parent=12659"}],"wp:term":[{"taxonomy":"product_brand","embeddable":true,"href":"https:\/\/ceoparts.com\/es\/wp-json\/wp\/v2\/product_brand?post=12659"},{"taxonomy":"product_cat","embeddable":true,"href":"https:\/\/ceoparts.com\/es\/wp-json\/wp\/v2\/product_cat?post=12659"},{"taxonomy":"product_tag","embeddable":true,"href":"https:\/\/ceoparts.com\/es\/wp-json\/wp\/v2\/product_tag?post=12659"}],"curies":[{"name":"wp","href":"https:\/\/api.w.org\/{rel}","templated":true}]}}