{"id":12664,"date":"2025-01-07T09:48:45","date_gmt":"2025-01-07T06:48:45","guid":{"rendered":"https:\/\/ceoparts.com\/?post_type=product&#038;p=12664"},"modified":"2026-05-16T14:33:48","modified_gmt":"2026-05-16T11:33:48","slug":"megaval-sigorta-250a-pembe","status":"publish","type":"product","link":"https:\/\/ceoparts.com\/es\/urun\/megaval-sigorta-250a-pembe\/","title":{"rendered":"Megaval Seguro 250A Rosa"},"content":{"rendered":"<p>Megaval Seguro 250A Rosa<\/p>","protected":false},"excerpt":{"rendered":"<p data-start=\"0\" data-end=\"174\"><br data-start=\"2941\" data-end=\"2944\" \/>Fusible Megaval 250A Rosa es un fusible duradero utilizado en montacargas y maquinaria para proporcionar protecci\u00f3n contra corrientes altas. Mejora la seguridad de los circuitos el\u00e9ctricos.<\/p>\n<p data-start=\"3135\" data-end=\"3450\" data-is-last-node=\"\" data-is-only-node=\"\"><strong data-start=\"3135\" data-end=\"3155\">Caracter\u00edsticas:<\/strong><br data-start=\"3155\" data-end=\"3158\" \/><strong data-start=\"3158\" data-end=\"3182\">Nombre del producto:<\/strong> Fusible Megaval 250A Rosa<br data-start=\"3208\" data-end=\"3211\" \/><strong data-start=\"3211\" data-end=\"3231\">C\u00f3digo de pieza:<\/strong> &#8211;<br data-start=\"3233\" data-end=\"3236\" \/><strong data-start=\"3236\" data-end=\"3249\">Material:<\/strong> Pl\u00e1stico duradero y aleaci\u00f3n met\u00e1lica<br data-start=\"3287\" data-end=\"3290\" \/><strong data-start=\"3290\" data-end=\"3313\">\u00c1rea de aplicaci\u00f3n:<\/strong> Circuitos el\u00e9ctricos de montacargas y maquinaria<br data-start=\"3362\" data-end=\"3365\" \/><strong data-start=\"3365\" data-end=\"3377\">Ventaja:<\/strong> Protecci\u00f3n contra corrientes altas, construcci\u00f3n fiable, larga vida \u00fatil<\/p>\n","protected":false},"featured_media":12665,"template":"","meta":[],"product_brand":[],"product_cat":[443,442],"product_tag":[],"class_list":{"0":"post-12664","1":"product","2":"type-product","3":"status-publish","4":"has-post-thumbnail","6":"product_cat-aku-parcalari","7":"product_cat-aku-yedek-parcalari","9":"first","10":"instock","11":"taxable","12":"shipping-taxable","13":"purchasable","14":"product-type-simple"},"_links":{"self":[{"href":"https:\/\/ceoparts.com\/es\/wp-json\/wp\/v2\/product\/12664","targetHints":{"allow":["GET"]}}],"collection":[{"href":"https:\/\/ceoparts.com\/es\/wp-json\/wp\/v2\/product"}],"about":[{"href":"https:\/\/ceoparts.com\/es\/wp-json\/wp\/v2\/types\/product"}],"wp:featuredmedia":[{"embeddable":true,"href":"https:\/\/ceoparts.com\/es\/wp-json\/wp\/v2\/media\/12665"}],"wp:attachment":[{"href":"https:\/\/ceoparts.com\/es\/wp-json\/wp\/v2\/media?parent=12664"}],"wp:term":[{"taxonomy":"product_brand","embeddable":true,"href":"https:\/\/ceoparts.com\/es\/wp-json\/wp\/v2\/product_brand?post=12664"},{"taxonomy":"product_cat","embeddable":true,"href":"https:\/\/ceoparts.com\/es\/wp-json\/wp\/v2\/product_cat?post=12664"},{"taxonomy":"product_tag","embeddable":true,"href":"https:\/\/ceoparts.com\/es\/wp-json\/wp\/v2\/product_tag?post=12664"}],"curies":[{"name":"wp","href":"https:\/\/api.w.org\/{rel}","templated":true}]}}