{"id":12668,"date":"2025-01-07T14:45:33","date_gmt":"2025-01-07T11:45:33","guid":{"rendered":"https:\/\/ceoparts.com\/?post_type=product&#038;p=12668"},"modified":"2026-05-16T13:16:00","modified_gmt":"2026-05-16T10:16:00","slug":"megaval-sigorta-300a-gri","status":"publish","type":"product","link":"https:\/\/ceoparts.com\/es\/urun\/megaval-sigorta-300a-gri\/","title":{"rendered":"Megaval Seguro 300A Gris"},"content":{"rendered":"<p>Megaval Seguro 300A Gris<\/p>","protected":false},"excerpt":{"rendered":"<p data-start=\"0\" data-end=\"172\"><br data-start=\"2937\" data-end=\"2940\" \/>Fusible Megaval 300A Gris es un fusible duradero utilizado en montacargas y maquinaria para proporcionar protecci\u00f3n contra corrientes altas. Mejora la seguridad de los circuitos el\u00e9ctricos.<\/p>\n<p data-start=\"3131\" data-end=\"3446\" data-is-last-node=\"\" data-is-only-node=\"\"><strong data-start=\"3131\" data-end=\"3151\">Caracter\u00edsticas:<\/strong><br data-start=\"3151\" data-end=\"3154\" \/><strong data-start=\"3154\" data-end=\"3178\">Nombre del producto:<\/strong> Fusible Megaval 300A Gris<br data-start=\"3204\" data-end=\"3207\" \/><strong data-start=\"3207\" data-end=\"3227\">C\u00f3digo de pieza:<\/strong> &#8211;<br data-start=\"3229\" data-end=\"3232\" \/><strong data-start=\"3232\" data-end=\"3245\">Material:<\/strong> Pl\u00e1stico duradero y aleaci\u00f3n met\u00e1lica<br data-start=\"3283\" data-end=\"3286\" \/><strong data-start=\"3286\" data-end=\"3309\">\u00c1rea de aplicaci\u00f3n:<\/strong> Circuitos el\u00e9ctricos de montacargas y maquinaria<br data-start=\"3358\" data-end=\"3361\" \/><strong data-start=\"3361\" data-end=\"3373\">Ventaja:<\/strong> Protecci\u00f3n contra corrientes altas, construcci\u00f3n fiable, larga vida \u00fatil<\/p>\n","protected":false},"featured_media":12669,"template":"","meta":[],"product_brand":[],"product_cat":[442,443],"product_tag":[],"class_list":{"0":"post-12668","1":"product","2":"type-product","3":"status-publish","4":"has-post-thumbnail","6":"product_cat-aku-yedek-parcalari","7":"product_cat-aku-parcalari","9":"first","10":"instock","11":"taxable","12":"shipping-taxable","13":"purchasable","14":"product-type-simple"},"_links":{"self":[{"href":"https:\/\/ceoparts.com\/es\/wp-json\/wp\/v2\/product\/12668","targetHints":{"allow":["GET"]}}],"collection":[{"href":"https:\/\/ceoparts.com\/es\/wp-json\/wp\/v2\/product"}],"about":[{"href":"https:\/\/ceoparts.com\/es\/wp-json\/wp\/v2\/types\/product"}],"wp:featuredmedia":[{"embeddable":true,"href":"https:\/\/ceoparts.com\/es\/wp-json\/wp\/v2\/media\/12669"}],"wp:attachment":[{"href":"https:\/\/ceoparts.com\/es\/wp-json\/wp\/v2\/media?parent=12668"}],"wp:term":[{"taxonomy":"product_brand","embeddable":true,"href":"https:\/\/ceoparts.com\/es\/wp-json\/wp\/v2\/product_brand?post=12668"},{"taxonomy":"product_cat","embeddable":true,"href":"https:\/\/ceoparts.com\/es\/wp-json\/wp\/v2\/product_cat?post=12668"},{"taxonomy":"product_tag","embeddable":true,"href":"https:\/\/ceoparts.com\/es\/wp-json\/wp\/v2\/product_tag?post=12668"}],"curies":[{"name":"wp","href":"https:\/\/api.w.org\/{rel}","templated":true}]}}