{"id":12673,"date":"2025-01-07T16:17:47","date_gmt":"2025-01-07T13:17:47","guid":{"rendered":"https:\/\/ceoparts.com\/?post_type=product&#038;p=12673"},"modified":"2026-05-17T04:25:52","modified_gmt":"2026-05-17T01:25:52","slug":"anderson-power-sbx-350-600v-aku-soketi-gri","status":"publish","type":"product","link":"https:\/\/ceoparts.com\/es\/urun\/anderson-power-sbx-350-600v-aku-soketi-gri\/","title":{"rendered":"Anderson Power SBX-350 600V Conector de Bater\u00eda Gris"},"content":{"rendered":"<p>Anderson Power SBX-350 600V Conector de Bater\u00eda Gris<\/p>","protected":false},"excerpt":{"rendered":"<p data-start=\"0\" data-end=\"194\"><br data-start=\"3266\" data-end=\"3269\" \/>Conector de bater\u00eda Anderson Power gris SBX-350 600V es un conector duradero y fiable con alta capacidad de transporte de corriente. Se utiliza en aplicaciones industriales y veh\u00edculos el\u00e9ctricos.<\/p>\n<p data-start=\"3467\" data-end=\"3828\" data-is-last-node=\"\" data-is-only-node=\"\"><strong data-start=\"3467\" data-end=\"3487\">Caracter\u00edsticas:<\/strong><br data-start=\"3487\" data-end=\"3490\" \/><strong data-start=\"3490\" data-end=\"3514\">Nombre del producto:<\/strong> Conector de bater\u00eda Anderson Power gris SBX-350 600V<br data-start=\"3567\" data-end=\"3570\" \/><strong data-start=\"3570\" data-end=\"3590\">C\u00f3digo de pieza:<\/strong> SBX-350<br data-start=\"3598\" data-end=\"3601\" \/><strong data-start=\"3601\" data-end=\"3614\">Material:<\/strong> Mezcla PBT\/PC resistente a qu\u00edmicos<br data-start=\"3650\" data-end=\"3653\" \/><strong data-start=\"3653\" data-end=\"3676\">\u00c1rea de aplicaci\u00f3n:<\/strong> Montacargas el\u00e9ctricos, maquinaria, sistemas de almacenamiento de energ\u00eda<br data-start=\"3750\" data-end=\"3753\" \/><strong data-start=\"3753\" data-end=\"3765\">Ventaja:<\/strong> Alta capacidad de corriente, dise\u00f1o robusto, f\u00e1cil instalaci\u00f3n<\/p>\n","protected":false},"featured_media":12689,"template":"","meta":[],"product_brand":[],"product_cat":[251,442,444,518],"product_tag":[],"class_list":{"0":"post-12673","1":"product","2":"type-product","3":"status-publish","4":"has-post-thumbnail","6":"product_cat-bt","7":"product_cat-aku-yedek-parcalari","8":"product_cat-aku-fisi","9":"product_cat-yedek-parca-bt","11":"first","12":"instock","13":"taxable","14":"shipping-taxable","15":"purchasable","16":"product-type-simple"},"_links":{"self":[{"href":"https:\/\/ceoparts.com\/es\/wp-json\/wp\/v2\/product\/12673","targetHints":{"allow":["GET"]}}],"collection":[{"href":"https:\/\/ceoparts.com\/es\/wp-json\/wp\/v2\/product"}],"about":[{"href":"https:\/\/ceoparts.com\/es\/wp-json\/wp\/v2\/types\/product"}],"wp:featuredmedia":[{"embeddable":true,"href":"https:\/\/ceoparts.com\/es\/wp-json\/wp\/v2\/media\/12689"}],"wp:attachment":[{"href":"https:\/\/ceoparts.com\/es\/wp-json\/wp\/v2\/media?parent=12673"}],"wp:term":[{"taxonomy":"product_brand","embeddable":true,"href":"https:\/\/ceoparts.com\/es\/wp-json\/wp\/v2\/product_brand?post=12673"},{"taxonomy":"product_cat","embeddable":true,"href":"https:\/\/ceoparts.com\/es\/wp-json\/wp\/v2\/product_cat?post=12673"},{"taxonomy":"product_tag","embeddable":true,"href":"https:\/\/ceoparts.com\/es\/wp-json\/wp\/v2\/product_tag?post=12673"}],"curies":[{"name":"wp","href":"https:\/\/api.w.org\/{rel}","templated":true}]}}