{"id":12690,"date":"2025-01-07T17:03:29","date_gmt":"2025-01-07T14:03:29","guid":{"rendered":"https:\/\/ceoparts.com\/?post_type=product&#038;p=12690"},"modified":"2026-05-16T14:17:16","modified_gmt":"2026-05-16T11:17:16","slug":"anderson-power-sb50-600v-aku-soketi-gri","status":"publish","type":"product","link":"https:\/\/ceoparts.com\/es\/urun\/anderson-power-sb50-600v-aku-soketi-gri\/","title":{"rendered":"Anderson Power SB50 600V Conector de Bater\u00eda Gris"},"content":{"rendered":"<p>Anderson Power SB50 600V Conector de Bater\u00eda Gris<\/p>\n<p>Anderson Power SB50 600V Conector de Bater\u00eda Gris<\/p>\n<p><\/p>","protected":false},"excerpt":{"rendered":"<p data-start=\"0\" data-end=\"202\"><br data-start=\"3250\" data-end=\"3253\" \/>Conector de bater\u00eda Anderson Power SB50 600V gris es un conector duradero y fiable dise\u00f1ado para aplicaciones de corriente baja a media. Utilizado en veh\u00edculos el\u00e9ctricos y equipos industriales.<\/p>\n<p data-start=\"3449\" data-end=\"3786\" data-is-last-node=\"\" data-is-only-node=\"\"><strong data-start=\"3449\" data-end=\"3469\">Caracter\u00edsticas:<\/strong><br data-start=\"3469\" data-end=\"3472\" \/><strong data-start=\"3472\" data-end=\"3496\">Nombre del producto:<\/strong> Conector de bater\u00eda Anderson Power SB50 600V gris<br data-start=\"3546\" data-end=\"3549\" \/><strong data-start=\"3549\" data-end=\"3569\">C\u00f3digo de pieza:<\/strong> SB50<br data-start=\"3574\" data-end=\"3577\" \/><strong data-start=\"3577\" data-end=\"3590\">Material:<\/strong> Mezcla PBT\/PC resistente a qu\u00edmicos<br data-start=\"3626\" data-end=\"3629\" \/><strong data-start=\"3629\" data-end=\"3652\">\u00c1rea de aplicaci\u00f3n:<\/strong> Montacargas el\u00e9ctricos, maquinaria, veh\u00edculos industriales ligeros<br data-start=\"3719\" data-end=\"3722\" \/><strong data-start=\"3722\" data-end=\"3734\">Ventaja:<\/strong> Dise\u00f1o compacto, conexi\u00f3n fiable, f\u00e1cil instalaci\u00f3nv<\/p>\n","protected":false},"featured_media":12700,"template":"","meta":[],"product_brand":[],"product_cat":[251,442,444,518],"product_tag":[],"class_list":{"0":"post-12690","1":"product","2":"type-product","3":"status-publish","4":"has-post-thumbnail","6":"product_cat-bt","7":"product_cat-aku-yedek-parcalari","8":"product_cat-aku-fisi","9":"product_cat-yedek-parca-bt","11":"first","12":"instock","13":"taxable","14":"shipping-taxable","15":"purchasable","16":"product-type-simple"},"_links":{"self":[{"href":"https:\/\/ceoparts.com\/es\/wp-json\/wp\/v2\/product\/12690","targetHints":{"allow":["GET"]}}],"collection":[{"href":"https:\/\/ceoparts.com\/es\/wp-json\/wp\/v2\/product"}],"about":[{"href":"https:\/\/ceoparts.com\/es\/wp-json\/wp\/v2\/types\/product"}],"wp:featuredmedia":[{"embeddable":true,"href":"https:\/\/ceoparts.com\/es\/wp-json\/wp\/v2\/media\/12700"}],"wp:attachment":[{"href":"https:\/\/ceoparts.com\/es\/wp-json\/wp\/v2\/media?parent=12690"}],"wp:term":[{"taxonomy":"product_brand","embeddable":true,"href":"https:\/\/ceoparts.com\/es\/wp-json\/wp\/v2\/product_brand?post=12690"},{"taxonomy":"product_cat","embeddable":true,"href":"https:\/\/ceoparts.com\/es\/wp-json\/wp\/v2\/product_cat?post=12690"},{"taxonomy":"product_tag","embeddable":true,"href":"https:\/\/ceoparts.com\/es\/wp-json\/wp\/v2\/product_tag?post=12690"}],"curies":[{"name":"wp","href":"https:\/\/api.w.org\/{rel}","templated":true}]}}