{"id":12701,"date":"2025-01-08T10:01:11","date_gmt":"2025-01-08T07:01:11","guid":{"rendered":"https:\/\/ceoparts.com\/?post_type=product&#038;p=12701"},"modified":"2026-05-16T12:10:49","modified_gmt":"2026-05-16T09:10:49","slug":"anderson-power-sb50a-600v-aku-soketi-fisi-kirmizi","status":"publish","type":"product","link":"https:\/\/ceoparts.com\/es\/urun\/anderson-power-sb50a-600v-aku-soketi-fisi-kirmizi\/","title":{"rendered":"Enchufe \/ Conector de Bater\u00eda Anderson Power SB50A  600V Rojo"},"content":{"rendered":"<p>Enchufe \/ Conector de Bater\u00eda Anderson Power SB50A  600V Rojo<\/p>\n<p>Enchufe \/ Conector de Bater\u00eda Anderson Power SB50A  600V Rojo<\/p>\n<p><\/p>","protected":false},"excerpt":{"rendered":"<p data-start=\"3187\" data-end=\"3509\">El conector\/enchufe de bater\u00eda Anderson Power SB50A 600V ofrece alta capacidad de corriente y est\u00e1 especialmente dise\u00f1ado para conexiones de bater\u00edas de montacargas y equipos industriales. Su estructura resistente y materiales de alta calidad garantizan una larga vida \u00fatil. El c\u00f3digo de colores evita errores de conexi\u00f3n.<\/p>\n<p data-start=\"3511\" data-end=\"3690\"><strong data-start=\"3511\" data-end=\"3532\">Especificaciones:<\/strong><br data-start=\"3532\" data-end=\"3535\" \/>Modelo: SB50A<br data-start=\"3548\" data-end=\"3551\" \/>Voltaje: 600V<br data-start=\"3564\" data-end=\"3567\" \/>Color: Rojo<br data-start=\"3578\" data-end=\"3581\" \/>Uso: Montacargas, conexiones de bater\u00edas industriales<br data-start=\"3634\" data-end=\"3637\" \/>Durabilidad: Alta resistencia a impactos y desgaste<\/p>\n","protected":false},"featured_media":12707,"template":"","meta":[],"product_brand":[],"product_cat":[442,444],"product_tag":[],"class_list":{"0":"post-12701","1":"product","2":"type-product","3":"status-publish","4":"has-post-thumbnail","6":"product_cat-aku-yedek-parcalari","7":"product_cat-aku-fisi","9":"first","10":"instock","11":"taxable","12":"shipping-taxable","13":"purchasable","14":"product-type-simple"},"_links":{"self":[{"href":"https:\/\/ceoparts.com\/es\/wp-json\/wp\/v2\/product\/12701","targetHints":{"allow":["GET"]}}],"collection":[{"href":"https:\/\/ceoparts.com\/es\/wp-json\/wp\/v2\/product"}],"about":[{"href":"https:\/\/ceoparts.com\/es\/wp-json\/wp\/v2\/types\/product"}],"wp:featuredmedia":[{"embeddable":true,"href":"https:\/\/ceoparts.com\/es\/wp-json\/wp\/v2\/media\/12707"}],"wp:attachment":[{"href":"https:\/\/ceoparts.com\/es\/wp-json\/wp\/v2\/media?parent=12701"}],"wp:term":[{"taxonomy":"product_brand","embeddable":true,"href":"https:\/\/ceoparts.com\/es\/wp-json\/wp\/v2\/product_brand?post=12701"},{"taxonomy":"product_cat","embeddable":true,"href":"https:\/\/ceoparts.com\/es\/wp-json\/wp\/v2\/product_cat?post=12701"},{"taxonomy":"product_tag","embeddable":true,"href":"https:\/\/ceoparts.com\/es\/wp-json\/wp\/v2\/product_tag?post=12701"}],"curies":[{"name":"wp","href":"https:\/\/api.w.org\/{rel}","templated":true}]}}